{"id":2447,"date":"2023-09-12T18:53:16","date_gmt":"2023-09-12T18:53:16","guid":{"rendered":"https:\/\/floortjevanloon.nl\/politique-de-confidentialite\/"},"modified":"2026-02-18T08:46:10","modified_gmt":"2026-02-18T08:46:10","slug":"politique-de-confidentialite","status":"publish","type":"page","link":"https:\/\/floortjevanloon.nl\/fr\/politique-de-confidentialite\/","title":{"rendered":"Politique de confidentialit\u00e9"},"content":{"rendered":"<section  class='av_textblock_section av-31o5-03de54198ed298f323320376acc6fcc7 '   itemscope=\"itemscope\" itemtype=\"https:\/\/schema.org\/CreativeWork\" ><div class='avia_textblock'  itemprop=\"text\" ><p>Qui sommes-nous ?<\/p>\n<p><strong class=\"privacy-policy-tutorial\">Texte sugg\u00e9r\u00e9 : <\/strong>L&rsquo;adresse de notre site est : https:\/\/floortjevanloon.nl.<\/p>\n<p>Commentaires<\/p>\n<p><strong class=\"privacy-policy-tutorial\">Texte sugg\u00e9r\u00e9 : <\/strong>Lorsque les visiteurs laissent des commentaires sur le site, nous collectons les donn\u00e9es figurant dans le formulaire de commentaire, l&rsquo;adresse IP du visiteur et l&rsquo;agent utilisateur du navigateur pour nous aider \u00e0 d\u00e9tecter les spams.<\/p>\n<p>Une cha\u00eene anonyme cr\u00e9\u00e9e \u00e0 partir de votre adresse \u00e9lectronique (\u00e9galement appel\u00e9e \u00a0\u00bbhash\u00a0\u00bb) peut \u00eatre envoy\u00e9e au service Gravatar si vous l&rsquo;utilisez. La page relative \u00e0 la politique de confidentialit\u00e9 du service Gravatar se trouve \u00e0 l&rsquo;adresse suivante : https:\/\/automattic.com\/privacy\/. Une fois votre commentaire approuv\u00e9, votre photo de profil sera visible publiquement dans le contexte de votre commentaire.<\/p>\n<p>Les m\u00e9dias<\/p>\n<p><strong class=\"privacy-policy-tutorial\">Texte sugg\u00e9r\u00e9 : <\/strong>Si vous \u00eates un utilisateur enregistr\u00e9 et que vous t\u00e9l\u00e9chargez des images sur le site, vous devez \u00e9viter de t\u00e9l\u00e9charger des images contenant des donn\u00e9es EXIF de localisation GPS. Les visiteurs du site peuvent t\u00e9l\u00e9charger des images du site et consulter les d\u00e9tails de l&#8217;emplacement.<\/p>\n<p>Cookies<\/p>\n<p><strong class=\"privacy-policy-tutorial\">Texte sugg\u00e9r\u00e9 : <\/strong>Lorsque vous laissez un commentaire sur notre site, vous pouvez indiquer si votre nom, votre adresse e-mail et votre site peuvent \u00eatre stock\u00e9s dans un cookie. Nous le faisons pour vous faciliter la t\u00e2che, afin que vous n&rsquo;ayez pas \u00e0 saisir \u00e0 nouveau ces informations pour un nouveau commentaire. Ces cookies sont valables pendant un an.<\/p>\n<p>Si vous visitez notre page de connexion, nous stockons un cookie temporaire pour v\u00e9rifier si votre navigateur accepte les cookies. Ce cookie ne contient aucune donn\u00e9e personnelle et est supprim\u00e9 d\u00e8s que vous fermez votre navigateur.<\/p>\n<p>Lorsque vous vous connectez, nous stockons certains cookies li\u00e9s \u00e0 vos informations de connexion et aux options d&rsquo;affichage de l&rsquo;\u00e9cran. Les cookies de connexion sont valables pendant 2 jours et les cookies pour les options d&rsquo;affichage d&rsquo;\u00e9cran pendant 1 an. Si vous s\u00e9lectionnez \u00a0\u00bbSe souvenir de moi\u00a0\u00bb, votre login sera sauvegard\u00e9 pendant 2 semaines. Lorsque vous vous d\u00e9connectez de votre compte, les cookies de connexion sont supprim\u00e9s.<\/p>\n<p>Lorsque vous modifiez ou publiez un article, un cookie suppl\u00e9mentaire est stock\u00e9 par votre navigateur. Ce cookie ne contient aucune donn\u00e9e personnelle et conserve uniquement l&rsquo;identifiant de l&rsquo;article que vous avez \u00e9dit\u00e9. Ce cookie expire apr\u00e8s un jour.<\/p>\n<p>Contenu int\u00e9gr\u00e9 d&rsquo;autres sites<\/p>\n<p><strong class=\"privacy-policy-tutorial\">Texte sugg\u00e9r\u00e9 : <\/strong>Les articles publi\u00e9s sur ce site peuvent contenir du contenu int\u00e9gr\u00e9 (par exemple des vid\u00e9os, des images, des messages, etc.). Le contenu incorpor\u00e9 provenant d&rsquo;autres sites se comporte exactement comme si le visiteur avait visit\u00e9 cet autre site.<\/p>\n<p>Ces sites peuvent collecter des donn\u00e9es vous concernant, utiliser des cookies, int\u00e9grer un suivi suppl\u00e9mentaire par des tiers et surveiller votre interaction avec ce contenu int\u00e9gr\u00e9, y compris l&rsquo;enregistrement de votre interaction avec le contenu int\u00e9gr\u00e9 si vous avez un compte et que vous \u00eates connect\u00e9 \u00e0 ce site.<\/p>\n<p>Avec qui nous partageons vos donn\u00e9es<\/p>\n<p><strong class=\"privacy-policy-tutorial\">Texte sugg\u00e9r\u00e9 : <\/strong>Si vous demandez une r\u00e9initialisation de votre mot de passe, votre adresse IP sera incluse dans l&rsquo;e-mail de r\u00e9initialisation.<\/p>\n<p>Dur\u00e9e de conservation des donn\u00e9es<\/p>\n<p><strong class=\"privacy-policy-tutorial\">Texte propos\u00e9 : <\/strong>Lorsque vous laissez un commentaire, ce commentaire et ses m\u00e9tadonn\u00e9es sont sauvegard\u00e9s pour toujours. De cette fa\u00e7on, nous pouvons reconna\u00eetre et approuver automatiquement les commentaires de suivi au lieu de devoir les mod\u00e9rer.<\/p>\n<p>Pour les utilisateurs qui s&rsquo;inscrivent sur notre site (le cas \u00e9ch\u00e9ant), nous stockons \u00e9galement les informations personnelles qu&rsquo;ils fournissent dans leur profil d&rsquo;utilisateur. Tous les utilisateurs peuvent consulter, modifier ou supprimer leurs informations personnelles \u00e0 tout moment (sauf qu&rsquo;ils ne peuvent pas changer leur nom d&rsquo;utilisateur). Les administrateurs du site peuvent \u00e9galement consulter et modifier ces informations.<\/p>\n<p>Quels sont les droits dont vous disposez sur vos donn\u00e9es ?<\/p>\n<p><strong class=\"privacy-policy-tutorial\">Texte sugg\u00e9r\u00e9 : <\/strong>Si vous avez un compte sur ce site ou si vous avez laiss\u00e9 des commentaires, vous pouvez demander un fichier d&rsquo;exportation des donn\u00e9es personnelles que nous d\u00e9tenons \u00e0 votre sujet, y compris les donn\u00e9es que vous nous avez fournies. Vous pouvez \u00e9galement nous demander de supprimer toutes les donn\u00e9es personnelles que nous d\u00e9tenons \u00e0 votre sujet. Cela n&rsquo;inclut pas les donn\u00e9es que nous sommes tenus de conserver \u00e0 des fins administratives, juridiques ou de s\u00e9curit\u00e9.<\/p>\n<p>O\u00f9 vos donn\u00e9es seront-elles envoy\u00e9es ?<\/p>\n<p><strong class=\"privacy-policy-tutorial\">Texte sugg\u00e9r\u00e9 : <\/strong>Les r\u00e9ponses des visiteurs peuvent \u00eatre contr\u00f4l\u00e9es par un service automatis\u00e9 de d\u00e9tection des spams.<\/p>\n<\/div><\/section>\n","protected":false},"excerpt":{"rendered":"","protected":false},"author":1,"featured_media":0,"parent":0,"menu_order":0,"comment_status":"closed","ping_status":"closed","template":"","meta":{"footnotes":""},"class_list":["post-2447","page","type-page","status-publish","hentry"],"_links":{"self":[{"href":"https:\/\/floortjevanloon.nl\/fr\/wp-json\/wp\/v2\/pages\/2447","targetHints":{"allow":["GET"]}}],"collection":[{"href":"https:\/\/floortjevanloon.nl\/fr\/wp-json\/wp\/v2\/pages"}],"about":[{"href":"https:\/\/floortjevanloon.nl\/fr\/wp-json\/wp\/v2\/types\/page"}],"author":[{"embeddable":true,"href":"https:\/\/floortjevanloon.nl\/fr\/wp-json\/wp\/v2\/users\/1"}],"replies":[{"embeddable":true,"href":"https:\/\/floortjevanloon.nl\/fr\/wp-json\/wp\/v2\/comments?post=2447"}],"version-history":[{"count":0,"href":"https:\/\/floortjevanloon.nl\/fr\/wp-json\/wp\/v2\/pages\/2447\/revisions"}],"wp:attachment":[{"href":"https:\/\/floortjevanloon.nl\/fr\/wp-json\/wp\/v2\/media?parent=2447"}],"curies":[{"name":"wp","href":"https:\/\/api.w.org\/{rel}","templated":true}]}}