{"id":2306,"date":"2023-12-21T11:09:55","date_gmt":"2023-12-21T11:09:55","guid":{"rendered":"https:\/\/floortjevanloon.nl\/jeu-suspendu\/"},"modified":"2026-04-21T09:38:06","modified_gmt":"2026-04-21T09:38:06","slug":"jeu-suspendu","status":"publish","type":"page","link":"https:\/\/floortjevanloon.nl\/fr\/jeu-suspendu\/","title":{"rendered":"Pendaison sauvage Hengelo"},"content":{"rendered":"<div id='recent'  class='av-layout-grid-container av-ahgaek-3ec57f06fc0db8e986033c7f4be3c801 entry-content-wrapper main_color av-flex-cells  avia-builder-el-0  avia-builder-el-no-sibling  av-cell-min-height av-cell-min-height-100  container_wrap sidebar_left'   data-av_minimum_height_pc='100'>\n\n<style type=\"text\/css\" data-created_by=\"avia_inline_auto\" id=\"style-css-av-ac9es4-7336c980fc177dd6850a867b58ee7008\">\n.flex_cell.av-ac9es4-7336c980fc177dd6850a867b58ee7008{\nvertical-align:middle;\n}\n.responsive #top #wrap_all .flex_cell.av-ac9es4-7336c980fc177dd6850a867b58ee7008{\npadding:100px 30px 30px 30px !important;\n}\n<\/style>\n<div class='flex_cell av-ac9es4-7336c980fc177dd6850a867b58ee7008 av-gridrow-cell av_one_half no_margin  avia-builder-el-1  el_before_av_cell_one_half  avia-builder-el-first  content-align-middle avia-full-contain'  ><div class='flex_cell_inner'><p>\n<style type=\"text\/css\" data-created_by=\"avia_inline_auto\" id=\"style-css-av-a598uk-f4b1597ef50952cb7b984f31cee3c0ff\">\n#top .av-special-heading.av-a598uk-f4b1597ef50952cb7b984f31cee3c0ff{\npadding-bottom:0;\ncolor:#020202;\nfont-size:60px;\n}\nbody .av-special-heading.av-a598uk-f4b1597ef50952cb7b984f31cee3c0ff .av-special-heading-tag .heading-char{\nfont-size:25px;\n}\n#top #wrap_all .av-special-heading.av-a598uk-f4b1597ef50952cb7b984f31cee3c0ff .av-special-heading-tag{\nfont-size:60px;\n}\n.av-special-heading.av-a598uk-f4b1597ef50952cb7b984f31cee3c0ff .special-heading-inner-border{\nborder-color:#020202;\n}\n.av-special-heading.av-a598uk-f4b1597ef50952cb7b984f31cee3c0ff .av-subheading{\nfont-size:15px;\n}\n\n@media only screen and (min-width: 480px) and (max-width: 767px){ \n#top #wrap_all .av-special-heading.av-a598uk-f4b1597ef50952cb7b984f31cee3c0ff .av-special-heading-tag{\nfont-size:0.8em;\n}\n}\n\n@media only screen and (max-width: 479px){ \n#top #wrap_all .av-special-heading.av-a598uk-f4b1597ef50952cb7b984f31cee3c0ff .av-special-heading-tag{\nfont-size:0.8em;\n}\n}\n<\/style>\n<div  class='av-special-heading av-a598uk-f4b1597ef50952cb7b984f31cee3c0ff av-special-heading-h1 custom-color-heading blockquote modern-quote modern-centered  avia-builder-el-2  el_before_av_hr  avia-builder-el-first  av-inherit-size'><h1 class='av-special-heading-tag '  itemprop=\"headline\"  >Ode au port de Hengelo<\/h1><div class=\"special-heading-border\"><div class=\"special-heading-inner-border\"><\/div><\/div><\/div><br \/>\n\n<style type=\"text\/css\" data-created_by=\"avia_inline_auto\" id=\"style-css-av-a33w4k-d152f91e4444795fa792e6bbe106ce37\">\n#top .hr.av-a33w4k-d152f91e4444795fa792e6bbe106ce37{\nmargin-top:30px;\nmargin-bottom:30px;\n}\n.hr.av-a33w4k-d152f91e4444795fa792e6bbe106ce37 .hr-inner{\nwidth:50px;\nborder-color:#ffffff;\n}\n<\/style>\n<div  class='hr av-a33w4k-d152f91e4444795fa792e6bbe106ce37 hr-custom  avia-builder-el-3  el_after_av_heading  el_before_av_textblock  hr-center hr-icon-no'><span class='hr-inner inner-border-av-border-fat'><span class=\"hr-inner-style\"><\/span><\/span><\/div><br \/>\n\n<style type=\"text\/css\" data-created_by=\"avia_inline_auto\" id=\"style-css-av-9s8o0s-1b5dc935964ed64ad71013c07d6069df\">\n#top .av_textblock_section.av-9s8o0s-1b5dc935964ed64ad71013c07d6069df .avia_textblock{\nfont-size:16px;\ncolor:#000000;\n}\n<\/style>\n<section  class='av_textblock_section av-9s8o0s-1b5dc935964ed64ad71013c07d6069df '   itemscope=\"itemscope\" itemtype=\"https:\/\/schema.org\/CreativeWork\" ><div class='avia_textblock av_inherit_color'  itemprop=\"text\" ><p>La soir\u00e9e d&rsquo;ouverture a \u00e9t\u00e9 un grand succ\u00e8s<\/p>\n<p>L&rsquo;Ode au port peut \u00eatre visit\u00e9e du 10 d\u00e9cembre 2023 au 7 janvier 2024.<\/p>\n<p>Intitul\u00e9e \u00a0\u00bbOde au port\u00a0\u00bb, l&rsquo;exposition Wildhanging 2023 a \u00e9t\u00e9 organis\u00e9e par <a href=\"http:\/\/nachtvandehaven.nl\">nachtvandehaven.nl<\/a> en collaboration avec M\u00f6llerwerf Hengelo.<\/p>\n<p>Le 9 d\u00e9cembre, l&rsquo;exposition a \u00e9t\u00e9 inaugur\u00e9e par l&rsquo;\u00e9chevin de la culture de Hengelo, Marie Jose Luttikholt.<\/p>\n<p>144 artistes de la r\u00e9gion participent \u00e0 l&rsquo;Ode au port.<\/p>\n<p>C&rsquo;est en toute convivialit\u00e9 que les \u0153uvres de tous les artistes participants ont \u00e9t\u00e9 accroch\u00e9es le vendredi 8 d\u00e9cembre. Certains travaillaient seuls, d&rsquo;autres s&rsquo;entraidaient. En participant, vous vous engagez \u00e0 accrocher vos propres \u0153uvres. Les blocs gris destin\u00e9s \u00e0 l&rsquo;accrochage des \u0153uvres sont pr\u00eats. Il y avait cinq socles et les murs ext\u00e9rieurs permettaient \u00e9galement d&rsquo;accrocher des \u0153uvres. L&rsquo;atmosph\u00e8re \u00e9tait d\u00e9contract\u00e9e. Les deux journ\u00e9es ont \u00e9t\u00e9 un succ\u00e8s.<\/p>\n<p>Avant l&rsquo;ouverture, la pr\u00e9sidente Irma Bruggeman a annonc\u00e9 que le ST047PK avait re\u00e7u un montant substantiel de subventions qui peuvent \u00eatre utilis\u00e9es pour r\u00e9aliser un grand nombre de choses, y compris des programmes d&rsquo;\u00e9ducation pour les jeunes.<\/p>\n<p>Apr\u00e8s l&rsquo;inauguration, l&rsquo;\u00e9mission \u00a0\u00bbStars on the Canvas\u00a0\u00bb a \u00e9t\u00e9 diffus\u00e9e au cours de la soir\u00e9e. Les invit\u00e9s se sont rassembl\u00e9s devant la sculpture de projection et ont suivi Renske Schild, une candidate li\u00e9e \u00e0 M\u00f6llerwerf, qui \u00e9tait en comp\u00e9tition avec deux autres artistes pour la premi\u00e8re place dans le programme t\u00e9l\u00e9vis\u00e9. Le tout \u00e0 un rythme calme et contr\u00f4l\u00e9. C&rsquo;est Renske qui a remport\u00e9 la victoire, son \u0153uvre ayant \u00e9t\u00e9 choisie par Johanna ter Stege, qui avait servi de mod\u00e8le pour un portrait et avait racont\u00e9 quelques \u00e9l\u00e9ments de sa vie personnelle \u00e0 l&rsquo;intervieweur \u00d6zcan Akyol.<\/p>\n<p>Ouvert : le samedi et le dimanche de 12h30 \u00e0 18h30. Ferm\u00e9 les jours f\u00e9ri\u00e9s.<\/p>\n<\/div><\/section><br \/>\n\n<style type=\"text\/css\" data-created_by=\"avia_inline_auto\" id=\"style-css-av-9o6el8-9275d918e953ba0a73fa933b5469ba09\">\n#top .hr.hr-invisible.av-9o6el8-9275d918e953ba0a73fa933b5469ba09{\nheight:15px;\n}\n<\/style>\n<div  class='hr av-9o6el8-9275d918e953ba0a73fa933b5469ba09 hr-invisible  avia-builder-el-5  el_after_av_textblock  el_before_av_masonry_gallery  avia-builder-el-last '><span class='hr-inner '><span class=\"hr-inner-style\"><\/span><\/span><\/div><br \/>\n<br \/>\n\n<style type=\"text\/css\" data-created_by=\"avia_inline_auto\" id=\"style-css-av-9ev558-7adda69fab7d3da6a76f458c68d858e6\">\n#top .hr.hr-invisible.av-9ev558-7adda69fab7d3da6a76f458c68d858e6{\nheight:10px;\n}\n<\/style>\n<div  class='hr av-9ev558-7adda69fab7d3da6a76f458c68d858e6 hr-invisible  avia-builder-el-7  el_after_av_masonry_gallery  avia-builder-el-no-sibling '><span class='hr-inner '><span class=\"hr-inner-style\"><\/span><\/span><\/div><\/p>\n<\/div><\/div>\n<style type=\"text\/css\" data-created_by=\"avia_inline_auto\" id=\"style-css-av-95dk2s-1b40e96b0102796dedf4e1073b789960\">\n.flex_cell.av-95dk2s-1b40e96b0102796dedf4e1073b789960{\nvertical-align:middle;\nbackground:url(https:\/\/floortjevanloon.nl\/wp-content\/uploads\/2023\/12\/408816172_1762604840922853_2134942334452848665_n-300x225.png) 100% 50% no-repeat fixed ;\n}\n.responsive #top #wrap_all .flex_cell.av-95dk2s-1b40e96b0102796dedf4e1073b789960{\npadding:100px 100px 100px 100px !important;\n}\n<\/style>\n<div class='flex_cell av-95dk2s-1b40e96b0102796dedf4e1073b789960 av-gridrow-cell av_one_half no_margin av-hide-on-mobile  avia-builder-el-8  el_after_av_cell_one_half  avia-builder-el-last  content-align-middle avia-full-contain'  ><div class='flex_cell_inner'><\/div><\/div><\/div>\n","protected":false},"excerpt":{"rendered":"","protected":false},"author":1,"featured_media":0,"parent":0,"menu_order":0,"comment_status":"closed","ping_status":"closed","template":"","meta":{"footnotes":""},"class_list":["post-2306","page","type-page","status-publish","hentry"],"_links":{"self":[{"href":"https:\/\/floortjevanloon.nl\/fr\/wp-json\/wp\/v2\/pages\/2306","targetHints":{"allow":["GET"]}}],"collection":[{"href":"https:\/\/floortjevanloon.nl\/fr\/wp-json\/wp\/v2\/pages"}],"about":[{"href":"https:\/\/floortjevanloon.nl\/fr\/wp-json\/wp\/v2\/types\/page"}],"author":[{"embeddable":true,"href":"https:\/\/floortjevanloon.nl\/fr\/wp-json\/wp\/v2\/users\/1"}],"replies":[{"embeddable":true,"href":"https:\/\/floortjevanloon.nl\/fr\/wp-json\/wp\/v2\/comments?post=2306"}],"version-history":[{"count":9,"href":"https:\/\/floortjevanloon.nl\/fr\/wp-json\/wp\/v2\/pages\/2306\/revisions"}],"predecessor-version":[{"id":21168,"href":"https:\/\/floortjevanloon.nl\/fr\/wp-json\/wp\/v2\/pages\/2306\/revisions\/21168"}],"wp:attachment":[{"href":"https:\/\/floortjevanloon.nl\/fr\/wp-json\/wp\/v2\/media?parent=2306"}],"curies":[{"name":"wp","href":"https:\/\/api.w.org\/{rel}","templated":true}]}}