{"id":2279,"date":"2023-11-14T11:13:31","date_gmt":"2023-11-14T11:13:31","guid":{"rendered":"https:\/\/floortjevanloon.nl\/zuiderhagen\/"},"modified":"2026-04-20T09:45:00","modified_gmt":"2026-04-20T09:45:00","slug":"zuiderhagen","status":"publish","type":"page","link":"https:\/\/floortjevanloon.nl\/fr\/zuiderhagen\/","title":{"rendered":"Zuiderhagen Enschede"},"content":{"rendered":"<div id='recent'  class='av-layout-grid-container av-ahgaek-3ec57f06fc0db8e986033c7f4be3c801 entry-content-wrapper main_color av-flex-cells  avia-builder-el-0  avia-builder-el-no-sibling  av-cell-min-height av-cell-min-height-100  container_wrap sidebar_left'   data-av_minimum_height_pc='100'>\n\n<style type=\"text\/css\" data-created_by=\"avia_inline_auto\" id=\"style-css-av-ac9es4-7336c980fc177dd6850a867b58ee7008\">\n.flex_cell.av-ac9es4-7336c980fc177dd6850a867b58ee7008{\nvertical-align:middle;\n}\n.responsive #top #wrap_all .flex_cell.av-ac9es4-7336c980fc177dd6850a867b58ee7008{\npadding:100px 30px 30px 30px !important;\n}\n<\/style>\n<div class='flex_cell av-ac9es4-7336c980fc177dd6850a867b58ee7008 av-gridrow-cell av_one_half no_margin  avia-builder-el-1  el_before_av_cell_one_half  avia-builder-el-first  content-align-middle avia-full-contain'  ><div class='flex_cell_inner'><p>\n<style type=\"text\/css\" data-created_by=\"avia_inline_auto\" id=\"style-css-av-a598uk-65f7787ccdedd21fd06d0f6546d5e2d2\">\n#top .av-special-heading.av-a598uk-65f7787ccdedd21fd06d0f6546d5e2d2{\npadding-bottom:0;\ncolor:#020202;\nfont-size:60px;\n}\nbody .av-special-heading.av-a598uk-65f7787ccdedd21fd06d0f6546d5e2d2 .av-special-heading-tag .heading-char{\nfont-size:25px;\n}\n#top #wrap_all .av-special-heading.av-a598uk-65f7787ccdedd21fd06d0f6546d5e2d2 .av-special-heading-tag{\nfont-size:60px;\n}\n.av-special-heading.av-a598uk-65f7787ccdedd21fd06d0f6546d5e2d2 .special-heading-inner-border{\nborder-color:#020202;\n}\n.av-special-heading.av-a598uk-65f7787ccdedd21fd06d0f6546d5e2d2 .av-subheading{\nfont-size:15px;\n}\n\n@media only screen and (min-width: 480px) and (max-width: 767px){ \n#top #wrap_all .av-special-heading.av-a598uk-65f7787ccdedd21fd06d0f6546d5e2d2 .av-special-heading-tag{\nfont-size:0.8em;\n}\n}\n\n@media only screen and (max-width: 479px){ \n#top #wrap_all .av-special-heading.av-a598uk-65f7787ccdedd21fd06d0f6546d5e2d2 .av-special-heading-tag{\nfont-size:0.8em;\n}\n}\n<\/style>\n<div  class='av-special-heading av-a598uk-65f7787ccdedd21fd06d0f6546d5e2d2 av-special-heading-h1 custom-color-heading blockquote modern-quote modern-centered  avia-builder-el-2  el_before_av_hr  avia-builder-el-first  av-inherit-size'><h1 class='av-special-heading-tag '  itemprop=\"headline\"  >Galerie en plein air Zuiderhagen Enschede<\/h1><div class=\"special-heading-border\"><div class=\"special-heading-inner-border\"><\/div><\/div><\/div><br \/>\n\n<style type=\"text\/css\" data-created_by=\"avia_inline_auto\" id=\"style-css-av-a33w4k-d152f91e4444795fa792e6bbe106ce37\">\n#top .hr.av-a33w4k-d152f91e4444795fa792e6bbe106ce37{\nmargin-top:30px;\nmargin-bottom:30px;\n}\n.hr.av-a33w4k-d152f91e4444795fa792e6bbe106ce37 .hr-inner{\nwidth:50px;\nborder-color:#ffffff;\n}\n<\/style>\n<div  class='hr av-a33w4k-d152f91e4444795fa792e6bbe106ce37 hr-custom  avia-builder-el-3  el_after_av_heading  el_before_av_textblock  hr-center hr-icon-no'><span class='hr-inner inner-border-av-border-fat'><span class=\"hr-inner-style\"><\/span><\/span><\/div><br \/>\n\n<style type=\"text\/css\" data-created_by=\"avia_inline_auto\" id=\"style-css-av-9s8o0s-69c8edc22282843abdcfa5d69e9bbbc0\">\n#top .av_textblock_section.av-9s8o0s-69c8edc22282843abdcfa5d69e9bbbc0 .avia_textblock{\nfont-size:16px;\ncolor:#000000;\n}\n<\/style>\n<section  class='av_textblock_section av-9s8o0s-69c8edc22282843abdcfa5d69e9bbbc0 '   itemscope=\"itemscope\" itemtype=\"https:\/\/schema.org\/CreativeWork\" ><div class='avia_textblock av_inherit_color'  itemprop=\"text\" ><p style=\"margin: 5pt 0cm 0.0001pt 36pt; text-align: center;\">\n<p>Galerie en plein air de Zuiderhagen<\/p>\n<p>Mon art dans les espaces publics.<\/p>\n<p>Le 10 novembre, Dennis et moi nous sommes rendus \u00e0 la gare d&rsquo;Almelo pour prendre le train en direction d&rsquo;Enschede.<br \/>\nNous \u00e9tions sur le point de d\u00e9voiler mes grandes \u0153uvres accroch\u00e9es au Zuiderhagen \u00e0 Enschede et de porter un toast. Soudain, Dennis s&rsquo;\u00e9crie : Floortje, l&rsquo;ascenseur qui m\u00e8ne au quai est en panne.<br \/>\nJ&rsquo;ai pens\u00e9 : \u00e7a y est, je suis sur le scooter de mobilit\u00e9. Dennis a eu, tout de suite, l&rsquo;inspiration : vite, on va \u00e0 la gare d&rsquo;Almelo de Riet et on y prend le train.  Il s&rsquo;est mis \u00e0 pleuvoir.<br \/>\nHeureusement, la gare \u00e9tait proche. Dans un train BlueNet merveilleusement chauff\u00e9, nous sommes arriv\u00e9s \u00e0 Enschede et avons trouv\u00e9 Rein Kroes qui nous attendait d\u00e9j\u00e0. Il est l&rsquo;organisateur de l&rsquo;\u00e9v\u00e9nement \u00a0\u00bbgalerie \u00e0 ciel ouvert\u00a0\u00bb, qui illumine le b\u00e2timent KPN depuis 2016 avec de grandes \u0153uvres gonfl\u00e9es d&rsquo;artistes utilisant le m\u00e9dium de la photographie. Il attendait seul en face de la librairie Broekhuis. Nous avions d\u00e9j\u00e0 vu le plus grand portrait, \u00a0\u00bbla fille derri\u00e8re la fen\u00eatre\u00a0\u00bb.<\/p>\n<p>Nous sommes entr\u00e9s tous les trois \u00e0 Zuiderhagen et nous avons admir\u00e9 ce beau et bon r\u00e9sultat. C&rsquo;est l&rsquo;objectif que je me suis fix\u00e9 depuis que j&rsquo;ai commenc\u00e9 \u00e0 travailler avec des collages num\u00e9riques et \u00e0 travailler en grand format. Nous avons discut\u00e9 de la qualit\u00e9 de la nettet\u00e9, pris quelques photos rapides et \u00e9cout\u00e9 les commentaires des passants et des cyclistes.<\/p>\n<p>Apr\u00e8s ce jugement et ce plaisir, nous nous sommes dirig\u00e9s vers le Caf\u00e9 The Bulwark et avons port\u00e9 un toast \u00e0 mon travail et \u00e0 la bonne et rapide coop\u00e9ration. C&rsquo;\u00e9tait tr\u00e8s amusant.<\/p>\n<p>Je dirai : tout le monde vient \u00e0 Enschede pour voir la beaut\u00e9 et le grand art des miens dans les espaces publics.<\/p>\n<p>Le site est facilement accessible \u00e0 pied depuis la gare. Mon \u0153uvre y est accroch\u00e9e jusqu&rsquo;\u00e0 la fin du mois de mai 2024. Et quand vous y \u00eates, vous avez beaucoup de plaisir \u00e0 regarder.<\/p>\n<\/div><\/section><br \/>\n\n<style type=\"text\/css\" data-created_by=\"avia_inline_auto\" id=\"style-css-av-9o6el8-17915858e733939e6f90a4b15557b518\">\n#top .hr.hr-invisible.av-9o6el8-17915858e733939e6f90a4b15557b518{\nheight:10px;\n}\n<\/style>\n<div  class='hr av-9o6el8-17915858e733939e6f90a4b15557b518 hr-invisible  avia-builder-el-5  el_after_av_textblock  el_before_av_masonry_gallery  avia-builder-el-last '><span class='hr-inner '><span class=\"hr-inner-style\"><\/span><\/span><\/div><br \/>\n<div id='av-masonry-1' class='av-masonry av-9io60k-b65f7ada778b43a242abb9e60476f7d4 noHover av-fixed-size av-large-gap av-hover-overlay- av-masonry-animation-active av-masonry-col-3 av-caption-always av-caption-style-overlay av-masonry-gallery av-orientation-square ' data-post_id=\"2279\"><div class=\"av-masonry-container isotope av-js-disabled\"><div class='av-masonry-entry isotope-item av-masonry-item-no-image '><\/div><a href=\"https:\/\/floortjevanloon.nl\/wp-content\/uploads\/2023\/11\/09766_n.png\" data-srcset=\"https:\/\/floortjevanloon.nl\/wp-content\/uploads\/2023\/11\/09766_n.png 889w, https:\/\/floortjevanloon.nl\/wp-content\/uploads\/2023\/11\/09766_n-300x169.png 300w, https:\/\/floortjevanloon.nl\/wp-content\/uploads\/2023\/11\/09766_n-768x432.png 768w, https:\/\/floortjevanloon.nl\/wp-content\/uploads\/2023\/11\/09766_n-705x397.png 705w\" data-sizes=\"(max-width: 889px) 100vw, 889px\"  aria-label=\"image image sans titre\"  id='av-masonry-1-item-2287' data-av-masonry-item='2287' class='av-masonry-entry isotope-item post-2287 attachment type-attachment status-inherit hentry  av-masonry-item-with-image' title=\"\" alt=\"\"    itemprop=\"thumbnailUrl\" ><div class='av-inner-masonry-sizer'><\/div><figure class='av-inner-masonry main_color'><div class=\"av-masonry-outerimage-container\"><div class='av-masonry-image-container' style=\"background-image: url(https:\/\/floortjevanloon.nl\/wp-content\/uploads\/2023\/11\/09766_n-705x397.png);\" ><\/div><\/div><figcaption class='av-inner-masonry-content site-background'><div class='av-inner-masonry-content-pos'><div class='av-inner-masonry-content-pos-content'><div class='avia-arrow'><\/div><h3 class='av-masonry-entry-title entry-title '  itemprop=\"headline\" ><\/h3><\/div><\/div><\/figcaption><\/figure><\/a><!--end av-masonry entry--><a href=\"https:\/\/floortjevanloon.nl\/wp-content\/uploads\/2023\/11\/FB_IMG_1699695962340.png\" data-srcset=\"https:\/\/floortjevanloon.nl\/wp-content\/uploads\/2023\/11\/FB_IMG_1699695962340.png 757w, https:\/\/floortjevanloon.nl\/wp-content\/uploads\/2023\/11\/FB_IMG_1699695962340-300x198.png 300w, https:\/\/floortjevanloon.nl\/wp-content\/uploads\/2023\/11\/FB_IMG_1699695962340-705x466.png 705w\" data-sizes=\"(max-width: 757px) 100vw, 757px\"  aria-label=\"image image sans titre\"  id='av-masonry-1-item-2289' data-av-masonry-item='2289' class='av-masonry-entry isotope-item post-2289 attachment type-attachment status-inherit hentry  av-masonry-item-with-image' title=\"\" alt=\"\"    itemprop=\"thumbnailUrl\" ><div class='av-inner-masonry-sizer'><\/div><figure class='av-inner-masonry main_color'><div class=\"av-masonry-outerimage-container\"><div class='av-masonry-image-container' style=\"background-image: url(https:\/\/floortjevanloon.nl\/wp-content\/uploads\/2023\/11\/FB_IMG_1699695962340-705x466.png);\" ><\/div><\/div><figcaption class='av-inner-masonry-content site-background'><div class='av-inner-masonry-content-pos'><div class='av-inner-masonry-content-pos-content'><div class='avia-arrow'><\/div><h3 class='av-masonry-entry-title entry-title '  itemprop=\"headline\" ><\/h3><\/div><\/div><\/figcaption><\/figure><\/a><!--end av-masonry entry--><a href=\"https:\/\/floortjevanloon.nl\/wp-content\/uploads\/2023\/11\/IMG_20231110_160639.png\" data-srcset=\"https:\/\/floortjevanloon.nl\/wp-content\/uploads\/2023\/11\/IMG_20231110_160639.png 1000w, https:\/\/floortjevanloon.nl\/wp-content\/uploads\/2023\/11\/IMG_20231110_160639-300x150.png 300w, https:\/\/floortjevanloon.nl\/wp-content\/uploads\/2023\/11\/IMG_20231110_160639-768x384.png 768w, https:\/\/floortjevanloon.nl\/wp-content\/uploads\/2023\/11\/IMG_20231110_160639-705x353.png 705w\" data-sizes=\"(max-width: 1000px) 100vw, 1000px\"  aria-label=\"image image sans titre\"  id='av-masonry-1-item-2290' data-av-masonry-item='2290' class='av-masonry-entry isotope-item post-2290 attachment type-attachment status-inherit hentry  av-masonry-item-with-image' title=\"\" alt=\"\"    itemprop=\"thumbnailUrl\" ><div class='av-inner-masonry-sizer'><\/div><figure class='av-inner-masonry main_color'><div class=\"av-masonry-outerimage-container\"><div class='av-masonry-image-container' style=\"background-image: url(https:\/\/floortjevanloon.nl\/wp-content\/uploads\/2023\/11\/IMG_20231110_160639-705x353.png);\" ><\/div><\/div><figcaption class='av-inner-masonry-content site-background'><div class='av-inner-masonry-content-pos'><div class='av-inner-masonry-content-pos-content'><div class='avia-arrow'><\/div><h3 class='av-masonry-entry-title entry-title '  itemprop=\"headline\" ><\/h3><\/div><\/div><\/figcaption><\/figure><\/a><!--end av-masonry entry--><a href=\"https:\/\/floortjevanloon.nl\/wp-content\/uploads\/2023\/11\/IMG_20231110_160940.png\" data-srcset=\"https:\/\/floortjevanloon.nl\/wp-content\/uploads\/2023\/11\/IMG_20231110_160940.png 1000w, https:\/\/floortjevanloon.nl\/wp-content\/uploads\/2023\/11\/IMG_20231110_160940-300x150.png 300w, https:\/\/floortjevanloon.nl\/wp-content\/uploads\/2023\/11\/IMG_20231110_160940-768x384.png 768w, https:\/\/floortjevanloon.nl\/wp-content\/uploads\/2023\/11\/IMG_20231110_160940-705x353.png 705w\" data-sizes=\"(max-width: 1000px) 100vw, 1000px\"  aria-label=\"image image sans titre\"  id='av-masonry-1-item-2291' data-av-masonry-item='2291' class='av-masonry-entry isotope-item post-2291 attachment type-attachment status-inherit hentry  av-masonry-item-with-image' title=\"\" alt=\"\"    itemprop=\"thumbnailUrl\" ><div class='av-inner-masonry-sizer'><\/div><figure class='av-inner-masonry main_color'><div class=\"av-masonry-outerimage-container\"><div class='av-masonry-image-container' style=\"background-image: url(https:\/\/floortjevanloon.nl\/wp-content\/uploads\/2023\/11\/IMG_20231110_160940-705x353.png);\" ><\/div><\/div><figcaption class='av-inner-masonry-content site-background'><div class='av-inner-masonry-content-pos'><div class='av-inner-masonry-content-pos-content'><div class='avia-arrow'><\/div><h3 class='av-masonry-entry-title entry-title '  itemprop=\"headline\" ><\/h3><\/div><\/div><\/figcaption><\/figure><\/a><!--end av-masonry entry--><a href=\"https:\/\/floortjevanloon.nl\/wp-content\/uploads\/2023\/11\/IMG20231110160616.png\" data-srcset=\"https:\/\/floortjevanloon.nl\/wp-content\/uploads\/2023\/11\/IMG20231110160616.png 500w, https:\/\/floortjevanloon.nl\/wp-content\/uploads\/2023\/11\/IMG20231110160616-225x300.png 225w\" data-sizes=\"(max-width: 500px) 100vw, 500px\"  aria-label=\"image image sans titre\"  id='av-masonry-1-item-2292' data-av-masonry-item='2292' class='av-masonry-entry isotope-item post-2292 attachment type-attachment status-inherit hentry  av-masonry-item-with-image' title=\"\" alt=\"\"    itemprop=\"thumbnailUrl\" ><div class='av-inner-masonry-sizer'><\/div><figure class='av-inner-masonry main_color'><div class=\"av-masonry-outerimage-container\"><div class='av-masonry-image-container' style=\"background-image: url(https:\/\/floortjevanloon.nl\/wp-content\/uploads\/2023\/11\/IMG20231110160616.png);\" ><\/div><\/div><figcaption class='av-inner-masonry-content site-background'><div class='av-inner-masonry-content-pos'><div class='av-inner-masonry-content-pos-content'><div class='avia-arrow'><\/div><h3 class='av-masonry-entry-title entry-title '  itemprop=\"headline\" ><\/h3><\/div><\/div><\/figcaption><\/figure><\/a><!--end av-masonry entry--><a href=\"https:\/\/floortjevanloon.nl\/wp-content\/uploads\/2023\/11\/IMG20231110160715.png\" data-srcset=\"https:\/\/floortjevanloon.nl\/wp-content\/uploads\/2023\/11\/IMG20231110160715.png 667w, https:\/\/floortjevanloon.nl\/wp-content\/uploads\/2023\/11\/IMG20231110160715-300x225.png 300w\" data-sizes=\"(max-width: 667px) 100vw, 667px\"  aria-label=\"image image sans titre\"  id='av-masonry-1-item-2293' data-av-masonry-item='2293' class='av-masonry-entry isotope-item post-2293 attachment type-attachment status-inherit hentry  av-masonry-item-with-image' title=\"\" alt=\"\"    itemprop=\"thumbnailUrl\" ><div class='av-inner-masonry-sizer'><\/div><figure class='av-inner-masonry main_color'><div class=\"av-masonry-outerimage-container\"><div class='av-masonry-image-container' style=\"background-image: url(https:\/\/floortjevanloon.nl\/wp-content\/uploads\/2023\/11\/IMG20231110160715.png);\" ><\/div><\/div><figcaption class='av-inner-masonry-content site-background'><div class='av-inner-masonry-content-pos'><div class='av-inner-masonry-content-pos-content'><div class='avia-arrow'><\/div><h3 class='av-masonry-entry-title entry-title '  itemprop=\"headline\" ><\/h3><\/div><\/div><\/figcaption><\/figure><\/a><!--end av-masonry entry--><a href=\"https:\/\/floortjevanloon.nl\/wp-content\/uploads\/2023\/11\/IMG20231110160719.png\" data-srcset=\"https:\/\/floortjevanloon.nl\/wp-content\/uploads\/2023\/11\/IMG20231110160719.png 667w, https:\/\/floortjevanloon.nl\/wp-content\/uploads\/2023\/11\/IMG20231110160719-300x225.png 300w\" data-sizes=\"(max-width: 667px) 100vw, 667px\"  aria-label=\"image image sans titre\"  id='av-masonry-1-item-2294' data-av-masonry-item='2294' class='av-masonry-entry isotope-item post-2294 attachment type-attachment status-inherit hentry  av-masonry-item-with-image' title=\"\" alt=\"\"    itemprop=\"thumbnailUrl\" ><div class='av-inner-masonry-sizer'><\/div><figure class='av-inner-masonry main_color'><div class=\"av-masonry-outerimage-container\"><div class='av-masonry-image-container' style=\"background-image: url(https:\/\/floortjevanloon.nl\/wp-content\/uploads\/2023\/11\/IMG20231110160719.png);\" ><\/div><\/div><figcaption class='av-inner-masonry-content site-background'><div class='av-inner-masonry-content-pos'><div class='av-inner-masonry-content-pos-content'><div class='avia-arrow'><\/div><h3 class='av-masonry-entry-title entry-title '  itemprop=\"headline\" ><\/h3><\/div><\/div><\/figcaption><\/figure><\/a><!--end av-masonry entry--><a href=\"https:\/\/floortjevanloon.nl\/wp-content\/uploads\/2023\/11\/IMG20231110160754.png\" data-srcset=\"https:\/\/floortjevanloon.nl\/wp-content\/uploads\/2023\/11\/IMG20231110160754.png 667w, https:\/\/floortjevanloon.nl\/wp-content\/uploads\/2023\/11\/IMG20231110160754-300x225.png 300w\" data-sizes=\"(max-width: 667px) 100vw, 667px\"  aria-label=\"image image sans titre\"  id='av-masonry-1-item-2295' data-av-masonry-item='2295' class='av-masonry-entry isotope-item post-2295 attachment type-attachment status-inherit hentry  av-masonry-item-with-image' title=\"\" alt=\"\"    itemprop=\"thumbnailUrl\" ><div class='av-inner-masonry-sizer'><\/div><figure class='av-inner-masonry main_color'><div class=\"av-masonry-outerimage-container\"><div class='av-masonry-image-container' style=\"background-image: url(https:\/\/floortjevanloon.nl\/wp-content\/uploads\/2023\/11\/IMG20231110160754.png);\" ><\/div><\/div><figcaption class='av-inner-masonry-content site-background'><div class='av-inner-masonry-content-pos'><div class='av-inner-masonry-content-pos-content'><div class='avia-arrow'><\/div><h3 class='av-masonry-entry-title entry-title '  itemprop=\"headline\" ><\/h3><\/div><\/div><\/figcaption><\/figure><\/a><!--end av-masonry entry--><a href=\"https:\/\/floortjevanloon.nl\/wp-content\/uploads\/2023\/11\/IMG20231110160924.png\" data-srcset=\"https:\/\/floortjevanloon.nl\/wp-content\/uploads\/2023\/11\/IMG20231110160924.png 520w, https:\/\/floortjevanloon.nl\/wp-content\/uploads\/2023\/11\/IMG20231110160924-300x288.png 300w, https:\/\/floortjevanloon.nl\/wp-content\/uploads\/2023\/11\/IMG20231110160924-36x36.png 36w\" data-sizes=\"(max-width: 520px) 100vw, 520px\"  aria-label=\"image image sans titre\"  id='av-masonry-1-item-2296' data-av-masonry-item='2296' class='av-masonry-entry isotope-item post-2296 attachment type-attachment status-inherit hentry  av-masonry-item-with-image' title=\"\" alt=\"\"    itemprop=\"thumbnailUrl\" ><div class='av-inner-masonry-sizer'><\/div><figure class='av-inner-masonry main_color'><div class=\"av-masonry-outerimage-container\"><div class='av-masonry-image-container' style=\"background-image: url(https:\/\/floortjevanloon.nl\/wp-content\/uploads\/2023\/11\/IMG20231110160924.png);\" ><\/div><\/div><figcaption class='av-inner-masonry-content site-background'><div class='av-inner-masonry-content-pos'><div class='av-inner-masonry-content-pos-content'><div class='avia-arrow'><\/div><h3 class='av-masonry-entry-title entry-title '  itemprop=\"headline\" ><\/h3><\/div><\/div><\/figcaption><\/figure><\/a><!--end av-masonry entry--><a href=\"https:\/\/floortjevanloon.nl\/wp-content\/uploads\/2023\/11\/IMG20231110161144.png\" data-srcset=\"https:\/\/floortjevanloon.nl\/wp-content\/uploads\/2023\/11\/IMG20231110161144.png 667w, https:\/\/floortjevanloon.nl\/wp-content\/uploads\/2023\/11\/IMG20231110161144-300x225.png 300w\" data-sizes=\"(max-width: 667px) 100vw, 667px\"  aria-label=\"image image sans titre\"  id='av-masonry-1-item-2297' data-av-masonry-item='2297' class='av-masonry-entry isotope-item post-2297 attachment type-attachment status-inherit hentry  av-masonry-item-with-image' title=\"\" alt=\"\"    itemprop=\"thumbnailUrl\" ><div class='av-inner-masonry-sizer'><\/div><figure class='av-inner-masonry main_color'><div class=\"av-masonry-outerimage-container\"><div class='av-masonry-image-container' style=\"background-image: url(https:\/\/floortjevanloon.nl\/wp-content\/uploads\/2023\/11\/IMG20231110161144.png);\" ><\/div><\/div><figcaption class='av-inner-masonry-content site-background'><div class='av-inner-masonry-content-pos'><div class='av-inner-masonry-content-pos-content'><div class='avia-arrow'><\/div><h3 class='av-masonry-entry-title entry-title '  itemprop=\"headline\" ><\/h3><\/div><\/div><\/figcaption><\/figure><\/a><!--end av-masonry entry--><a href=\"https:\/\/floortjevanloon.nl\/wp-content\/uploads\/2023\/11\/IMG20231110162658.png\" data-srcset=\"https:\/\/floortjevanloon.nl\/wp-content\/uploads\/2023\/11\/IMG20231110162658.png 500w, https:\/\/floortjevanloon.nl\/wp-content\/uploads\/2023\/11\/IMG20231110162658-225x300.png 225w\" data-sizes=\"(max-width: 500px) 100vw, 500px\"  aria-label=\"image image sans titre\"  id='av-masonry-1-item-2298' data-av-masonry-item='2298' class='av-masonry-entry isotope-item post-2298 attachment type-attachment status-inherit hentry  av-masonry-item-with-image' title=\"\" alt=\"\"    itemprop=\"thumbnailUrl\" ><div class='av-inner-masonry-sizer'><\/div><figure class='av-inner-masonry main_color'><div class=\"av-masonry-outerimage-container\"><div class='av-masonry-image-container' style=\"background-image: url(https:\/\/floortjevanloon.nl\/wp-content\/uploads\/2023\/11\/IMG20231110162658.png);\" ><\/div><\/div><figcaption class='av-inner-masonry-content site-background'><div class='av-inner-masonry-content-pos'><div class='av-inner-masonry-content-pos-content'><div class='avia-arrow'><\/div><h3 class='av-masonry-entry-title entry-title '  itemprop=\"headline\" ><\/h3><\/div><\/div><\/figcaption><\/figure><\/a><!--end av-masonry entry--><a href=\"https:\/\/floortjevanloon.nl\/wp-content\/uploads\/2023\/11\/Art-brut-Dennis.png\" data-srcset=\"https:\/\/floortjevanloon.nl\/wp-content\/uploads\/2023\/11\/Art-brut-Dennis.png 667w, https:\/\/floortjevanloon.nl\/wp-content\/uploads\/2023\/11\/Art-brut-Dennis-300x225.png 300w\" data-sizes=\"(max-width: 667px) 100vw, 667px\"  aria-label=\"image image sans titre\"  id='av-masonry-1-item-2196' data-av-masonry-item='2196' class='av-masonry-entry isotope-item post-2196 attachment type-attachment status-inherit hentry  av-masonry-item-with-image' title=\"\" alt=\"\"    itemprop=\"thumbnailUrl\" ><div class='av-inner-masonry-sizer'><\/div><figure class='av-inner-masonry main_color'><div class=\"av-masonry-outerimage-container\"><div class='av-masonry-image-container' style=\"background-image: url(https:\/\/floortjevanloon.nl\/wp-content\/uploads\/2023\/11\/Art-brut-Dennis.png);\" ><\/div><\/div><figcaption class='av-inner-masonry-content site-background'><div class='av-inner-masonry-content-pos'><div class='av-inner-masonry-content-pos-content'><div class='avia-arrow'><\/div><h3 class='av-masonry-entry-title entry-title '  itemprop=\"headline\" ><\/h3><\/div><\/div><\/figcaption><\/figure><\/a><!--end av-masonry entry--><\/div><\/div><br \/>\n\n<style type=\"text\/css\" data-created_by=\"avia_inline_auto\" id=\"style-css-av-9ev558-7adda69fab7d3da6a76f458c68d858e6\">\n#top .hr.hr-invisible.av-9ev558-7adda69fab7d3da6a76f458c68d858e6{\nheight:10px;\n}\n<\/style>\n<div  class='hr av-9ev558-7adda69fab7d3da6a76f458c68d858e6 hr-invisible  avia-builder-el-7  el_after_av_masonry_gallery  avia-builder-el-no-sibling '><span class='hr-inner '><span class=\"hr-inner-style\"><\/span><\/span><\/div><\/p>\n<\/div><\/div>\n<style type=\"text\/css\" data-created_by=\"avia_inline_auto\" id=\"style-css-av-95dk2s-50843f1ae191926ed4447825fa6965ad\">\n.flex_cell.av-95dk2s-50843f1ae191926ed4447825fa6965ad{\nvertical-align:middle;\nbackground:url(https:\/\/floortjevanloon.nl\/wp-content\/uploads\/2023\/11\/IMG20231110160715.png) 100% 50% no-repeat fixed ;\n}\n.responsive #top #wrap_all .flex_cell.av-95dk2s-50843f1ae191926ed4447825fa6965ad{\npadding:100px 100px 100px 100px !important;\n}\n<\/style>\n<div class='flex_cell av-95dk2s-50843f1ae191926ed4447825fa6965ad av-gridrow-cell av_one_half no_margin av-hide-on-mobile  avia-builder-el-8  el_after_av_cell_one_half  avia-builder-el-last  content-align-middle avia-full-contain'  ><div class='flex_cell_inner'><\/div><\/div><\/div>\n","protected":false},"excerpt":{"rendered":"","protected":false},"author":1,"featured_media":0,"parent":0,"menu_order":0,"comment_status":"closed","ping_status":"closed","template":"","meta":{"footnotes":""},"class_list":["post-2279","page","type-page","status-publish","hentry"],"_links":{"self":[{"href":"https:\/\/floortjevanloon.nl\/fr\/wp-json\/wp\/v2\/pages\/2279","targetHints":{"allow":["GET"]}}],"collection":[{"href":"https:\/\/floortjevanloon.nl\/fr\/wp-json\/wp\/v2\/pages"}],"about":[{"href":"https:\/\/floortjevanloon.nl\/fr\/wp-json\/wp\/v2\/types\/page"}],"author":[{"embeddable":true,"href":"https:\/\/floortjevanloon.nl\/fr\/wp-json\/wp\/v2\/users\/1"}],"replies":[{"embeddable":true,"href":"https:\/\/floortjevanloon.nl\/fr\/wp-json\/wp\/v2\/comments?post=2279"}],"version-history":[{"count":0,"href":"https:\/\/floortjevanloon.nl\/fr\/wp-json\/wp\/v2\/pages\/2279\/revisions"}],"wp:attachment":[{"href":"https:\/\/floortjevanloon.nl\/fr\/wp-json\/wp\/v2\/media?parent=2279"}],"curies":[{"name":"wp","href":"https:\/\/api.w.org\/{rel}","templated":true}]}}