{"id":2241,"date":"2023-09-16T09:23:38","date_gmt":"2023-09-16T09:23:38","guid":{"rendered":"https:\/\/floortjevanloon.nl\/villes\/"},"modified":"2025-04-25T09:43:53","modified_gmt":"2025-04-25T09:43:53","slug":"villes","status":"publish","type":"page","link":"https:\/\/floortjevanloon.nl\/fr\/villes\/","title":{"rendered":"Villes"},"content":{"rendered":"<div id='recent'  class='av-layout-grid-container av-ahgaek-3ec57f06fc0db8e986033c7f4be3c801 entry-content-wrapper main_color av-flex-cells  avia-builder-el-0  avia-builder-el-no-sibling  av-cell-min-height av-cell-min-height-100  container_wrap sidebar_left'   data-av_minimum_height_pc='100'>\n\n<style type=\"text\/css\" data-created_by=\"avia_inline_auto\" id=\"style-css-av-ac9es4-0d329763c7349c53a7fbe8de828fa29e\">\n.flex_cell.av-ac9es4-0d329763c7349c53a7fbe8de828fa29e{\nvertical-align:middle;\nbackground-color:#fcb8e5;\n}\n.responsive #top #wrap_all .flex_cell.av-ac9es4-0d329763c7349c53a7fbe8de828fa29e{\npadding:100px 30px 30px 30px !important;\n}\n<\/style>\n<div class='flex_cell av-ac9es4-0d329763c7349c53a7fbe8de828fa29e av-gridrow-cell av_one_half no_margin  avia-builder-el-1  el_before_av_cell_one_half  avia-builder-el-first  content-align-middle avia-full-contain'  ><div class='flex_cell_inner'><p>\n<style type=\"text\/css\" data-created_by=\"avia_inline_auto\" id=\"style-css-av-a598uk-3ec8fce0e02013969436bf26437b4326\">\n#top .av-special-heading.av-a598uk-3ec8fce0e02013969436bf26437b4326{\npadding-bottom:0;\ncolor:#020202;\nfont-size:60px;\n}\nbody .av-special-heading.av-a598uk-3ec8fce0e02013969436bf26437b4326 .av-special-heading-tag .heading-char{\nfont-size:25px;\n}\n#top #wrap_all .av-special-heading.av-a598uk-3ec8fce0e02013969436bf26437b4326 .av-special-heading-tag{\nfont-size:60px;\n}\n.av-special-heading.av-a598uk-3ec8fce0e02013969436bf26437b4326 .special-heading-inner-border{\nborder-color:#020202;\n}\n.av-special-heading.av-a598uk-3ec8fce0e02013969436bf26437b4326 .av-subheading{\nfont-size:15px;\n}\n\n@media only screen and (min-width: 480px) and (max-width: 767px){ \n#top #wrap_all .av-special-heading.av-a598uk-3ec8fce0e02013969436bf26437b4326 .av-special-heading-tag{\nfont-size:0.8em;\n}\n}\n\n@media only screen and (max-width: 479px){ \n#top #wrap_all .av-special-heading.av-a598uk-3ec8fce0e02013969436bf26437b4326 .av-special-heading-tag{\nfont-size:0.8em;\n}\n}\n<\/style>\n<div  class='av-special-heading av-a598uk-3ec8fce0e02013969436bf26437b4326 av-special-heading-h1 custom-color-heading blockquote modern-quote modern-centered  avia-builder-el-2  el_before_av_hr  avia-builder-el-first  av-inherit-size'><h1 class='av-special-heading-tag '  itemprop=\"headline\"  >Villes<\/h1><div class=\"special-heading-border\"><div class=\"special-heading-inner-border\"><\/div><\/div><\/div><br \/>\n\n<style type=\"text\/css\" data-created_by=\"avia_inline_auto\" id=\"style-css-av-a33w4k-d152f91e4444795fa792e6bbe106ce37\">\n#top .hr.av-a33w4k-d152f91e4444795fa792e6bbe106ce37{\nmargin-top:30px;\nmargin-bottom:30px;\n}\n.hr.av-a33w4k-d152f91e4444795fa792e6bbe106ce37 .hr-inner{\nwidth:50px;\nborder-color:#ffffff;\n}\n<\/style>\n<div  class='hr av-a33w4k-d152f91e4444795fa792e6bbe106ce37 hr-custom  avia-builder-el-3  el_after_av_heading  el_before_av_textblock  hr-center hr-icon-no'><span class='hr-inner inner-border-av-border-fat'><span class=\"hr-inner-style\"><\/span><\/span><\/div><br \/>\n\n<style type=\"text\/css\" data-created_by=\"avia_inline_auto\" id=\"style-css-av-9s8o0s-1b5dc935964ed64ad71013c07d6069df\">\n#top .av_textblock_section.av-9s8o0s-1b5dc935964ed64ad71013c07d6069df .avia_textblock{\nfont-size:16px;\ncolor:#000000;\n}\n<\/style>\n<section  class='av_textblock_section av-9s8o0s-1b5dc935964ed64ad71013c07d6069df '   itemscope=\"itemscope\" itemtype=\"https:\/\/schema.org\/CreativeWork\" ><div class='avia_textblock av_inherit_color'  itemprop=\"text\" ><p style=\"text-align: center;\">  Une m\u00e9thode de travail fascinante ! La fusion de villes ou de b\u00e2timents dans Photoshop pour cr\u00e9er de nouveaux d\u00e9cors inhabituels offre un v\u00e9ritable d\u00e9bouch\u00e9 cr\u00e9atif. Il vous permet de jouer avec les perspectives, les \u00e9chelles et les atmosph\u00e8res d&rsquo;une mani\u00e8re qui ne serait pas possible dans le monde r\u00e9el.<\/p>\n<\/div><\/section><br \/>\n\n<style type=\"text\/css\" data-created_by=\"avia_inline_auto\" id=\"style-css-av-9o6el8-925d065327607fe797988f1e484eb348\">\n#top .hr.hr-invisible.av-9o6el8-925d065327607fe797988f1e484eb348{\nheight:10px;\n}\n<\/style>\n<div  class='hr av-9o6el8-925d065327607fe797988f1e484eb348 hr-invisible  avia-builder-el-5  el_after_av_textblock  el_before_av_masonry_gallery  avia-builder-el-last '><span class='hr-inner '><span class=\"hr-inner-style\"><\/span><\/span><\/div><br \/>\n\n<style type=\"text\/css\" data-created_by=\"avia_inline_auto\" id=\"style-css-av-9io60k-6440bf783eed5ec53d7a7a1d7fa79b46\">\n#top .av-masonry.av-9io60k-6440bf783eed5ec53d7a7a1d7fa79b46{\nbackground-color:#d69cbf;\n}\n<\/style>\n<div id='av-masonry-1' class='av-masonry av-9io60k-6440bf783eed5ec53d7a7a1d7fa79b46 noHover av-fixed-size av-large-gap av-hover-overlay- av-masonry-animation-active av-masonry-col-2 av-caption-on-hover av-caption-style- av-masonry-gallery av-orientation-square ' data-post_id=\"2241\"><div class=\"av-masonry-container isotope av-js-disabled\"><div class='av-masonry-entry isotope-item av-masonry-item-no-image '><\/div><a href=\"https:\/\/floortjevanloon.nl\/wp-content\/uploads\/2025\/03\/houses-2.png\" data-srcset=\"https:\/\/floortjevanloon.nl\/wp-content\/uploads\/2025\/03\/houses-2.png 500w, https:\/\/floortjevanloon.nl\/wp-content\/uploads\/2025\/03\/houses-2-241x300.png 241w, https:\/\/floortjevanloon.nl\/wp-content\/uploads\/2025\/03\/houses-2-200x249.png 200w\" data-sizes=\"(max-width: 500px) 100vw, 500px\"  aria-label=\"image maisons\"  id='av-masonry-1-item-15187' data-av-masonry-item='15187' class='av-masonry-entry isotope-item post-15187 attachment type-attachment status-inherit hentry  av-masonry-item-with-image' title=\"maisons\" alt=\"\"    itemprop=\"thumbnailUrl\" ><div class='av-inner-masonry-sizer'><\/div><figure class='av-inner-masonry main_color'><div class=\"av-masonry-outerimage-container\"><div class='av-masonry-image-container' style=\"background-image: url(https:\/\/floortjevanloon.nl\/wp-content\/uploads\/2025\/03\/houses-2.png);\"  title=\"maisons\" ><\/div><\/div><figcaption class='av-inner-masonry-content site-background'><div class='av-inner-masonry-content-pos'><div class='av-inner-masonry-content-pos-content'><div class='avia-arrow'><\/div><h3 class='av-masonry-entry-title entry-title '  itemprop=\"headline\" >maisons<\/h3><\/div><\/div><\/figcaption><\/figure><\/a><!--end av-masonry entry--><a href=\"https:\/\/floortjevanloon.nl\/wp-content\/uploads\/2024\/12\/build-a-city.png\" data-srcset=\"https:\/\/floortjevanloon.nl\/wp-content\/uploads\/2024\/12\/build-a-city.png 700w, https:\/\/floortjevanloon.nl\/wp-content\/uploads\/2024\/12\/build-a-city-300x214.png 300w, https:\/\/floortjevanloon.nl\/wp-content\/uploads\/2024\/12\/build-a-city-260x185.png 260w\" data-sizes=\"(max-width: 700px) 100vw, 700px\"  aria-label=\"image build-a-city\"  id='av-masonry-1-item-12279' data-av-masonry-item='12279' class='av-masonry-entry isotope-item post-12279 attachment type-attachment status-inherit hentry  av-masonry-item-with-image' title=\"build-a-city\" alt=\"\"    itemprop=\"thumbnailUrl\" ><div class='av-inner-masonry-sizer'><\/div><figure class='av-inner-masonry main_color'><div class=\"av-masonry-outerimage-container\"><div class='av-masonry-image-container' style=\"background-image: url(https:\/\/floortjevanloon.nl\/wp-content\/uploads\/2024\/12\/build-a-city.png);\"  title=\"build-a-city\" ><\/div><\/div><figcaption class='av-inner-masonry-content site-background'><div class='av-inner-masonry-content-pos'><div class='av-inner-masonry-content-pos-content'><div class='avia-arrow'><\/div><h3 class='av-masonry-entry-title entry-title '  itemprop=\"headline\" >build-a-city<\/h3><\/div><\/div><\/figcaption><\/figure><\/a><!--end av-masonry entry--><a href=\"https:\/\/floortjevanloon.nl\/wp-content\/uploads\/2024\/11\/building-1.png\" data-srcset=\"https:\/\/floortjevanloon.nl\/wp-content\/uploads\/2024\/11\/building-1.png 700w, https:\/\/floortjevanloon.nl\/wp-content\/uploads\/2024\/11\/building-1-300x214.png 300w, https:\/\/floortjevanloon.nl\/wp-content\/uploads\/2024\/11\/building-1-260x185.png 260w\" data-sizes=\"(max-width: 700px) 100vw, 700px\"  aria-label=\"image building-1\"  id='av-masonry-1-item-10789' data-av-masonry-item='10789' class='av-masonry-entry isotope-item post-10789 attachment type-attachment status-inherit hentry  av-masonry-item-with-image' title=\"building-1\" alt=\"\"    itemprop=\"thumbnailUrl\" ><div class='av-inner-masonry-sizer'><\/div><figure class='av-inner-masonry main_color'><div class=\"av-masonry-outerimage-container\"><div class='av-masonry-image-container' style=\"background-image: url(https:\/\/floortjevanloon.nl\/wp-content\/uploads\/2024\/11\/building-1.png);\"  title=\"building-1\" ><\/div><\/div><figcaption class='av-inner-masonry-content site-background'><div class='av-inner-masonry-content-pos'><div class='av-inner-masonry-content-pos-content'><div class='avia-arrow'><\/div><h3 class='av-masonry-entry-title entry-title '  itemprop=\"headline\" >building-1<\/h3><\/div><\/div><\/figcaption><\/figure><\/a><!--end av-masonry entry--><a href=\"https:\/\/floortjevanloon.nl\/wp-content\/uploads\/2024\/09\/Walking-with-baby.png\" data-srcset=\"https:\/\/floortjevanloon.nl\/wp-content\/uploads\/2024\/09\/Walking-with-baby.png 500w, https:\/\/floortjevanloon.nl\/wp-content\/uploads\/2024\/09\/Walking-with-baby-276x300.png 276w\" data-sizes=\"(max-width: 500px) 100vw, 500px\"  aria-label=\"image Walking-with-baby\"  id='av-masonry-1-item-9455' data-av-masonry-item='9455' class='av-masonry-entry isotope-item post-9455 attachment type-attachment status-inherit hentry  av-masonry-item-with-image' title=\"Walking-with-baby\" alt=\"\"    itemprop=\"thumbnailUrl\" ><div class='av-inner-masonry-sizer'><\/div><figure class='av-inner-masonry main_color'><div class=\"av-masonry-outerimage-container\"><div class='av-masonry-image-container' style=\"background-image: url(https:\/\/floortjevanloon.nl\/wp-content\/uploads\/2024\/09\/Walking-with-baby.png);\"  title=\"Walking-with-baby\" ><\/div><\/div><figcaption class='av-inner-masonry-content site-background'><div class='av-inner-masonry-content-pos'><div class='av-inner-masonry-content-pos-content'><div class='avia-arrow'><\/div><h3 class='av-masonry-entry-title entry-title '  itemprop=\"headline\" >Walking-with-baby<\/h3><\/div><\/div><\/figcaption><\/figure><\/a><!--end av-masonry entry--><a href=\"https:\/\/floortjevanloon.nl\/wp-content\/uploads\/2024\/03\/new-york.png\" data-srcset=\"https:\/\/floortjevanloon.nl\/wp-content\/uploads\/2024\/03\/new-york.png 500w, https:\/\/floortjevanloon.nl\/wp-content\/uploads\/2024\/03\/new-york-300x300.png 300w, https:\/\/floortjevanloon.nl\/wp-content\/uploads\/2024\/03\/new-york-80x80.png 80w, https:\/\/floortjevanloon.nl\/wp-content\/uploads\/2024\/03\/new-york-36x36.png 36w, https:\/\/floortjevanloon.nl\/wp-content\/uploads\/2024\/03\/new-york-180x180.png 180w\" data-sizes=\"(max-width: 500px) 100vw, 500px\"  aria-label=\"image New York (en anglais)\"  id='av-masonry-1-item-2465' data-av-masonry-item='2465' class='av-masonry-entry isotope-item post-2465 attachment type-attachment status-inherit hentry  av-masonry-item-with-image' title=\"New York (en anglais)\" alt=\"new york\"    itemprop=\"thumbnailUrl\" ><div class='av-inner-masonry-sizer'><\/div><figure class='av-inner-masonry main_color'><div class=\"av-masonry-outerimage-container\"><div class='av-masonry-image-container' style=\"background-image: url(https:\/\/floortjevanloon.nl\/wp-content\/uploads\/2024\/03\/new-york.png);\"  title=\"New York (en anglais)\" ><\/div><\/div><figcaption class='av-inner-masonry-content site-background'><div class='av-inner-masonry-content-pos'><div class='av-inner-masonry-content-pos-content'><div class='avia-arrow'><\/div><h3 class='av-masonry-entry-title entry-title '  itemprop=\"headline\" >New York (en anglais)<\/h3><\/div><\/div><\/figcaption><\/figure><\/a><!--end av-masonry entry--><a href=\"https:\/\/floortjevanloon.nl\/wp-content\/uploads\/2024\/08\/blok.png\" data-srcset=\"https:\/\/floortjevanloon.nl\/wp-content\/uploads\/2024\/08\/blok.png 646w, https:\/\/floortjevanloon.nl\/wp-content\/uploads\/2024\/08\/blok-300x232.png 300w\" data-sizes=\"(max-width: 646px) 100vw, 646px\"  aria-label=\"image blok\"  id='av-masonry-1-item-8120' data-av-masonry-item='8120' class='av-masonry-entry isotope-item post-8120 attachment type-attachment status-inherit hentry  av-masonry-item-with-image' title=\"blok\" alt=\"\"    itemprop=\"thumbnailUrl\" ><div class='av-inner-masonry-sizer'><\/div><figure class='av-inner-masonry main_color'><div class=\"av-masonry-outerimage-container\"><div class='av-masonry-image-container' style=\"background-image: url(https:\/\/floortjevanloon.nl\/wp-content\/uploads\/2024\/08\/blok.png);\"  title=\"blok\" ><\/div><\/div><figcaption class='av-inner-masonry-content site-background'><div class='av-inner-masonry-content-pos'><div class='av-inner-masonry-content-pos-content'><div class='avia-arrow'><\/div><h3 class='av-masonry-entry-title entry-title '  itemprop=\"headline\" >blok<\/h3><\/div><\/div><\/figcaption><\/figure><\/a><!--end av-masonry entry--><a href=\"https:\/\/floortjevanloon.nl\/wp-content\/uploads\/2023\/10\/purple.png\" data-srcset=\"https:\/\/floortjevanloon.nl\/wp-content\/uploads\/2023\/10\/purple.png 500w, https:\/\/floortjevanloon.nl\/wp-content\/uploads\/2023\/10\/purple-300x227.png 300w\" data-sizes=\"(max-width: 500px) 100vw, 500px\"  aria-label=\"image purple\"  id='av-masonry-1-item-2231' data-av-masonry-item='2231' class='av-masonry-entry isotope-item post-2231 attachment type-attachment status-inherit hentry  av-masonry-item-with-image' title=\"purple\" alt=\"\"    itemprop=\"thumbnailUrl\" ><div class='av-inner-masonry-sizer'><\/div><figure class='av-inner-masonry main_color'><div class=\"av-masonry-outerimage-container\"><div class='av-masonry-image-container' style=\"background-image: url(https:\/\/floortjevanloon.nl\/wp-content\/uploads\/2023\/10\/purple.png);\"  title=\"purple\" ><\/div><\/div><figcaption class='av-inner-masonry-content site-background'><div class='av-inner-masonry-content-pos'><div class='av-inner-masonry-content-pos-content'><div class='avia-arrow'><\/div><h3 class='av-masonry-entry-title entry-title '  itemprop=\"headline\" >purple<\/h3><\/div><\/div><\/figcaption><\/figure><\/a><!--end av-masonry entry--><a href=\"https:\/\/floortjevanloon.nl\/wp-content\/uploads\/2023\/10\/Old-city.png\" data-srcset=\"https:\/\/floortjevanloon.nl\/wp-content\/uploads\/2023\/10\/Old-city.png 500w, https:\/\/floortjevanloon.nl\/wp-content\/uploads\/2023\/10\/Old-city-300x227.png 300w\" data-sizes=\"(max-width: 500px) 100vw, 500px\"  aria-label=\"image Old city\"  id='av-masonry-1-item-2225' data-av-masonry-item='2225' class='av-masonry-entry isotope-item post-2225 attachment type-attachment status-inherit hentry  av-masonry-item-with-image' title=\"Old city\" alt=\"\"    itemprop=\"thumbnailUrl\" ><div class='av-inner-masonry-sizer'><\/div><figure class='av-inner-masonry main_color'><div class=\"av-masonry-outerimage-container\"><div class='av-masonry-image-container' style=\"background-image: url(https:\/\/floortjevanloon.nl\/wp-content\/uploads\/2023\/10\/Old-city.png);\"  title=\"Old city\" ><\/div><\/div><figcaption class='av-inner-masonry-content site-background'><div class='av-inner-masonry-content-pos'><div class='av-inner-masonry-content-pos-content'><div class='avia-arrow'><\/div><h3 class='av-masonry-entry-title entry-title '  itemprop=\"headline\" >Old city<\/h3><\/div><\/div><\/figcaption><\/figure><\/a><!--end av-masonry entry--><a href=\"https:\/\/floortjevanloon.nl\/wp-content\/uploads\/2023\/09\/walking-man.png\" data-srcset=\"https:\/\/floortjevanloon.nl\/wp-content\/uploads\/2023\/09\/walking-man.png 500w, https:\/\/floortjevanloon.nl\/wp-content\/uploads\/2023\/09\/walking-man-300x300.png 300w, https:\/\/floortjevanloon.nl\/wp-content\/uploads\/2023\/09\/walking-man-80x80.png 80w, https:\/\/floortjevanloon.nl\/wp-content\/uploads\/2023\/09\/walking-man-36x36.png 36w, https:\/\/floortjevanloon.nl\/wp-content\/uploads\/2023\/09\/walking-man-180x180.png 180w\" data-sizes=\"(max-width: 500px) 100vw, 500px\"  aria-label=\"image homme qui marche\"  id='av-masonry-1-item-20158' data-av-masonry-item='20158' class='av-masonry-entry isotope-item post-20158 attachment type-attachment status-inherit hentry  av-masonry-item-with-image' title=\"homme qui marche\" alt=\"\"    itemprop=\"thumbnailUrl\" ><div class='av-inner-masonry-sizer'><\/div><figure class='av-inner-masonry main_color'><div class=\"av-masonry-outerimage-container\"><div class='av-masonry-image-container' style=\"background-image: url(https:\/\/floortjevanloon.nl\/wp-content\/uploads\/2023\/09\/walking-man.png);\"  title=\"homme qui marche\" ><\/div><\/div><figcaption class='av-inner-masonry-content site-background'><div class='av-inner-masonry-content-pos'><div class='av-inner-masonry-content-pos-content'><div class='avia-arrow'><\/div><h3 class='av-masonry-entry-title entry-title '  itemprop=\"headline\" >homme qui marche<\/h3><\/div><\/div><\/figcaption><\/figure><\/a><!--end av-masonry entry--><a href=\"https:\/\/floortjevanloon.nl\/wp-content\/uploads\/2024\/06\/holywood.png\" data-srcset=\"https:\/\/floortjevanloon.nl\/wp-content\/uploads\/2024\/06\/holywood.png 740w, https:\/\/floortjevanloon.nl\/wp-content\/uploads\/2024\/06\/holywood-300x203.png 300w, https:\/\/floortjevanloon.nl\/wp-content\/uploads\/2024\/06\/holywood-705x476.png 705w\" data-sizes=\"(max-width: 740px) 100vw, 740px\"  aria-label=\"image holywood\"  id='av-masonry-1-item-5190' data-av-masonry-item='5190' class='av-masonry-entry isotope-item post-5190 attachment type-attachment status-inherit hentry  av-masonry-item-with-image' title=\"holywood\" alt=\"\"    itemprop=\"thumbnailUrl\" ><div class='av-inner-masonry-sizer'><\/div><figure class='av-inner-masonry main_color'><div class=\"av-masonry-outerimage-container\"><div class='av-masonry-image-container' style=\"background-image: url(https:\/\/floortjevanloon.nl\/wp-content\/uploads\/2024\/06\/holywood-705x476.png);\"  title=\"holywood\" ><\/div><\/div><figcaption class='av-inner-masonry-content site-background'><div class='av-inner-masonry-content-pos'><div class='av-inner-masonry-content-pos-content'><div class='avia-arrow'><\/div><h3 class='av-masonry-entry-title entry-title '  itemprop=\"headline\" >holywood<\/h3><\/div><\/div><\/figcaption><\/figure><\/a><!--end av-masonry entry--><\/div><\/div><br \/>\n\n<style type=\"text\/css\" data-created_by=\"avia_inline_auto\" id=\"style-css-av-9ev558-7adda69fab7d3da6a76f458c68d858e6\">\n#top .hr.hr-invisible.av-9ev558-7adda69fab7d3da6a76f458c68d858e6{\nheight:10px;\n}\n<\/style>\n<div  class='hr av-9ev558-7adda69fab7d3da6a76f458c68d858e6 hr-invisible  avia-builder-el-7  el_after_av_masonry_gallery  avia-builder-el-no-sibling '><span class='hr-inner '><span class=\"hr-inner-style\"><\/span><\/span><\/div><\/p>\n<\/div><\/div>\n<style type=\"text\/css\" data-created_by=\"avia_inline_auto\" id=\"style-css-av-95dk2s-d6c90c52f6b73583af88816752902cfe\">\n.flex_cell.av-95dk2s-d6c90c52f6b73583af88816752902cfe{\nvertical-align:middle;\nbackground:url(https:\/\/floortjevanloon.nl\/wp-content\/uploads\/2023\/09\/stede-gallerij.png) 100% 0% no-repeat fixed ;\n}\n.responsive #top #wrap_all .flex_cell.av-95dk2s-d6c90c52f6b73583af88816752902cfe{\npadding:100px 100px 100px 100px !important;\n}\n<\/style>\n<div class='flex_cell av-95dk2s-d6c90c52f6b73583af88816752902cfe av-gridrow-cell av_one_half no_margin av-hide-on-mobile  avia-builder-el-8  el_after_av_cell_one_half  avia-builder-el-last  content-align-middle avia-full-contain'  ><div class='flex_cell_inner'><\/div><\/div><\/div>\n","protected":false},"excerpt":{"rendered":"","protected":false},"author":1,"featured_media":5190,"parent":0,"menu_order":0,"comment_status":"closed","ping_status":"closed","template":"","meta":{"footnotes":""},"class_list":["post-2241","page","type-page","status-publish","has-post-thumbnail","hentry"],"_links":{"self":[{"href":"https:\/\/floortjevanloon.nl\/fr\/wp-json\/wp\/v2\/pages\/2241","targetHints":{"allow":["GET"]}}],"collection":[{"href":"https:\/\/floortjevanloon.nl\/fr\/wp-json\/wp\/v2\/pages"}],"about":[{"href":"https:\/\/floortjevanloon.nl\/fr\/wp-json\/wp\/v2\/types\/page"}],"author":[{"embeddable":true,"href":"https:\/\/floortjevanloon.nl\/fr\/wp-json\/wp\/v2\/users\/1"}],"replies":[{"embeddable":true,"href":"https:\/\/floortjevanloon.nl\/fr\/wp-json\/wp\/v2\/comments?post=2241"}],"version-history":[{"count":0,"href":"https:\/\/floortjevanloon.nl\/fr\/wp-json\/wp\/v2\/pages\/2241\/revisions"}],"wp:featuredmedia":[{"embeddable":true,"href":"https:\/\/floortjevanloon.nl\/fr\/wp-json\/wp\/v2\/media\/5190"}],"wp:attachment":[{"href":"https:\/\/floortjevanloon.nl\/fr\/wp-json\/wp\/v2\/media?parent=2241"}],"curies":[{"name":"wp","href":"https:\/\/api.w.org\/{rel}","templated":true}]}}