{"id":2240,"date":"2023-09-16T09:26:38","date_gmt":"2023-09-16T09:26:38","guid":{"rendered":"https:\/\/floortjevanloon.nl\/saisons\/"},"modified":"2025-08-27T12:53:24","modified_gmt":"2025-08-27T12:53:24","slug":"saisons","status":"publish","type":"page","link":"https:\/\/floortjevanloon.nl\/fr\/saisons\/","title":{"rendered":"Saisons"},"content":{"rendered":"<div id='recent'  class='av-layout-grid-container av-ahgaek-3ec57f06fc0db8e986033c7f4be3c801 entry-content-wrapper main_color av-flex-cells  avia-builder-el-0  avia-builder-el-no-sibling  av-cell-min-height av-cell-min-height-100  container_wrap sidebar_left'   data-av_minimum_height_pc='100'>\n\n<style type=\"text\/css\" data-created_by=\"avia_inline_auto\" id=\"style-css-av-ac9es4-0d329763c7349c53a7fbe8de828fa29e\">\n.flex_cell.av-ac9es4-0d329763c7349c53a7fbe8de828fa29e{\nvertical-align:middle;\nbackground-color:#fcb8e5;\n}\n.responsive #top #wrap_all .flex_cell.av-ac9es4-0d329763c7349c53a7fbe8de828fa29e{\npadding:100px 30px 30px 30px !important;\n}\n<\/style>\n<div class='flex_cell av-ac9es4-0d329763c7349c53a7fbe8de828fa29e av-gridrow-cell av_one_half no_margin  avia-builder-el-1  el_before_av_cell_one_half  avia-builder-el-first  content-align-middle avia-full-contain'  ><div class='flex_cell_inner'><p>\n<style type=\"text\/css\" data-created_by=\"avia_inline_auto\" id=\"style-css-av-a598uk-9e9de30b36b4f3dc76f6f7611f53a505\">\n#top .av-special-heading.av-a598uk-9e9de30b36b4f3dc76f6f7611f53a505{\npadding-bottom:0;\ncolor:#020202;\nfont-size:60px;\n}\nbody .av-special-heading.av-a598uk-9e9de30b36b4f3dc76f6f7611f53a505 .av-special-heading-tag .heading-char{\nfont-size:25px;\n}\n#top #wrap_all .av-special-heading.av-a598uk-9e9de30b36b4f3dc76f6f7611f53a505 .av-special-heading-tag{\nfont-size:60px;\n}\n.av-special-heading.av-a598uk-9e9de30b36b4f3dc76f6f7611f53a505 .special-heading-inner-border{\nborder-color:#020202;\n}\n.av-special-heading.av-a598uk-9e9de30b36b4f3dc76f6f7611f53a505 .av-subheading{\nfont-size:15px;\n}\n\n@media only screen and (min-width: 480px) and (max-width: 767px){ \n#top #wrap_all .av-special-heading.av-a598uk-9e9de30b36b4f3dc76f6f7611f53a505 .av-special-heading-tag{\nfont-size:0.8em;\n}\n}\n\n@media only screen and (max-width: 479px){ \n#top #wrap_all .av-special-heading.av-a598uk-9e9de30b36b4f3dc76f6f7611f53a505 .av-special-heading-tag{\nfont-size:0.8em;\n}\n}\n<\/style>\n<div  class='av-special-heading av-a598uk-9e9de30b36b4f3dc76f6f7611f53a505 av-special-heading-h1 custom-color-heading blockquote modern-quote modern-centered  avia-builder-el-2  el_before_av_hr  avia-builder-el-first  av-inherit-size'><h1 class='av-special-heading-tag '  itemprop=\"headline\"  >Saisons<\/h1><div class=\"special-heading-border\"><div class=\"special-heading-inner-border\"><\/div><\/div><\/div><br \/>\n\n<style type=\"text\/css\" data-created_by=\"avia_inline_auto\" id=\"style-css-av-a33w4k-d152f91e4444795fa792e6bbe106ce37\">\n#top .hr.av-a33w4k-d152f91e4444795fa792e6bbe106ce37{\nmargin-top:30px;\nmargin-bottom:30px;\n}\n.hr.av-a33w4k-d152f91e4444795fa792e6bbe106ce37 .hr-inner{\nwidth:50px;\nborder-color:#ffffff;\n}\n<\/style>\n<div  class='hr av-a33w4k-d152f91e4444795fa792e6bbe106ce37 hr-custom  avia-builder-el-3  el_after_av_heading  el_before_av_textblock  hr-center hr-icon-no'><span class='hr-inner inner-border-av-border-fat'><span class=\"hr-inner-style\"><\/span><\/span><\/div><br \/>\n\n<style type=\"text\/css\" data-created_by=\"avia_inline_auto\" id=\"style-css-av-9s8o0s-fa37c1570a6ced0226992523dc10338c\">\n#top .av_textblock_section.av-9s8o0s-fa37c1570a6ced0226992523dc10338c .avia_textblock{\nfont-size:16px;\ncolor:#000000;\ntext-align:left;\n}\n<\/style>\n<section  class='av_textblock_section av-9s8o0s-fa37c1570a6ced0226992523dc10338c '   itemscope=\"itemscope\" itemtype=\"https:\/\/schema.org\/CreativeWork\" ><div class='avia_textblock av_inherit_color'  itemprop=\"text\" ><p style=\"text-align: center;\">  La cr\u00e9ation de collages saisonniers dans Photoshop offre de nombreuses possibilit\u00e9s d&rsquo;exprimer votre cr\u00e9ativit\u00e9 et de capturer l&rsquo;ambiance de chaque saison. Des fleurs de printemps aux sc\u00e8nes de plage d&rsquo;\u00e9t\u00e9, en passant par les feuilles d&rsquo;automne et les paysages d&rsquo;hiver, chaque saison poss\u00e8de ses propres \u00e9l\u00e9ments distinctifs que vous pouvez incorporer dans votre design.<\/p>\n<p style=\"text-align: center;\">Le fait d&rsquo;anticiper la saison suivante vous permet de vous projeter dans l&rsquo;avenir et d&rsquo;anticiper les changements de la nature et du temps. Avez-vous d\u00e9j\u00e0 un style sp\u00e9cifique en t\u00eate pour vos collages, comme le minimalisme, le r\u00e9alisme ou peut-\u00eatre m\u00eame le surr\u00e9alisme ?<\/p>\n<\/div><\/section><br \/>\n\n<style type=\"text\/css\" data-created_by=\"avia_inline_auto\" id=\"style-css-av-9o6el8-925d065327607fe797988f1e484eb348\">\n#top .hr.hr-invisible.av-9o6el8-925d065327607fe797988f1e484eb348{\nheight:10px;\n}\n<\/style>\n<div  class='hr av-9o6el8-925d065327607fe797988f1e484eb348 hr-invisible  avia-builder-el-5  el_after_av_textblock  el_before_av_masonry_gallery  avia-builder-el-last '><span class='hr-inner '><span class=\"hr-inner-style\"><\/span><\/span><\/div><br \/>\n\n<style type=\"text\/css\" data-created_by=\"avia_inline_auto\" id=\"style-css-av-9io60k-a4cc570980a22d476f39b3774e6241ff\">\n#top .av-masonry.av-9io60k-a4cc570980a22d476f39b3774e6241ff{\nbackground-color:#d69cbf;\n}\n<\/style>\n<div id='av-masonry-1' class='av-masonry av-9io60k-a4cc570980a22d476f39b3774e6241ff noHover av-fixed-size av-large-gap av-hover-overlay- av-masonry-animation-active av-masonry-col-2 av-caption-on-hover av-caption-style- av-masonry-gallery av-orientation-square ' data-post_id=\"2240\"><div class=\"av-masonry-container isotope av-js-disabled\"><div class='av-masonry-entry isotope-item av-masonry-item-no-image '><\/div><a href=\"https:\/\/floortjevanloon.nl\/wp-content\/uploads\/2025\/02\/Canvas.png\" data-srcset=\"https:\/\/floortjevanloon.nl\/wp-content\/uploads\/2025\/02\/Canvas.png 500w, https:\/\/floortjevanloon.nl\/wp-content\/uploads\/2025\/02\/Canvas-300x300.png 300w, https:\/\/floortjevanloon.nl\/wp-content\/uploads\/2025\/02\/Canvas-80x80.png 80w, https:\/\/floortjevanloon.nl\/wp-content\/uploads\/2025\/02\/Canvas-36x36.png 36w, https:\/\/floortjevanloon.nl\/wp-content\/uploads\/2025\/02\/Canvas-180x180.png 180w, https:\/\/floortjevanloon.nl\/wp-content\/uploads\/2025\/02\/Canvas-200x200.png 200w\" data-sizes=\"(max-width: 500px) 100vw, 500px\"  aria-label=\"image Toile\"  id='av-masonry-1-item-12931' data-av-masonry-item='12931' class='av-masonry-entry isotope-item post-12931 attachment type-attachment status-inherit hentry  av-masonry-item-with-image' title=\"Toile\" alt=\"\"    itemprop=\"thumbnailUrl\" ><div class='av-inner-masonry-sizer'><\/div><figure class='av-inner-masonry main_color'><div class=\"av-masonry-outerimage-container\"><div class='av-masonry-image-container' style=\"background-image: url(https:\/\/floortjevanloon.nl\/wp-content\/uploads\/2025\/02\/Canvas.png);\"  title=\"Toile\" ><\/div><\/div><figcaption class='av-inner-masonry-content site-background'><div class='av-inner-masonry-content-pos'><div class='av-inner-masonry-content-pos-content'><div class='avia-arrow'><\/div><h3 class='av-masonry-entry-title entry-title '  itemprop=\"headline\" >Toile<\/h3><\/div><\/div><\/figcaption><\/figure><\/a><!--end av-masonry entry--><a href=\"https:\/\/floortjevanloon.nl\/wp-content\/uploads\/2025\/01\/Bloemenveld.png\" data-srcset=\"https:\/\/floortjevanloon.nl\/wp-content\/uploads\/2025\/01\/Bloemenveld.png 500w, https:\/\/floortjevanloon.nl\/wp-content\/uploads\/2025\/01\/Bloemenveld-214x300.png 214w\" data-sizes=\"(max-width: 500px) 100vw, 500px\"  aria-label=\"image Bloemenveld\"  id='av-masonry-1-item-12318' data-av-masonry-item='12318' class='av-masonry-entry isotope-item post-12318 attachment type-attachment status-inherit hentry  av-masonry-item-with-image' title=\"Bloemenveld\" alt=\"\"    itemprop=\"thumbnailUrl\" ><div class='av-inner-masonry-sizer'><\/div><figure class='av-inner-masonry main_color'><div class=\"av-masonry-outerimage-container\"><div class='av-masonry-image-container' style=\"background-image: url(https:\/\/floortjevanloon.nl\/wp-content\/uploads\/2025\/01\/Bloemenveld.png);\"  title=\"Bloemenveld\" ><\/div><\/div><figcaption class='av-inner-masonry-content site-background'><div class='av-inner-masonry-content-pos'><div class='av-inner-masonry-content-pos-content'><div class='avia-arrow'><\/div><h3 class='av-masonry-entry-title entry-title '  itemprop=\"headline\" >Bloemenveld<\/h3><\/div><\/div><\/figcaption><\/figure><\/a><!--end av-masonry entry--><a href=\"https:\/\/floortjevanloon.nl\/wp-content\/uploads\/2025\/02\/canvas-1.png\" data-srcset=\"https:\/\/floortjevanloon.nl\/wp-content\/uploads\/2025\/02\/canvas-1.png 500w, https:\/\/floortjevanloon.nl\/wp-content\/uploads\/2025\/02\/canvas-1-300x300.png 300w, https:\/\/floortjevanloon.nl\/wp-content\/uploads\/2025\/02\/canvas-1-80x80.png 80w, https:\/\/floortjevanloon.nl\/wp-content\/uploads\/2025\/02\/canvas-1-36x36.png 36w, https:\/\/floortjevanloon.nl\/wp-content\/uploads\/2025\/02\/canvas-1-180x180.png 180w, https:\/\/floortjevanloon.nl\/wp-content\/uploads\/2025\/02\/canvas-1-200x200.png 200w\" data-sizes=\"(max-width: 500px) 100vw, 500px\"  aria-label=\"image canvas-1\"  id='av-masonry-1-item-12935' data-av-masonry-item='12935' class='av-masonry-entry isotope-item post-12935 attachment type-attachment status-inherit hentry  av-masonry-item-with-image' title=\"canvas-1\" alt=\"\"    itemprop=\"thumbnailUrl\" ><div class='av-inner-masonry-sizer'><\/div><figure class='av-inner-masonry main_color'><div class=\"av-masonry-outerimage-container\"><div class='av-masonry-image-container' style=\"background-image: url(https:\/\/floortjevanloon.nl\/wp-content\/uploads\/2025\/02\/canvas-1.png);\"  title=\"canvas-1\" ><\/div><\/div><figcaption class='av-inner-masonry-content site-background'><div class='av-inner-masonry-content-pos'><div class='av-inner-masonry-content-pos-content'><div class='avia-arrow'><\/div><h3 class='av-masonry-entry-title entry-title '  itemprop=\"headline\" >canvas-1<\/h3><\/div><\/div><\/figcaption><\/figure><\/a><!--end av-masonry entry--><a href=\"https:\/\/floortjevanloon.nl\/wp-content\/uploads\/2024\/12\/landschap-fall.png\" data-srcset=\"https:\/\/floortjevanloon.nl\/wp-content\/uploads\/2024\/12\/landschap-fall.png 700w, https:\/\/floortjevanloon.nl\/wp-content\/uploads\/2024\/12\/landschap-fall-300x214.png 300w, https:\/\/floortjevanloon.nl\/wp-content\/uploads\/2024\/12\/landschap-fall-260x185.png 260w\" data-sizes=\"(max-width: 700px) 100vw, 700px\"  aria-label=\"image landschap-fall\"  id='av-masonry-1-item-11689' data-av-masonry-item='11689' class='av-masonry-entry isotope-item post-11689 attachment type-attachment status-inherit hentry  av-masonry-item-with-image' title=\"landschap-fall\" alt=\"\"    itemprop=\"thumbnailUrl\" ><div class='av-inner-masonry-sizer'><\/div><figure class='av-inner-masonry main_color'><div class=\"av-masonry-outerimage-container\"><div class='av-masonry-image-container' style=\"background-image: url(https:\/\/floortjevanloon.nl\/wp-content\/uploads\/2024\/12\/landschap-fall.png);\"  title=\"landschap-fall\" ><\/div><\/div><figcaption class='av-inner-masonry-content site-background'><div class='av-inner-masonry-content-pos'><div class='av-inner-masonry-content-pos-content'><div class='avia-arrow'><\/div><h3 class='av-masonry-entry-title entry-title '  itemprop=\"headline\" >landschap-fall<\/h3><\/div><\/div><\/figcaption><\/figure><\/a><!--end av-masonry entry--><a href=\"https:\/\/floortjevanloon.nl\/wp-content\/uploads\/2024\/12\/Bos.png\" data-srcset=\"https:\/\/floortjevanloon.nl\/wp-content\/uploads\/2024\/12\/Bos.png 500w, https:\/\/floortjevanloon.nl\/wp-content\/uploads\/2024\/12\/Bos-220x300.png 220w\" data-sizes=\"(max-width: 500px) 100vw, 500px\"  aria-label=\"image Bos\"  id='av-masonry-1-item-11677' data-av-masonry-item='11677' class='av-masonry-entry isotope-item post-11677 attachment type-attachment status-inherit hentry  av-masonry-item-with-image' title=\"Bos\" alt=\"\"    itemprop=\"thumbnailUrl\" ><div class='av-inner-masonry-sizer'><\/div><figure class='av-inner-masonry main_color'><div class=\"av-masonry-outerimage-container\"><div class='av-masonry-image-container' style=\"background-image: url(https:\/\/floortjevanloon.nl\/wp-content\/uploads\/2024\/12\/Bos.png);\"  title=\"Bos\" ><\/div><\/div><figcaption class='av-inner-masonry-content site-background'><div class='av-inner-masonry-content-pos'><div class='av-inner-masonry-content-pos-content'><div class='avia-arrow'><\/div><h3 class='av-masonry-entry-title entry-title '  itemprop=\"headline\" >Bos<\/h3><\/div><\/div><\/figcaption><\/figure><\/a><!--end av-masonry entry--><a href=\"https:\/\/floortjevanloon.nl\/wp-content\/uploads\/2024\/12\/drama.png\" data-srcset=\"https:\/\/floortjevanloon.nl\/wp-content\/uploads\/2024\/12\/drama.png 500w, https:\/\/floortjevanloon.nl\/wp-content\/uploads\/2024\/12\/drama-300x300.png 300w, https:\/\/floortjevanloon.nl\/wp-content\/uploads\/2024\/12\/drama-80x80.png 80w, https:\/\/floortjevanloon.nl\/wp-content\/uploads\/2024\/12\/drama-36x36.png 36w, https:\/\/floortjevanloon.nl\/wp-content\/uploads\/2024\/12\/drama-180x180.png 180w\" data-sizes=\"(max-width: 500px) 100vw, 500px\"  aria-label=\"image Drame\"  id='av-masonry-1-item-11681' data-av-masonry-item='11681' class='av-masonry-entry isotope-item post-11681 attachment type-attachment status-inherit hentry  av-masonry-item-with-image' title=\"Drame\" alt=\"\"    itemprop=\"thumbnailUrl\" ><div class='av-inner-masonry-sizer'><\/div><figure class='av-inner-masonry main_color'><div class=\"av-masonry-outerimage-container\"><div class='av-masonry-image-container' style=\"background-image: url(https:\/\/floortjevanloon.nl\/wp-content\/uploads\/2024\/12\/drama.png);\"  title=\"Drame\" ><\/div><\/div><figcaption class='av-inner-masonry-content site-background'><div class='av-inner-masonry-content-pos'><div class='av-inner-masonry-content-pos-content'><div class='avia-arrow'><\/div><h3 class='av-masonry-entry-title entry-title '  itemprop=\"headline\" >Drame<\/h3><\/div><\/div><\/figcaption><\/figure><\/a><!--end av-masonry entry--><a href=\"https:\/\/floortjevanloon.nl\/wp-content\/uploads\/2024\/11\/461967154_1960176437832358_8441437690877002458_n.png\" data-srcset=\"https:\/\/floortjevanloon.nl\/wp-content\/uploads\/2024\/11\/461967154_1960176437832358_8441437690877002458_n.png 500w, https:\/\/floortjevanloon.nl\/wp-content\/uploads\/2024\/11\/461967154_1960176437832358_8441437690877002458_n-225x300.png 225w\" data-sizes=\"(max-width: 500px) 100vw, 500px\"  aria-label=\"image Fleurs color\u00e9es\"  id='av-masonry-1-item-10777' data-av-masonry-item='10777' class='av-masonry-entry isotope-item post-10777 attachment type-attachment status-inherit hentry  av-masonry-item-with-image' title=\"Fleurs color\u00e9es\" alt=\"\"    itemprop=\"thumbnailUrl\" ><div class='av-inner-masonry-sizer'><\/div><figure class='av-inner-masonry main_color'><div class=\"av-masonry-outerimage-container\"><div class='av-masonry-image-container' style=\"background-image: url(https:\/\/floortjevanloon.nl\/wp-content\/uploads\/2024\/11\/461967154_1960176437832358_8441437690877002458_n.png);\"  title=\"Fleurs color\u00e9es\" ><\/div><\/div><figcaption class='av-inner-masonry-content site-background'><div class='av-inner-masonry-content-pos'><div class='av-inner-masonry-content-pos-content'><div class='avia-arrow'><\/div><h3 class='av-masonry-entry-title entry-title '  itemprop=\"headline\" >Fleurs color\u00e9es<\/h3><\/div><\/div><\/figcaption><\/figure><\/a><!--end av-masonry entry--><a href=\"https:\/\/floortjevanloon.nl\/wp-content\/uploads\/2024\/08\/flowers-4.png\" data-srcset=\"https:\/\/floortjevanloon.nl\/wp-content\/uploads\/2024\/08\/flowers-4.png 500w, https:\/\/floortjevanloon.nl\/wp-content\/uploads\/2024\/08\/flowers-4-203x300.png 203w, https:\/\/floortjevanloon.nl\/wp-content\/uploads\/2024\/08\/flowers-4-476x705.png 476w\" data-sizes=\"(max-width: 500px) 100vw, 500px\"  aria-label=\"image flowers-4\"  id='av-masonry-1-item-8124' data-av-masonry-item='8124' class='av-masonry-entry isotope-item post-8124 attachment type-attachment status-inherit hentry  av-masonry-item-with-image' title=\"flowers-4\" alt=\"\"    itemprop=\"thumbnailUrl\" ><div class='av-inner-masonry-sizer'><\/div><figure class='av-inner-masonry main_color'><div class=\"av-masonry-outerimage-container\"><div class='av-masonry-image-container' style=\"background-image: url(https:\/\/floortjevanloon.nl\/wp-content\/uploads\/2024\/08\/flowers-4-476x705.png);\"  title=\"flowers-4\" ><\/div><\/div><figcaption class='av-inner-masonry-content site-background'><div class='av-inner-masonry-content-pos'><div class='av-inner-masonry-content-pos-content'><div class='avia-arrow'><\/div><h3 class='av-masonry-entry-title entry-title '  itemprop=\"headline\" >flowers-4<\/h3><\/div><\/div><\/figcaption><\/figure><\/a><!--end av-masonry entry--><a href=\"https:\/\/floortjevanloon.nl\/wp-content\/uploads\/2024\/08\/wall-12.png\" data-srcset=\"https:\/\/floortjevanloon.nl\/wp-content\/uploads\/2024\/08\/wall-12.png 500w, https:\/\/floortjevanloon.nl\/wp-content\/uploads\/2024\/08\/wall-12-300x300.png 300w, https:\/\/floortjevanloon.nl\/wp-content\/uploads\/2024\/08\/wall-12-80x80.png 80w, https:\/\/floortjevanloon.nl\/wp-content\/uploads\/2024\/08\/wall-12-36x36.png 36w, https:\/\/floortjevanloon.nl\/wp-content\/uploads\/2024\/08\/wall-12-180x180.png 180w\" data-sizes=\"(max-width: 500px) 100vw, 500px\"  aria-label=\"image wall-12\"  id='av-masonry-1-item-7728' data-av-masonry-item='7728' class='av-masonry-entry isotope-item post-7728 attachment type-attachment status-inherit hentry  av-masonry-item-with-image' title=\"wall-12\" alt=\"\"    itemprop=\"thumbnailUrl\" ><div class='av-inner-masonry-sizer'><\/div><figure class='av-inner-masonry main_color'><div class=\"av-masonry-outerimage-container\"><div class='av-masonry-image-container' style=\"background-image: url(https:\/\/floortjevanloon.nl\/wp-content\/uploads\/2024\/08\/wall-12.png);\"  title=\"wall-12\" ><\/div><\/div><figcaption class='av-inner-masonry-content site-background'><div class='av-inner-masonry-content-pos'><div class='av-inner-masonry-content-pos-content'><div class='avia-arrow'><\/div><h3 class='av-masonry-entry-title entry-title '  itemprop=\"headline\" >wall-12<\/h3><\/div><\/div><\/figcaption><\/figure><\/a><!--end av-masonry entry--><a href=\"https:\/\/floortjevanloon.nl\/wp-content\/uploads\/2024\/05\/A-still-klein-773x1030.jpg\" data-srcset=\"https:\/\/floortjevanloon.nl\/wp-content\/uploads\/2024\/05\/A-still-klein-773x1030.jpg 773w, https:\/\/floortjevanloon.nl\/wp-content\/uploads\/2024\/05\/A-still-klein-225x300.jpg 225w, https:\/\/floortjevanloon.nl\/wp-content\/uploads\/2024\/05\/A-still-klein-768x1024.jpg 768w, https:\/\/floortjevanloon.nl\/wp-content\/uploads\/2024\/05\/A-still-klein-529x705.jpg 529w, https:\/\/floortjevanloon.nl\/wp-content\/uploads\/2024\/05\/A-still-klein.jpg 864w\" data-sizes=\"(max-width: 773px) 100vw, 773px\"  aria-label=\"image Saisons\"  id='av-masonry-1-item-3640' data-av-masonry-item='3640' class='av-masonry-entry isotope-item post-3640 attachment type-attachment status-inherit hentry  av-masonry-item-with-image' title=\"Saisons\" alt=\"\"    itemprop=\"thumbnailUrl\" ><div class='av-inner-masonry-sizer'><\/div><figure class='av-inner-masonry main_color'><div class=\"av-masonry-outerimage-container\"><div class='av-masonry-image-container' style=\"background-image: url(https:\/\/floortjevanloon.nl\/wp-content\/uploads\/2024\/05\/A-still-klein-529x705.jpg);\"  title=\"Saisons\" ><\/div><\/div><figcaption class='av-inner-masonry-content site-background'><div class='av-inner-masonry-content-pos'><div class='av-inner-masonry-content-pos-content'><div class='avia-arrow'><\/div><h3 class='av-masonry-entry-title entry-title '  itemprop=\"headline\" >Saisons<\/h3><\/div><\/div><\/figcaption><\/figure><\/a><!--end av-masonry entry--><\/div><\/div><br \/>\n\n<style type=\"text\/css\" data-created_by=\"avia_inline_auto\" id=\"style-css-av-9ev558-7adda69fab7d3da6a76f458c68d858e6\">\n#top .hr.hr-invisible.av-9ev558-7adda69fab7d3da6a76f458c68d858e6{\nheight:10px;\n}\n<\/style>\n<div  class='hr av-9ev558-7adda69fab7d3da6a76f458c68d858e6 hr-invisible  avia-builder-el-7  el_after_av_masonry_gallery  avia-builder-el-no-sibling '><span class='hr-inner '><span class=\"hr-inner-style\"><\/span><\/span><\/div><\/p>\n<\/div><\/div>\n<style type=\"text\/css\" data-created_by=\"avia_inline_auto\" id=\"style-css-av-95dk2s-7b1f372106710331febd7ef685363c8c\">\n.flex_cell.av-95dk2s-7b1f372106710331febd7ef685363c8c{\nvertical-align:middle;\nbackground:url(https:\/\/floortjevanloon.nl\/wp-content\/uploads\/2023\/09\/seizoenen.png) 100% 50% no-repeat fixed ;\n}\n.responsive #top #wrap_all .flex_cell.av-95dk2s-7b1f372106710331febd7ef685363c8c{\npadding:100px 0px 30px 100px !important;\n}\n<\/style>\n<div class='flex_cell av-95dk2s-7b1f372106710331febd7ef685363c8c av-gridrow-cell av_one_half no_margin av-hide-on-mobile  avia-builder-el-8  el_after_av_cell_one_half  avia-builder-el-last  content-align-middle avia-full-contain'  ><div class='flex_cell_inner'><\/div><\/div><\/div>\n","protected":false},"excerpt":{"rendered":"","protected":false},"author":1,"featured_media":0,"parent":0,"menu_order":0,"comment_status":"closed","ping_status":"closed","template":"","meta":{"footnotes":""},"class_list":["post-2240","page","type-page","status-publish","hentry"],"_links":{"self":[{"href":"https:\/\/floortjevanloon.nl\/fr\/wp-json\/wp\/v2\/pages\/2240","targetHints":{"allow":["GET"]}}],"collection":[{"href":"https:\/\/floortjevanloon.nl\/fr\/wp-json\/wp\/v2\/pages"}],"about":[{"href":"https:\/\/floortjevanloon.nl\/fr\/wp-json\/wp\/v2\/types\/page"}],"author":[{"embeddable":true,"href":"https:\/\/floortjevanloon.nl\/fr\/wp-json\/wp\/v2\/users\/1"}],"replies":[{"embeddable":true,"href":"https:\/\/floortjevanloon.nl\/fr\/wp-json\/wp\/v2\/comments?post=2240"}],"version-history":[{"count":0,"href":"https:\/\/floortjevanloon.nl\/fr\/wp-json\/wp\/v2\/pages\/2240\/revisions"}],"wp:attachment":[{"href":"https:\/\/floortjevanloon.nl\/fr\/wp-json\/wp\/v2\/media?parent=2240"}],"curies":[{"name":"wp","href":"https:\/\/api.w.org\/{rel}","templated":true}]}}