{"id":2239,"date":"2023-12-10T11:09:02","date_gmt":"2023-12-10T11:09:02","guid":{"rendered":"https:\/\/floortjevanloon.nl\/sur-le-mur\/"},"modified":"2026-03-01T13:00:54","modified_gmt":"2026-03-01T13:00:54","slug":"sur-le-mur","status":"publish","type":"page","link":"https:\/\/floortjevanloon.nl\/fr\/sur-le-mur\/","title":{"rendered":"Sur le mur"},"content":{"rendered":"<div id='recent'  class='av-layout-grid-container av-ahgaek-3ec57f06fc0db8e986033c7f4be3c801 entry-content-wrapper main_color av-flex-cells  avia-builder-el-0  avia-builder-el-no-sibling  av-cell-min-height av-cell-min-height-100  container_wrap sidebar_left'   data-av_minimum_height_pc='100'>\n\n<style type=\"text\/css\" data-created_by=\"avia_inline_auto\" id=\"style-css-av-ac9es4-097f92f735549ca9dcbf2ab03766a7f6\">\n.flex_cell.av-ac9es4-097f92f735549ca9dcbf2ab03766a7f6{\nvertical-align:middle;\nbackground-color:#af533f;\n}\n.responsive #top #wrap_all .flex_cell.av-ac9es4-097f92f735549ca9dcbf2ab03766a7f6{\npadding:100px 30px 30px 30px !important;\n}\n<\/style>\n<div class='flex_cell av-ac9es4-097f92f735549ca9dcbf2ab03766a7f6 av-gridrow-cell av_one_half no_margin  avia-builder-el-1  el_before_av_cell_one_half  avia-builder-el-first  content-align-middle avia-full-contain'  ><div class='flex_cell_inner'><p>\n<style type=\"text\/css\" data-created_by=\"avia_inline_auto\" id=\"style-css-av-a598uk-3eed6d47f7ac29af4ed1b4b8a8dcf765\">\n#top .av-special-heading.av-a598uk-3eed6d47f7ac29af4ed1b4b8a8dcf765{\npadding-bottom:0;\ncolor:#020202;\nfont-size:60px;\n}\nbody .av-special-heading.av-a598uk-3eed6d47f7ac29af4ed1b4b8a8dcf765 .av-special-heading-tag .heading-char{\nfont-size:25px;\n}\n#top #wrap_all .av-special-heading.av-a598uk-3eed6d47f7ac29af4ed1b4b8a8dcf765 .av-special-heading-tag{\nfont-size:60px;\n}\n.av-special-heading.av-a598uk-3eed6d47f7ac29af4ed1b4b8a8dcf765 .special-heading-inner-border{\nborder-color:#020202;\n}\n.av-special-heading.av-a598uk-3eed6d47f7ac29af4ed1b4b8a8dcf765 .av-subheading{\nfont-size:15px;\n}\n\n@media only screen and (min-width: 480px) and (max-width: 767px){ \n#top #wrap_all .av-special-heading.av-a598uk-3eed6d47f7ac29af4ed1b4b8a8dcf765 .av-special-heading-tag{\nfont-size:0.8em;\n}\n}\n\n@media only screen and (max-width: 479px){ \n#top #wrap_all .av-special-heading.av-a598uk-3eed6d47f7ac29af4ed1b4b8a8dcf765 .av-special-heading-tag{\nfont-size:0.8em;\n}\n}\n<\/style>\n<div  class='av-special-heading av-a598uk-3eed6d47f7ac29af4ed1b4b8a8dcf765 av-special-heading-h1 custom-color-heading blockquote modern-quote modern-centered  avia-builder-el-2  el_before_av_textblock  avia-builder-el-first  av-inherit-size'><h1 class='av-special-heading-tag '  itemprop=\"headline\"  >Sur le mur<\/h1><div class=\"special-heading-border\"><div class=\"special-heading-inner-border\"><\/div><\/div><\/div><br \/>\n\n<style type=\"text\/css\" data-created_by=\"avia_inline_auto\" id=\"style-css-av-mm7r2bz4-9dd0cba01667eb672b0760278831701d\">\n#top .av_textblock_section.av-mm7r2bz4-9dd0cba01667eb672b0760278831701d .avia_textblock{\nfont-size:16px;\ncolumn-count:2;\n}\n<\/style>\n<section  class='av_textblock_section av-mm7r2bz4-9dd0cba01667eb672b0760278831701d '   itemscope=\"itemscope\" itemtype=\"https:\/\/schema.org\/CreativeWork\" ><div class='avia_textblock av_multi_colums'  itemprop=\"text\" ><div class=\"wp-block-image\"><\/div>\n<p>Cette \u0153uvre est aujourd&rsquo;hui expos\u00e9e en Am\u00e9rique.<\/p>\n<div class=\"wp-block-image\"><img loading=\"lazy\" decoding=\"async\" class=\"wpa-warning wpa-image-missing-alt alignnone size-full wp-image-19483\" src=\"https:\/\/floortjevanloon.nl\/wp-content\/uploads\/2026\/03\/werk-sarah.png\" alt=\"\" width=\"500\" height=\"831\" data-warning=\"Ontbrekende alt-tekst\" srcset=\"https:\/\/floortjevanloon.nl\/wp-content\/uploads\/2026\/03\/werk-sarah.png 500w, https:\/\/floortjevanloon.nl\/wp-content\/uploads\/2026\/03\/werk-sarah-181x300.png 181w, https:\/\/floortjevanloon.nl\/wp-content\/uploads\/2026\/03\/werk-sarah-424x705.png 424w\" sizes=\"auto, (max-width: 500px) 100vw, 500px\" \/><\/div>\n<div class=\"wp-block-image\"><\/div>\n<blockquote>\n<div class=\"wp-block-image\">\n<p><span style=\"color: #222222;\"><span style=\"font-family: Arial, Helvetica, sans-serif;\"><span style=\"font-size: medium;\">Je ne m&rsquo;attendais pas \u00e0 ce que l&rsquo;\u0153uvre soit pr\u00eate \u00e0 \u00eatre accroch\u00e9e au mur, et je vous en remercie. C&rsquo;est tellement beau et \u00e9blouissant.<\/span><\/span><\/span><\/p>\n<p><span style=\"color: #222222;\"><span style=\"font-family: Arial, Helvetica, sans-serif;\"><span style=\"font-size: medium;\">Je me souviendrai de ma ch\u00e8re s\u0153ur chaque fois que je le regarderai. Vous \u00eates un artiste de classe mondiale.   <\/span><\/span><\/span><\/p>\n<p><span style=\"color: #222222;\"><span style=\"font-family: Arial, Helvetica, sans-serif;\"><span style=\"font-size: medium;\">Je vous remercie \u00e9galement, ch\u00e8re Floortje, pour le soin que vous avez apport\u00e9 \u00e0 l&#8217;emballage. Je suis tr\u00e8s heureuse ! Je le posterai bient\u00f4t sur fb. <\/span><\/span><\/span><\/p>\n<p><span style=\"color: #222222;\"><span style=\"font-family: Arial, Helvetica, sans-serif;\"><span style=\"font-size: medium;\">Beaucoup d&rsquo;amour, Sarah xx<\/span><\/span><\/span><\/p>\n<\/div>\n<\/blockquote>\n<\/div><\/section><br \/>\n<div  class='hr av-a33w4k-d2e4c5480e797c42942867149b67e0fc hr-default  avia-builder-el-4  el_after_av_textblock  el_before_av_textblock '><span class='hr-inner '><span class=\"hr-inner-style\"><\/span><\/span><\/div><br \/>\n\n<style type=\"text\/css\" data-created_by=\"avia_inline_auto\" id=\"style-css-av-9s8o0s-cc8bd3cbb659a9e3537ce4a8c337676d\">\n#top .av_textblock_section.av-9s8o0s-cc8bd3cbb659a9e3537ce4a8c337676d .avia_textblock{\ncolor:#ffffff;\n}\n<\/style>\n<section  class='av_textblock_section av-9s8o0s-cc8bd3cbb659a9e3537ce4a8c337676d '   itemscope=\"itemscope\" itemtype=\"https:\/\/schema.org\/CreativeWork\" ><div class='avia_textblock av_inherit_color'  itemprop=\"text\" ><p style=\"margin: 5pt 0cm 0.0001pt 36pt; text-align: center;\">Photos sur le mur.<\/p>\n<\/div><\/section><br \/>\n\n<style type=\"text\/css\" data-created_by=\"avia_inline_auto\" id=\"style-css-av-9o6el8-925d065327607fe797988f1e484eb348\">\n#top .hr.hr-invisible.av-9o6el8-925d065327607fe797988f1e484eb348{\nheight:10px;\n}\n<\/style>\n<div  class='hr av-9o6el8-925d065327607fe797988f1e484eb348 hr-invisible  avia-builder-el-6  el_after_av_textblock  el_before_av_masonry_gallery  avia-builder-el-last '><span class='hr-inner '><span class=\"hr-inner-style\"><\/span><\/span><\/div><br \/>\n\n<style type=\"text\/css\" data-created_by=\"avia_inline_auto\" id=\"style-css-av-9io60k-2a2eb373bc09eeef5029fc13203f95c3\">\n#top .av-masonry.av-9io60k-2a2eb373bc09eeef5029fc13203f95c3{\nbackground-color:#bfada5;\n}\n<\/style>\n<div id='av-masonry-1' class='av-masonry av-9io60k-2a2eb373bc09eeef5029fc13203f95c3 noHover av-fixed-size av-large-gap av-hover-overlay-active av-masonry-animation-active av-masonry-col-2 av-caption-on-hover av-caption-style- av-masonry-gallery av-orientation-square ' data-post_id=\"2239\"><div class=\"av-masonry-container isotope av-js-disabled\"><div class='av-masonry-entry isotope-item av-masonry-item-no-image '><\/div><a href=\"https:\/\/floortjevanloon.nl\/wp-content\/uploads\/2024\/03\/fowers-pgn.png\" data-srcset=\"https:\/\/floortjevanloon.nl\/wp-content\/uploads\/2024\/03\/fowers-pgn.png 500w, https:\/\/floortjevanloon.nl\/wp-content\/uploads\/2024\/03\/fowers-pgn-275x300.png 275w\" data-sizes=\"(max-width: 500px) 100vw, 500px\"  aria-label=\"image image sans titre\"  id='av-masonry-1-item-2247' data-av-masonry-item='2247' class='av-masonry-entry isotope-item post-2247 attachment type-attachment status-inherit hentry  av-masonry-item-with-image' title=\"\" alt=\"\"    itemprop=\"thumbnailUrl\" ><div class='av-inner-masonry-sizer'><\/div><figure class='av-inner-masonry main_color'><div class=\"av-masonry-outerimage-container\"><div class='av-masonry-image-container' style=\"background-image: url(https:\/\/floortjevanloon.nl\/wp-content\/uploads\/2024\/03\/fowers-pgn.png);\" ><\/div><\/div><\/figure><\/a><!--end av-masonry entry--><a href=\"https:\/\/floortjevanloon.nl\/wp-content\/uploads\/2024\/03\/wilma-pgn.png\" data-srcset=\"https:\/\/floortjevanloon.nl\/wp-content\/uploads\/2024\/03\/wilma-pgn.png 500w, https:\/\/floortjevanloon.nl\/wp-content\/uploads\/2024\/03\/wilma-pgn-267x300.png 267w\" data-sizes=\"(max-width: 500px) 100vw, 500px\"  aria-label=\"image image sans titre\"  id='av-masonry-1-item-2249' data-av-masonry-item='2249' class='av-masonry-entry isotope-item post-2249 attachment type-attachment status-inherit hentry  av-masonry-item-with-image' title=\"\" alt=\"\"    itemprop=\"thumbnailUrl\" ><div class='av-inner-masonry-sizer'><\/div><figure class='av-inner-masonry main_color'><div class=\"av-masonry-outerimage-container\"><div class='av-masonry-image-container' style=\"background-image: url(https:\/\/floortjevanloon.nl\/wp-content\/uploads\/2024\/03\/wilma-pgn.png);\" ><\/div><\/div><\/figure><\/a><!--end av-masonry entry--><a href=\"https:\/\/floortjevanloon.nl\/wp-content\/uploads\/2024\/03\/IMG-20231201-WA0000-copy.png\" data-srcset=\"https:\/\/floortjevanloon.nl\/wp-content\/uploads\/2024\/03\/IMG-20231201-WA0000-copy.png 706w, https:\/\/floortjevanloon.nl\/wp-content\/uploads\/2024\/03\/IMG-20231201-WA0000-copy-300x212.png 300w, https:\/\/floortjevanloon.nl\/wp-content\/uploads\/2024\/03\/IMG-20231201-WA0000-copy-260x185.png 260w\" data-sizes=\"(max-width: 706px) 100vw, 706px\"  aria-label=\"image image sans titre\"  id='av-masonry-1-item-2245' data-av-masonry-item='2245' class='av-masonry-entry isotope-item post-2245 attachment type-attachment status-inherit hentry  av-masonry-item-with-image' title=\"\" alt=\"\"    itemprop=\"thumbnailUrl\" ><div class='av-inner-masonry-sizer'><\/div><figure class='av-inner-masonry main_color'><div class=\"av-masonry-outerimage-container\"><div class='av-masonry-image-container' style=\"background-image: url(https:\/\/floortjevanloon.nl\/wp-content\/uploads\/2024\/03\/IMG-20231201-WA0000-copy.png);\" ><\/div><\/div><\/figure><\/a><!--end av-masonry entry--><a href=\"https:\/\/floortjevanloon.nl\/wp-content\/uploads\/2024\/03\/Zinzi-in-de-stad-copy.png\" data-srcset=\"https:\/\/floortjevanloon.nl\/wp-content\/uploads\/2024\/03\/Zinzi-in-de-stad-copy.png 500w, https:\/\/floortjevanloon.nl\/wp-content\/uploads\/2024\/03\/Zinzi-in-de-stad-copy-225x300.png 225w\" data-sizes=\"(max-width: 500px) 100vw, 500px\"  aria-label=\"image image sans titre\"  id='av-masonry-1-item-2244' data-av-masonry-item='2244' class='av-masonry-entry isotope-item post-2244 attachment type-attachment status-inherit hentry  av-masonry-item-with-image' title=\"\" alt=\"\"    itemprop=\"thumbnailUrl\" ><div class='av-inner-masonry-sizer'><\/div><figure class='av-inner-masonry main_color'><div class=\"av-masonry-outerimage-container\"><div class='av-masonry-image-container' style=\"background-image: url(https:\/\/floortjevanloon.nl\/wp-content\/uploads\/2024\/03\/Zinzi-in-de-stad-copy.png);\" ><\/div><\/div><\/figure><\/a><!--end av-masonry entry--><a href=\"https:\/\/floortjevanloon.nl\/wp-content\/uploads\/2024\/03\/pgn-1030x1030.jpg\" data-srcset=\"https:\/\/floortjevanloon.nl\/wp-content\/uploads\/2024\/03\/pgn-1030x1030.jpg 1030w, https:\/\/floortjevanloon.nl\/wp-content\/uploads\/2024\/03\/pgn-300x300.jpg 300w, https:\/\/floortjevanloon.nl\/wp-content\/uploads\/2024\/03\/pgn-80x80.jpg 80w, https:\/\/floortjevanloon.nl\/wp-content\/uploads\/2024\/03\/pgn-768x767.jpg 768w, https:\/\/floortjevanloon.nl\/wp-content\/uploads\/2024\/03\/pgn-36x36.jpg 36w, https:\/\/floortjevanloon.nl\/wp-content\/uploads\/2024\/03\/pgn-180x180.jpg 180w, https:\/\/floortjevanloon.nl\/wp-content\/uploads\/2024\/03\/pgn-705x705.jpg 705w, https:\/\/floortjevanloon.nl\/wp-content\/uploads\/2024\/03\/pgn.jpg 1080w\" data-sizes=\"(max-width: 1030px) 100vw, 1030px\"  aria-label=\"image fille derri\u00e8re la fen\u00eatre\"  id='av-masonry-1-item-2252' data-av-masonry-item='2252' class='av-masonry-entry isotope-item post-2252 attachment type-attachment status-inherit hentry  av-masonry-item-with-image' title=\"\" alt=\"fille derri\u00e8re la fen\u00eatre\"    itemprop=\"thumbnailUrl\" ><div class='av-inner-masonry-sizer'><\/div><figure class='av-inner-masonry main_color'><div class=\"av-masonry-outerimage-container\"><div class='av-masonry-image-container' style=\"background-image: url(https:\/\/floortjevanloon.nl\/wp-content\/uploads\/2024\/03\/pgn-705x705.jpg);\" ><\/div><\/div><\/figure><\/a><!--end av-masonry entry--><\/div><\/div><br \/>\n\n<style type=\"text\/css\" data-created_by=\"avia_inline_auto\" id=\"style-css-av-9ev558-7adda69fab7d3da6a76f458c68d858e6\">\n#top .hr.hr-invisible.av-9ev558-7adda69fab7d3da6a76f458c68d858e6{\nheight:10px;\n}\n<\/style>\n<div  class='hr av-9ev558-7adda69fab7d3da6a76f458c68d858e6 hr-invisible  avia-builder-el-8  el_after_av_masonry_gallery  avia-builder-el-no-sibling '><span class='hr-inner '><span class=\"hr-inner-style\"><\/span><\/span><\/div><\/p>\n<\/div><\/div>\n<style type=\"text\/css\" data-created_by=\"avia_inline_auto\" id=\"style-css-av-95dk2s-d787c58c73630dbdd94b889b7d7e6ac3\">\n.flex_cell.av-95dk2s-d787c58c73630dbdd94b889b7d7e6ac3{\nvertical-align:middle;\nbackground:url(https:\/\/floortjevanloon.nl\/wp-content\/uploads\/2023\/09\/portret-gallarij.png) 100% 50% no-repeat fixed ;\n}\n.responsive #top #wrap_all .flex_cell.av-95dk2s-d787c58c73630dbdd94b889b7d7e6ac3{\npadding:100px 100px 100px 100px !important;\n}\n<\/style>\n<div class='flex_cell av-95dk2s-d787c58c73630dbdd94b889b7d7e6ac3 av-gridrow-cell av_one_half no_margin av-hide-on-mobile  avia-builder-el-9  el_after_av_cell_one_half  avia-builder-el-last  content-align-middle avia-full-contain'  ><div class='flex_cell_inner'><\/div><\/div><\/div>\n","protected":false},"excerpt":{"rendered":"","protected":false},"author":1,"featured_media":0,"parent":0,"menu_order":0,"comment_status":"closed","ping_status":"closed","template":"","meta":{"footnotes":""},"class_list":["post-2239","page","type-page","status-publish","hentry"],"_links":{"self":[{"href":"https:\/\/floortjevanloon.nl\/fr\/wp-json\/wp\/v2\/pages\/2239","targetHints":{"allow":["GET"]}}],"collection":[{"href":"https:\/\/floortjevanloon.nl\/fr\/wp-json\/wp\/v2\/pages"}],"about":[{"href":"https:\/\/floortjevanloon.nl\/fr\/wp-json\/wp\/v2\/types\/page"}],"author":[{"embeddable":true,"href":"https:\/\/floortjevanloon.nl\/fr\/wp-json\/wp\/v2\/users\/1"}],"replies":[{"embeddable":true,"href":"https:\/\/floortjevanloon.nl\/fr\/wp-json\/wp\/v2\/comments?post=2239"}],"version-history":[{"count":0,"href":"https:\/\/floortjevanloon.nl\/fr\/wp-json\/wp\/v2\/pages\/2239\/revisions"}],"wp:attachment":[{"href":"https:\/\/floortjevanloon.nl\/fr\/wp-json\/wp\/v2\/media?parent=2239"}],"curies":[{"name":"wp","href":"https:\/\/api.w.org\/{rel}","templated":true}]}}