{"id":2218,"date":"2023-10-02T11:54:45","date_gmt":"2023-10-02T11:54:45","guid":{"rendered":"https:\/\/floortjevanloon.nl\/artbrut\/"},"modified":"2026-04-21T09:23:31","modified_gmt":"2026-04-21T09:23:31","slug":"artbrut","status":"publish","type":"page","link":"https:\/\/floortjevanloon.nl\/fr\/artbrut\/","title":{"rendered":"ArtBrut Hengelo"},"content":{"rendered":"<div id='recent'  class='av-layout-grid-container av-ahgaek-3ec57f06fc0db8e986033c7f4be3c801 entry-content-wrapper main_color av-flex-cells  avia-builder-el-0  avia-builder-el-no-sibling  av-cell-min-height av-cell-min-height-100  container_wrap sidebar_left'   data-av_minimum_height_pc='100'>\n\n<style type=\"text\/css\" data-created_by=\"avia_inline_auto\" id=\"style-css-av-ac9es4-7336c980fc177dd6850a867b58ee7008\">\n.flex_cell.av-ac9es4-7336c980fc177dd6850a867b58ee7008{\nvertical-align:middle;\n}\n.responsive #top #wrap_all .flex_cell.av-ac9es4-7336c980fc177dd6850a867b58ee7008{\npadding:100px 30px 30px 30px !important;\n}\n<\/style>\n<div class='flex_cell av-ac9es4-7336c980fc177dd6850a867b58ee7008 av-gridrow-cell av_one_half no_margin  avia-builder-el-1  el_before_av_cell_one_half  avia-builder-el-first  content-align-middle avia-full-contain'  ><div class='flex_cell_inner'><p>\n<style type=\"text\/css\" data-created_by=\"avia_inline_auto\" id=\"style-css-av-a598uk-e4a9670576aeba25a9326fdf49c731c8\">\n#top .av-special-heading.av-a598uk-e4a9670576aeba25a9326fdf49c731c8{\npadding-bottom:0;\ncolor:#020202;\nfont-size:60px;\n}\nbody .av-special-heading.av-a598uk-e4a9670576aeba25a9326fdf49c731c8 .av-special-heading-tag .heading-char{\nfont-size:25px;\n}\n#top #wrap_all .av-special-heading.av-a598uk-e4a9670576aeba25a9326fdf49c731c8 .av-special-heading-tag{\nfont-size:60px;\n}\n.av-special-heading.av-a598uk-e4a9670576aeba25a9326fdf49c731c8 .special-heading-inner-border{\nborder-color:#020202;\n}\n.av-special-heading.av-a598uk-e4a9670576aeba25a9326fdf49c731c8 .av-subheading{\nfont-size:15px;\n}\n\n@media only screen and (min-width: 480px) and (max-width: 767px){ \n#top #wrap_all .av-special-heading.av-a598uk-e4a9670576aeba25a9326fdf49c731c8 .av-special-heading-tag{\nfont-size:0.8em;\n}\n}\n\n@media only screen and (max-width: 479px){ \n#top #wrap_all .av-special-heading.av-a598uk-e4a9670576aeba25a9326fdf49c731c8 .av-special-heading-tag{\nfont-size:0.8em;\n}\n}\n<\/style>\n<div  class='av-special-heading av-a598uk-e4a9670576aeba25a9326fdf49c731c8 av-special-heading-h1 custom-color-heading blockquote modern-quote modern-centered  avia-builder-el-2  el_before_av_hr  avia-builder-el-first  av-inherit-size'><h1 class='av-special-heading-tag '  itemprop=\"headline\"  >Biennale de l\u2019art brut de Hengelo<\/h1><div class=\"special-heading-border\"><div class=\"special-heading-inner-border\"><\/div><\/div><\/div><br \/>\n\n<style type=\"text\/css\" data-created_by=\"avia_inline_auto\" id=\"style-css-av-a33w4k-d152f91e4444795fa792e6bbe106ce37\">\n#top .hr.av-a33w4k-d152f91e4444795fa792e6bbe106ce37{\nmargin-top:30px;\nmargin-bottom:30px;\n}\n.hr.av-a33w4k-d152f91e4444795fa792e6bbe106ce37 .hr-inner{\nwidth:50px;\nborder-color:#ffffff;\n}\n<\/style>\n<div  class='hr av-a33w4k-d152f91e4444795fa792e6bbe106ce37 hr-custom  avia-builder-el-3  el_after_av_heading  el_before_av_textblock  hr-center hr-icon-no'><span class='hr-inner inner-border-av-border-fat'><span class=\"hr-inner-style\"><\/span><\/span><\/div><br \/>\n\n<style type=\"text\/css\" data-created_by=\"avia_inline_auto\" id=\"style-css-av-9s8o0s-1b5dc935964ed64ad71013c07d6069df\">\n#top .av_textblock_section.av-9s8o0s-1b5dc935964ed64ad71013c07d6069df .avia_textblock{\nfont-size:16px;\ncolor:#000000;\n}\n<\/style>\n<section  class='av_textblock_section av-9s8o0s-1b5dc935964ed64ad71013c07d6069df '   itemscope=\"itemscope\" itemtype=\"https:\/\/schema.org\/CreativeWork\" ><div class='avia_textblock av_inherit_color'  itemprop=\"text\" ><p style=\"margin: 5pt 0cm 0.0001pt 36pt; text-align: center;\">\n<p>7 au 15 octobre Biennale internationale d&rsquo;art brut dans l&rsquo;ancien b\u00e2timent V&amp;D Brink 110 Hengelo<\/p>\n<h3 style=\"text-align: center;\"><a href=\"http:\/\/ARTBRUTBIENNALE.NL\">ARTBRUTBIENNALE.CO.UK<\/a><\/h3>\n<p style=\"text-align: center;\">.<\/p>\n<p style=\"text-align: center;\">\n<p>Vendredi soir, 6 octobre, la c\u00e9r\u00e9monie d&rsquo;ouverture de la Biennale de l&rsquo;Art Brut s&rsquo;est tenue \u00e0 Hengelo. Ce fut un \u00e9v\u00e9nement enthousiaste et exalt\u00e9, avec plus de visiteurs que pr\u00e9vu. Le beau temps a permis \u00e0 l&rsquo;\u00e9v\u00e9nement de se d\u00e9rouler en plein air. La Biennale de l&rsquo;Art Brut est un bel \u00e9v\u00e9nement. En onze jours, plus de 1 5000 visiteurs ont d\u00e9j\u00e0 \u00e9t\u00e9 accueillis. Vous trouverez ci-dessous une impression de l&rsquo;ouverture.<\/p>\n<p style=\"text-align: center;\">L&rsquo;inauguration a \u00e9t\u00e9 coorganis\u00e9e par le maire de Hengelo, Sander Schelberg.<\/p>\n<\/div><\/section><br \/>\n\n<style type=\"text\/css\" data-created_by=\"avia_inline_auto\" id=\"style-css-av-9o6el8-925d065327607fe797988f1e484eb348\">\n#top .hr.hr-invisible.av-9o6el8-925d065327607fe797988f1e484eb348{\nheight:10px;\n}\n<\/style>\n<div  class='hr av-9o6el8-925d065327607fe797988f1e484eb348 hr-invisible  avia-builder-el-5  el_after_av_textblock  el_before_av_masonry_gallery  avia-builder-el-last '><span class='hr-inner '><span class=\"hr-inner-style\"><\/span><\/span><\/div><br \/>\n<div id='av-masonry-1' class='av-masonry av-9io60k-673a494f1a0edaf9f26d32ffc41fa4e2 noHover av-fixed-size av-large-gap av-hover-overlay- av-masonry-animation-active av-masonry-col-3 av-caption-always av-caption-style-overlay av-masonry-gallery av-orientation-square ' data-post_id=\"2218\"><div class=\"av-masonry-container isotope av-js-disabled\"><div class='av-masonry-entry isotope-item av-masonry-item-no-image '><\/div><a href=\"https:\/\/floortjevanloon.nl\/wp-content\/uploads\/2023\/10\/1000008489.png\" data-srcset=\"https:\/\/floortjevanloon.nl\/wp-content\/uploads\/2023\/10\/1000008489.png 375w, https:\/\/floortjevanloon.nl\/wp-content\/uploads\/2023\/10\/1000008489-225x300.png 225w\" data-sizes=\"(max-width: 375px) 100vw, 375px\"  aria-label=\"image livret\"  id='av-masonry-1-item-2190' data-av-masonry-item='2190' class='av-masonry-entry isotope-item post-2190 attachment type-attachment status-inherit hentry  av-masonry-item-with-image' title=\"\" alt=\"livret\"    itemprop=\"thumbnailUrl\" ><div class='av-inner-masonry-sizer'><\/div><figure class='av-inner-masonry main_color'><div class=\"av-masonry-outerimage-container\"><div class='av-masonry-image-container' style=\"background-image: url(https:\/\/floortjevanloon.nl\/wp-content\/uploads\/2023\/10\/1000008489.png);\" ><\/div><\/div><figcaption class='av-inner-masonry-content site-background'><div class='av-inner-masonry-content-pos'><div class='av-inner-masonry-content-pos-content'><div class='avia-arrow'><\/div><h3 class='av-masonry-entry-title entry-title '  itemprop=\"headline\" ><\/h3><\/div><\/div><\/figcaption><\/figure><\/a><!--end av-masonry entry--><\/div><\/div><br \/>\n\n<style type=\"text\/css\" data-created_by=\"avia_inline_auto\" id=\"style-css-av-9ev558-7adda69fab7d3da6a76f458c68d858e6\">\n#top .hr.hr-invisible.av-9ev558-7adda69fab7d3da6a76f458c68d858e6{\nheight:10px;\n}\n<\/style>\n<div  class='hr av-9ev558-7adda69fab7d3da6a76f458c68d858e6 hr-invisible  avia-builder-el-7  el_after_av_masonry_gallery  avia-builder-el-no-sibling '><span class='hr-inner '><span class=\"hr-inner-style\"><\/span><\/span><\/div><\/p>\n<\/div><\/div>\n<style type=\"text\/css\" data-created_by=\"avia_inline_auto\" id=\"style-css-av-95dk2s-80f744ec1e9b8753302800981d578697\">\n.flex_cell.av-95dk2s-80f744ec1e9b8753302800981d578697{\nvertical-align:middle;\nbackground:url(https:\/\/floortjevanloon.nl\/wp-content\/uploads\/2023\/10\/1000008485.png) 100% 50% no-repeat fixed ;\n}\n.responsive #top #wrap_all .flex_cell.av-95dk2s-80f744ec1e9b8753302800981d578697{\npadding:100px 100px 100px 100px !important;\n}\n<\/style>\n<div class='flex_cell av-95dk2s-80f744ec1e9b8753302800981d578697 av-gridrow-cell av_one_half no_margin av-hide-on-mobile  avia-builder-el-8  el_after_av_cell_one_half  avia-builder-el-last  content-align-middle avia-full-contain'  ><div class='flex_cell_inner'><\/div><\/div><\/div>\n","protected":false},"excerpt":{"rendered":"","protected":false},"author":1,"featured_media":0,"parent":0,"menu_order":0,"comment_status":"closed","ping_status":"closed","template":"","meta":{"footnotes":""},"class_list":["post-2218","page","type-page","status-publish","hentry"],"_links":{"self":[{"href":"https:\/\/floortjevanloon.nl\/fr\/wp-json\/wp\/v2\/pages\/2218","targetHints":{"allow":["GET"]}}],"collection":[{"href":"https:\/\/floortjevanloon.nl\/fr\/wp-json\/wp\/v2\/pages"}],"about":[{"href":"https:\/\/floortjevanloon.nl\/fr\/wp-json\/wp\/v2\/types\/page"}],"author":[{"embeddable":true,"href":"https:\/\/floortjevanloon.nl\/fr\/wp-json\/wp\/v2\/users\/1"}],"replies":[{"embeddable":true,"href":"https:\/\/floortjevanloon.nl\/fr\/wp-json\/wp\/v2\/comments?post=2218"}],"version-history":[{"count":14,"href":"https:\/\/floortjevanloon.nl\/fr\/wp-json\/wp\/v2\/pages\/2218\/revisions"}],"predecessor-version":[{"id":21053,"href":"https:\/\/floortjevanloon.nl\/fr\/wp-json\/wp\/v2\/pages\/2218\/revisions\/21053"}],"wp:attachment":[{"href":"https:\/\/floortjevanloon.nl\/fr\/wp-json\/wp\/v2\/media?parent=2218"}],"curies":[{"name":"wp","href":"https:\/\/api.w.org\/{rel}","templated":true}]}}