{"id":2169,"date":"2023-10-27T12:10:09","date_gmt":"2023-10-27T12:10:09","guid":{"rendered":"https:\/\/floortjevanloon.nl\/chat-de-ville\/"},"modified":"2025-02-05T10:44:41","modified_gmt":"2025-02-05T10:44:41","slug":"chat-de-ville","status":"publish","type":"page","link":"https:\/\/floortjevanloon.nl\/fr\/chat-de-ville\/","title":{"rendered":"Chat de ville"},"content":{"rendered":"<div id='recent'  class='av-layout-grid-container av-ahgaek-3ec57f06fc0db8e986033c7f4be3c801 entry-content-wrapper main_color av-flex-cells  avia-builder-el-0  avia-builder-el-no-sibling  av-cell-min-height av-cell-min-height-100  container_wrap sidebar_left'   data-av_minimum_height_pc='100'>\n\n<style type=\"text\/css\" data-created_by=\"avia_inline_auto\" id=\"style-css-av-ac9es4-ccdb56163aded27ece417471ea5797d1\">\n.flex_cell.av-ac9es4-ccdb56163aded27ece417471ea5797d1{\nvertical-align:middle;\nbackground-color:#1d7a8e;\n}\n.responsive #top #wrap_all .flex_cell.av-ac9es4-ccdb56163aded27ece417471ea5797d1{\npadding:100px 30px 30px 30px !important;\n}\n<\/style>\n<div class='flex_cell av-ac9es4-ccdb56163aded27ece417471ea5797d1 av-gridrow-cell av_one_half no_margin  avia-builder-el-1  el_before_av_cell_one_half  avia-builder-el-first  content-align-middle avia-full-contain'  ><div class='flex_cell_inner'><p>\n<style type=\"text\/css\" data-created_by=\"avia_inline_auto\" id=\"style-css-av-a598uk-e3668a38f49598737a3c7525b99f22a2\">\n#top .av-special-heading.av-a598uk-e3668a38f49598737a3c7525b99f22a2{\npadding-bottom:0;\ncolor:#020202;\nfont-size:60px;\n}\nbody .av-special-heading.av-a598uk-e3668a38f49598737a3c7525b99f22a2 .av-special-heading-tag .heading-char{\nfont-size:25px;\n}\n#top #wrap_all .av-special-heading.av-a598uk-e3668a38f49598737a3c7525b99f22a2 .av-special-heading-tag{\nfont-size:60px;\n}\n.av-special-heading.av-a598uk-e3668a38f49598737a3c7525b99f22a2 .special-heading-inner-border{\nborder-color:#020202;\n}\n.av-special-heading.av-a598uk-e3668a38f49598737a3c7525b99f22a2 .av-subheading{\nfont-size:15px;\n}\n\n@media only screen and (min-width: 480px) and (max-width: 767px){ \n#top #wrap_all .av-special-heading.av-a598uk-e3668a38f49598737a3c7525b99f22a2 .av-special-heading-tag{\nfont-size:0.8em;\n}\n}\n\n@media only screen and (max-width: 479px){ \n#top #wrap_all .av-special-heading.av-a598uk-e3668a38f49598737a3c7525b99f22a2 .av-special-heading-tag{\nfont-size:0.8em;\n}\n}\n<\/style>\n<div  class='av-special-heading av-a598uk-e3668a38f49598737a3c7525b99f22a2 av-special-heading-h1 custom-color-heading blockquote modern-quote modern-centered  avia-builder-el-2  el_before_av_video  avia-builder-el-first  av-inherit-size'><h1 class='av-special-heading-tag '  itemprop=\"headline\"  >Le chat des villes<\/h1><div class=\"special-heading-border\"><div class=\"special-heading-inner-border\"><\/div><\/div><\/div><br \/>\n<div  class='avia-video av-lo8pal38-e3790ceb03fc14b1bd6de918c9458348 avia-video-16-9 av-no-preview-image avia-video-load-always av-lazyload-immediate av-lazyload-video-embed'  itemprop=\"video\" itemtype=\"https:\/\/schema.org\/VideoObject\"  data-original_url='https:\/\/youtu.be\/KgoN4Y7Ak3M?si=IK7rXw1CeNr3M0J5'><script type='text\/html' class='av-video-tmpl'><div class='avia-iframe-wrap'><iframe loading=\"lazy\" title=\"Overhandiging Kunstwerk aan Wethouder\" width=\"1500\" height=\"844\" src=\"https:\/\/www.youtube.com\/embed\/KgoN4Y7Ak3M?feature=oembed&autoplay=0&loop=0&controls=1&mute=0\" frameborder=\"0\" allow=\"accelerometer; autoplay; clipboard-write; encrypted-media; gyroscope; picture-in-picture; web-share\" referrerpolicy=\"strict-origin-when-cross-origin\" allowfullscreen><\/iframe><\/div><\/script><div class='av-click-to-play-overlay'><div class=\"avia_playpause_icon\"><\/div><\/div><\/div><br \/>\n\n<style type=\"text\/css\" data-created_by=\"avia_inline_auto\" id=\"style-css-av-a33w4k-d152f91e4444795fa792e6bbe106ce37\">\n#top .hr.av-a33w4k-d152f91e4444795fa792e6bbe106ce37{\nmargin-top:30px;\nmargin-bottom:30px;\n}\n.hr.av-a33w4k-d152f91e4444795fa792e6bbe106ce37 .hr-inner{\nwidth:50px;\nborder-color:#ffffff;\n}\n<\/style>\n<div  class='hr av-a33w4k-d152f91e4444795fa792e6bbe106ce37 hr-custom  avia-builder-el-4  el_after_av_video  el_before_av_textblock  hr-center hr-icon-no'><span class='hr-inner inner-border-av-border-fat'><span class=\"hr-inner-style\"><\/span><\/span><\/div><br \/>\n\n<style type=\"text\/css\" data-created_by=\"avia_inline_auto\" id=\"style-css-av-9s8o0s-1b5dc935964ed64ad71013c07d6069df\">\n#top .av_textblock_section.av-9s8o0s-1b5dc935964ed64ad71013c07d6069df .avia_textblock{\nfont-size:16px;\ncolor:#000000;\n}\n<\/style>\n<section  class='av_textblock_section av-9s8o0s-1b5dc935964ed64ad71013c07d6069df '   itemscope=\"itemscope\" itemtype=\"https:\/\/schema.org\/CreativeWork\" ><div class='avia_textblock av_inherit_color'  itemprop=\"text\" ><p style=\"text-align: center;\">Lors de l&rsquo;Atelierroute Almelo, le dernier week-end de septembre 2023, Dennis Zanoni et moi-m\u00eame avons re\u00e7u la visite de l&rsquo;\u00e9chevine Margreet Overmeen-Bakhuis, dont le portefeuille comprend la culture \u00e0 Almelo. Nous avons organis\u00e9 notre atelier ouvert \u00e0 la Petite \u00c9glise au 78 Market Street. Je lui ai \u00e9galement montr\u00e9 le chat de ville d&rsquo;Almelo, que j&rsquo;ai fabriqu\u00e9, et elle a \u00e9t\u00e9 imm\u00e9diatement s\u00e9duite. Elle a fait preuve d&rsquo;admiration pour mon travail, mon sens artistique et pour moi en tant que personne.<\/p>\n<p>J&rsquo;ai imm\u00e9diatement eu l&rsquo;id\u00e9e de lui offrir le chat de la ville pour qu&rsquo;elle l&rsquo;accroche temporairement dans son bureau \u00e0 l&rsquo;h\u00f4tel de ville d&rsquo;Almelo. Le mercredi 18 octobre 2023, j&rsquo;ai pr\u00e9sent\u00e9 l&rsquo;\u0153uvre avec Bertine Elzink de The Little Church et Dennis Zanoni, mon mari et artiste inspirateur.<\/p>\n<p>Aavisie, la station de radiodiffusion d&rsquo;Almelo, est venue couvrir l&rsquo;\u00e9v\u00e9nement. On s&rsquo;est amus\u00e9, on s&rsquo;est occup\u00e9 et on s&rsquo;est d\u00e9tendu en \u00e9tant ensemble. Le chat de la ville a \u00e9t\u00e9 imm\u00e9diatement accroch\u00e9 au mur par le conseiller et Dennis. L&rsquo;\u00e9clairage est bon, ce qui permet de faire ressortir le travail.<\/p>\n<p>Le conseiller municipal \u00e9tait tr\u00e8s content et je suis heureux, enthousiaste et fier que le chat de la ville d&rsquo;Almelo ait trouv\u00e9 un foyer temporaire. Avec le souhait secret que tous ceux qui travaillent \u00e0 la mairie viennent admirer le chat de la ville d&rsquo;Almelo de Margreet.<\/p>\n<\/div><\/section><br \/>\n\n<style type=\"text\/css\" data-created_by=\"avia_inline_auto\" id=\"style-css-av-9o6el8-925d065327607fe797988f1e484eb348\">\n#top .hr.hr-invisible.av-9o6el8-925d065327607fe797988f1e484eb348{\nheight:10px;\n}\n<\/style>\n<div  class='hr av-9o6el8-925d065327607fe797988f1e484eb348 hr-invisible  avia-builder-el-6  el_after_av_textblock  el_before_av_masonry_gallery  avia-builder-el-last '><span class='hr-inner '><span class=\"hr-inner-style\"><\/span><\/span><\/div><br \/>\n<br \/>\n\n<style type=\"text\/css\" data-created_by=\"avia_inline_auto\" id=\"style-css-av-9ev558-7adda69fab7d3da6a76f458c68d858e6\">\n#top .hr.hr-invisible.av-9ev558-7adda69fab7d3da6a76f458c68d858e6{\nheight:10px;\n}\n<\/style>\n<div  class='hr av-9ev558-7adda69fab7d3da6a76f458c68d858e6 hr-invisible  avia-builder-el-8  el_after_av_masonry_gallery  avia-builder-el-no-sibling '><span class='hr-inner '><span class=\"hr-inner-style\"><\/span><\/span><\/div><\/p>\n<\/div><\/div>\n<style type=\"text\/css\" data-created_by=\"avia_inline_auto\" id=\"style-css-av-95dk2s-43f0ac0c8c41980c1f5f591b5961c6fc\">\n.flex_cell.av-95dk2s-43f0ac0c8c41980c1f5f591b5961c6fc{\nvertical-align:middle;\nbackground:url(https:\/\/floortjevanloon.nl\/wp-content\/uploads\/2023\/10\/STADSKAT-ALMELO.png) 100% 50% no-repeat fixed ;\n}\n.responsive #top #wrap_all .flex_cell.av-95dk2s-43f0ac0c8c41980c1f5f591b5961c6fc{\npadding:100px 30px 30px 30px !important;\n}\n<\/style>\n<div class='flex_cell av-95dk2s-43f0ac0c8c41980c1f5f591b5961c6fc av-gridrow-cell av_one_half no_margin av-hide-on-mobile  avia-builder-el-9  el_after_av_cell_one_half  avia-builder-el-last  content-align-middle avia-full-contain'  ><div class='flex_cell_inner'><\/div><\/div><\/div>\n","protected":false},"excerpt":{"rendered":"","protected":false},"author":1,"featured_media":0,"parent":0,"menu_order":0,"comment_status":"closed","ping_status":"closed","template":"","meta":{"footnotes":""},"class_list":["post-2169","page","type-page","status-publish","hentry"],"_links":{"self":[{"href":"https:\/\/floortjevanloon.nl\/fr\/wp-json\/wp\/v2\/pages\/2169","targetHints":{"allow":["GET"]}}],"collection":[{"href":"https:\/\/floortjevanloon.nl\/fr\/wp-json\/wp\/v2\/pages"}],"about":[{"href":"https:\/\/floortjevanloon.nl\/fr\/wp-json\/wp\/v2\/types\/page"}],"author":[{"embeddable":true,"href":"https:\/\/floortjevanloon.nl\/fr\/wp-json\/wp\/v2\/users\/1"}],"replies":[{"embeddable":true,"href":"https:\/\/floortjevanloon.nl\/fr\/wp-json\/wp\/v2\/comments?post=2169"}],"version-history":[{"count":0,"href":"https:\/\/floortjevanloon.nl\/fr\/wp-json\/wp\/v2\/pages\/2169\/revisions"}],"wp:attachment":[{"href":"https:\/\/floortjevanloon.nl\/fr\/wp-json\/wp\/v2\/media?parent=2169"}],"curies":[{"name":"wp","href":"https:\/\/api.w.org\/{rel}","templated":true}]}}