{"id":2138,"date":"2023-09-16T09:04:09","date_gmt":"2023-09-16T09:04:09","guid":{"rendered":"https:\/\/floortjevanloon.nl\/paysages\/"},"modified":"2025-08-27T12:55:37","modified_gmt":"2025-08-27T12:55:37","slug":"paysages","status":"publish","type":"page","link":"https:\/\/floortjevanloon.nl\/fr\/paysages\/","title":{"rendered":"Paysages"},"content":{"rendered":"<div id='recent'  class='av-layout-grid-container av-ahgaek-3ec57f06fc0db8e986033c7f4be3c801 entry-content-wrapper main_color av-flex-cells  avia-builder-el-0  avia-builder-el-no-sibling  av-cell-min-height av-cell-min-height-100  container_wrap sidebar_left'   data-av_minimum_height_pc='100'>\n\n<style type=\"text\/css\" data-created_by=\"avia_inline_auto\" id=\"style-css-av-ac9es4-0d329763c7349c53a7fbe8de828fa29e\">\n.flex_cell.av-ac9es4-0d329763c7349c53a7fbe8de828fa29e{\nvertical-align:middle;\nbackground-color:#fcb8e5;\n}\n.responsive #top #wrap_all .flex_cell.av-ac9es4-0d329763c7349c53a7fbe8de828fa29e{\npadding:100px 30px 30px 30px !important;\n}\n<\/style>\n<div class='flex_cell av-ac9es4-0d329763c7349c53a7fbe8de828fa29e av-gridrow-cell av_one_half no_margin  avia-builder-el-1  el_before_av_cell_one_half  avia-builder-el-first  content-align-middle avia-full-contain'  ><div class='flex_cell_inner'><p>\n<style type=\"text\/css\" data-created_by=\"avia_inline_auto\" id=\"style-css-av-a598uk-c5ed12beb0c852bdaeb3ab01d170f801\">\n#top .av-special-heading.av-a598uk-c5ed12beb0c852bdaeb3ab01d170f801{\npadding-bottom:0;\ncolor:#020202;\nfont-size:60px;\n}\nbody .av-special-heading.av-a598uk-c5ed12beb0c852bdaeb3ab01d170f801 .av-special-heading-tag .heading-char{\nfont-size:25px;\n}\n#top #wrap_all .av-special-heading.av-a598uk-c5ed12beb0c852bdaeb3ab01d170f801 .av-special-heading-tag{\nfont-size:60px;\n}\n.av-special-heading.av-a598uk-c5ed12beb0c852bdaeb3ab01d170f801 .special-heading-inner-border{\nborder-color:#020202;\n}\n.av-special-heading.av-a598uk-c5ed12beb0c852bdaeb3ab01d170f801 .av-subheading{\nfont-size:15px;\n}\n\n@media only screen and (min-width: 480px) and (max-width: 767px){ \n#top #wrap_all .av-special-heading.av-a598uk-c5ed12beb0c852bdaeb3ab01d170f801 .av-special-heading-tag{\nfont-size:0.8em;\n}\n}\n\n@media only screen and (max-width: 479px){ \n#top #wrap_all .av-special-heading.av-a598uk-c5ed12beb0c852bdaeb3ab01d170f801 .av-special-heading-tag{\nfont-size:0.8em;\n}\n}\n<\/style>\n<div  class='av-special-heading av-a598uk-c5ed12beb0c852bdaeb3ab01d170f801 av-special-heading-h1 custom-color-heading blockquote modern-quote modern-centered  avia-builder-el-2  el_before_av_hr  avia-builder-el-first  av-inherit-size'><h1 class='av-special-heading-tag '  itemprop=\"headline\"  >Paysages<\/h1><div class=\"special-heading-border\"><div class=\"special-heading-inner-border\"><\/div><\/div><\/div><br \/>\n\n<style type=\"text\/css\" data-created_by=\"avia_inline_auto\" id=\"style-css-av-a33w4k-d152f91e4444795fa792e6bbe106ce37\">\n#top .hr.av-a33w4k-d152f91e4444795fa792e6bbe106ce37{\nmargin-top:30px;\nmargin-bottom:30px;\n}\n.hr.av-a33w4k-d152f91e4444795fa792e6bbe106ce37 .hr-inner{\nwidth:50px;\nborder-color:#ffffff;\n}\n<\/style>\n<div  class='hr av-a33w4k-d152f91e4444795fa792e6bbe106ce37 hr-custom  avia-builder-el-3  el_after_av_heading  el_before_av_textblock  hr-center hr-icon-no'><span class='hr-inner inner-border-av-border-fat'><span class=\"hr-inner-style\"><\/span><\/span><\/div><br \/>\n\n<style type=\"text\/css\" data-created_by=\"avia_inline_auto\" id=\"style-css-av-9s8o0s-1b5dc935964ed64ad71013c07d6069df\">\n#top .av_textblock_section.av-9s8o0s-1b5dc935964ed64ad71013c07d6069df .avia_textblock{\nfont-size:16px;\ncolor:#000000;\n}\n<\/style>\n<section  class='av_textblock_section av-9s8o0s-1b5dc935964ed64ad71013c07d6069df '   itemscope=\"itemscope\" itemtype=\"https:\/\/schema.org\/CreativeWork\" ><div class='avia_textblock av_inherit_color'  itemprop=\"text\" ><p style=\"text-align: center;\">  Cette collection de collages photographiques, cr\u00e9\u00e9s \u00e0 l&rsquo;aide de Photoshop, explore la nature diverse et souvent contradictoire des paysages et des saisons. Gr\u00e2ce \u00e0 des images soigneusement compos\u00e9es, le th\u00e8me \u00a0\u00bbce n&rsquo;est pas toujours ce qu&rsquo;il semble \u00eatre\u00a0\u00bb est exprim\u00e9 d&rsquo;une mani\u00e8re visuellement et \u00e9motionnellement puissante.<\/p>\n<\/div><\/section><br \/>\n\n<style type=\"text\/css\" data-created_by=\"avia_inline_auto\" id=\"style-css-av-9o6el8-925d065327607fe797988f1e484eb348\">\n#top .hr.hr-invisible.av-9o6el8-925d065327607fe797988f1e484eb348{\nheight:10px;\n}\n<\/style>\n<div  class='hr av-9o6el8-925d065327607fe797988f1e484eb348 hr-invisible  avia-builder-el-5  el_after_av_textblock  el_before_av_masonry_gallery  avia-builder-el-last '><span class='hr-inner '><span class=\"hr-inner-style\"><\/span><\/span><\/div><br \/>\n\n<style type=\"text\/css\" data-created_by=\"avia_inline_auto\" id=\"style-css-av-9io60k-e6a2506962d6cde76adea9951ec44140\">\n#top .av-masonry.av-9io60k-e6a2506962d6cde76adea9951ec44140{\nbackground-color:#d69cbf;\n}\n<\/style>\n<div id='av-masonry-1' class='av-masonry av-9io60k-e6a2506962d6cde76adea9951ec44140 noHover av-fixed-size av-large-gap av-hover-overlay- av-masonry-animation-active av-masonry-col-2 av-caption-on-hover av-caption-style- av-masonry-gallery av-orientation-square ' data-post_id=\"2138\"><div class=\"av-masonry-container isotope av-js-disabled\"><div class='av-masonry-entry isotope-item av-masonry-item-no-image '><\/div><a href=\"https:\/\/floortjevanloon.nl\/wp-content\/uploads\/2024\/11\/hope.png\" data-srcset=\"https:\/\/floortjevanloon.nl\/wp-content\/uploads\/2024\/11\/hope.png 740w, https:\/\/floortjevanloon.nl\/wp-content\/uploads\/2024\/11\/hope-300x203.png 300w, https:\/\/floortjevanloon.nl\/wp-content\/uploads\/2024\/11\/hope-705x476.png 705w\" data-sizes=\"(max-width: 740px) 100vw, 740px\"  aria-label=\"image espoir\"  id='av-masonry-1-item-10801' data-av-masonry-item='10801' class='av-masonry-entry isotope-item post-10801 attachment type-attachment status-inherit hentry  av-masonry-item-with-image' title=\"espoir\" alt=\"\"    itemprop=\"thumbnailUrl\" ><div class='av-inner-masonry-sizer'><\/div><figure class='av-inner-masonry main_color'><div class=\"av-masonry-outerimage-container\"><div class='av-masonry-image-container' style=\"background-image: url(https:\/\/floortjevanloon.nl\/wp-content\/uploads\/2024\/11\/hope-705x476.png);\"  title=\"espoir\" ><\/div><\/div><figcaption class='av-inner-masonry-content site-background'><div class='av-inner-masonry-content-pos'><div class='av-inner-masonry-content-pos-content'><div class='avia-arrow'><\/div><h3 class='av-masonry-entry-title entry-title '  itemprop=\"headline\" >espoir<\/h3><\/div><\/div><\/figcaption><\/figure><\/a><!--end av-masonry entry--><a href=\"https:\/\/floortjevanloon.nl\/wp-content\/uploads\/2024\/08\/wall-12.png\" data-srcset=\"https:\/\/floortjevanloon.nl\/wp-content\/uploads\/2024\/08\/wall-12.png 500w, https:\/\/floortjevanloon.nl\/wp-content\/uploads\/2024\/08\/wall-12-300x300.png 300w, https:\/\/floortjevanloon.nl\/wp-content\/uploads\/2024\/08\/wall-12-80x80.png 80w, https:\/\/floortjevanloon.nl\/wp-content\/uploads\/2024\/08\/wall-12-36x36.png 36w, https:\/\/floortjevanloon.nl\/wp-content\/uploads\/2024\/08\/wall-12-180x180.png 180w\" data-sizes=\"(max-width: 500px) 100vw, 500px\"  aria-label=\"image wall-12\"  id='av-masonry-1-item-7728' data-av-masonry-item='7728' class='av-masonry-entry isotope-item post-7728 attachment type-attachment status-inherit hentry  av-masonry-item-with-image' title=\"wall-12\" alt=\"\"    itemprop=\"thumbnailUrl\" ><div class='av-inner-masonry-sizer'><\/div><figure class='av-inner-masonry main_color'><div class=\"av-masonry-outerimage-container\"><div class='av-masonry-image-container' style=\"background-image: url(https:\/\/floortjevanloon.nl\/wp-content\/uploads\/2024\/08\/wall-12.png);\"  title=\"wall-12\" ><\/div><\/div><figcaption class='av-inner-masonry-content site-background'><div class='av-inner-masonry-content-pos'><div class='av-inner-masonry-content-pos-content'><div class='avia-arrow'><\/div><h3 class='av-masonry-entry-title entry-title '  itemprop=\"headline\" >wall-12<\/h3><\/div><\/div><\/figcaption><\/figure><\/a><!--end av-masonry entry--><a href=\"https:\/\/floortjevanloon.nl\/wp-content\/uploads\/2024\/08\/451999667_1900047413845261_1002767911539640949_n.png\" data-srcset=\"https:\/\/floortjevanloon.nl\/wp-content\/uploads\/2024\/08\/451999667_1900047413845261_1002767911539640949_n.png 500w, https:\/\/floortjevanloon.nl\/wp-content\/uploads\/2024\/08\/451999667_1900047413845261_1002767911539640949_n-300x300.png 300w, https:\/\/floortjevanloon.nl\/wp-content\/uploads\/2024\/08\/451999667_1900047413845261_1002767911539640949_n-80x80.png 80w, https:\/\/floortjevanloon.nl\/wp-content\/uploads\/2024\/08\/451999667_1900047413845261_1002767911539640949_n-36x36.png 36w, https:\/\/floortjevanloon.nl\/wp-content\/uploads\/2024\/08\/451999667_1900047413845261_1002767911539640949_n-180x180.png 180w\" data-sizes=\"(max-width: 500px) 100vw, 500px\"  aria-label=\"image 451999667_1900047413845261_1002767911539640949_n\"  id='av-masonry-1-item-7684' data-av-masonry-item='7684' class='av-masonry-entry isotope-item post-7684 attachment type-attachment status-inherit hentry  av-masonry-item-with-image' title=\"451999667_1900047413845261_1002767911539640949_n\" alt=\"\"    itemprop=\"thumbnailUrl\" ><div class='av-inner-masonry-sizer'><\/div><figure class='av-inner-masonry main_color'><div class=\"av-masonry-outerimage-container\"><div class='av-masonry-image-container' style=\"background-image: url(https:\/\/floortjevanloon.nl\/wp-content\/uploads\/2024\/08\/451999667_1900047413845261_1002767911539640949_n.png);\"  title=\"451999667_1900047413845261_1002767911539640949_n\" ><\/div><\/div><figcaption class='av-inner-masonry-content site-background'><div class='av-inner-masonry-content-pos'><div class='av-inner-masonry-content-pos-content'><div class='avia-arrow'><\/div><h3 class='av-masonry-entry-title entry-title '  itemprop=\"headline\" >451999667_1900047413845261_1002767911539640949_n<\/h3><\/div><\/div><\/figcaption><\/figure><\/a><!--end av-masonry entry--><a href=\"https:\/\/floortjevanloon.nl\/wp-content\/uploads\/2024\/08\/lake.png\" data-srcset=\"https:\/\/floortjevanloon.nl\/wp-content\/uploads\/2024\/08\/lake.png 500w, https:\/\/floortjevanloon.nl\/wp-content\/uploads\/2024\/08\/lake-300x300.png 300w, https:\/\/floortjevanloon.nl\/wp-content\/uploads\/2024\/08\/lake-80x80.png 80w, https:\/\/floortjevanloon.nl\/wp-content\/uploads\/2024\/08\/lake-36x36.png 36w, https:\/\/floortjevanloon.nl\/wp-content\/uploads\/2024\/08\/lake-180x180.png 180w\" data-sizes=\"(max-width: 500px) 100vw, 500px\"  aria-label=\"image lake\"  id='av-masonry-1-item-7672' data-av-masonry-item='7672' class='av-masonry-entry isotope-item post-7672 attachment type-attachment status-inherit hentry  av-masonry-item-with-image' title=\"lake\" alt=\"\"    itemprop=\"thumbnailUrl\" ><div class='av-inner-masonry-sizer'><\/div><figure class='av-inner-masonry main_color'><div class=\"av-masonry-outerimage-container\"><div class='av-masonry-image-container' style=\"background-image: url(https:\/\/floortjevanloon.nl\/wp-content\/uploads\/2024\/08\/lake.png);\"  title=\"lake\" ><\/div><\/div><figcaption class='av-inner-masonry-content site-background'><div class='av-inner-masonry-content-pos'><div class='av-inner-masonry-content-pos-content'><div class='avia-arrow'><\/div><h3 class='av-masonry-entry-title entry-title '  itemprop=\"headline\" >lake<\/h3><\/div><\/div><\/figcaption><\/figure><\/a><!--end av-masonry entry--><a href=\"https:\/\/floortjevanloon.nl\/wp-content\/uploads\/2024\/08\/walking-couple.png\" data-srcset=\"https:\/\/floortjevanloon.nl\/wp-content\/uploads\/2024\/08\/walking-couple.png 544w, https:\/\/floortjevanloon.nl\/wp-content\/uploads\/2024\/08\/walking-couple-300x276.png 300w\" data-sizes=\"(max-width: 544px) 100vw, 544px\"  aria-label=\"image walking-couple\"  id='av-masonry-1-item-7680' data-av-masonry-item='7680' class='av-masonry-entry isotope-item post-7680 attachment type-attachment status-inherit hentry  av-masonry-item-with-image' title=\"walking-couple\" alt=\"\"    itemprop=\"thumbnailUrl\" ><div class='av-inner-masonry-sizer'><\/div><figure class='av-inner-masonry main_color'><div class=\"av-masonry-outerimage-container\"><div class='av-masonry-image-container' style=\"background-image: url(https:\/\/floortjevanloon.nl\/wp-content\/uploads\/2024\/08\/walking-couple.png);\"  title=\"walking-couple\" ><\/div><\/div><figcaption class='av-inner-masonry-content site-background'><div class='av-inner-masonry-content-pos'><div class='av-inner-masonry-content-pos-content'><div class='avia-arrow'><\/div><h3 class='av-masonry-entry-title entry-title '  itemprop=\"headline\" >walking-couple<\/h3><\/div><\/div><\/figcaption><\/figure><\/a><!--end av-masonry entry--><a href=\"https:\/\/floortjevanloon.nl\/wp-content\/uploads\/2023\/09\/city-garden.png\" data-srcset=\"https:\/\/floortjevanloon.nl\/wp-content\/uploads\/2023\/09\/city-garden.png 354w, https:\/\/floortjevanloon.nl\/wp-content\/uploads\/2023\/09\/city-garden-212x300.png 212w\" data-sizes=\"(max-width: 354px) 100vw, 354px\"  aria-label=\"image jardin de ville\"  id='av-masonry-1-item-20162' data-av-masonry-item='20162' class='av-masonry-entry isotope-item post-20162 attachment type-attachment status-inherit hentry  av-masonry-item-with-image' title=\"jardin de ville\" alt=\"\"    itemprop=\"thumbnailUrl\" ><div class='av-inner-masonry-sizer'><\/div><figure class='av-inner-masonry main_color'><div class=\"av-masonry-outerimage-container\"><div class='av-masonry-image-container' style=\"background-image: url(https:\/\/floortjevanloon.nl\/wp-content\/uploads\/2023\/09\/city-garden.png);\"  title=\"jardin de ville\" ><\/div><\/div><figcaption class='av-inner-masonry-content site-background'><div class='av-inner-masonry-content-pos'><div class='av-inner-masonry-content-pos-content'><div class='avia-arrow'><\/div><h3 class='av-masonry-entry-title entry-title '  itemprop=\"headline\" >jardin de ville<\/h3><\/div><\/div><\/figcaption><\/figure><\/a><!--end av-masonry entry--><a href=\"https:\/\/floortjevanloon.nl\/wp-content\/uploads\/2024\/08\/Garden.png\" data-srcset=\"https:\/\/floortjevanloon.nl\/wp-content\/uploads\/2024\/08\/Garden.png 500w, https:\/\/floortjevanloon.nl\/wp-content\/uploads\/2024\/08\/Garden-300x300.png 300w, https:\/\/floortjevanloon.nl\/wp-content\/uploads\/2024\/08\/Garden-80x80.png 80w, https:\/\/floortjevanloon.nl\/wp-content\/uploads\/2024\/08\/Garden-36x36.png 36w, https:\/\/floortjevanloon.nl\/wp-content\/uploads\/2024\/08\/Garden-180x180.png 180w\" data-sizes=\"(max-width: 500px) 100vw, 500px\"  aria-label=\"image Garden\"  id='av-masonry-1-item-7668' data-av-masonry-item='7668' class='av-masonry-entry isotope-item post-7668 attachment type-attachment status-inherit hentry  av-masonry-item-with-image' title=\"Garden\" alt=\"\"    itemprop=\"thumbnailUrl\" ><div class='av-inner-masonry-sizer'><\/div><figure class='av-inner-masonry main_color'><div class=\"av-masonry-outerimage-container\"><div class='av-masonry-image-container' style=\"background-image: url(https:\/\/floortjevanloon.nl\/wp-content\/uploads\/2024\/08\/Garden.png);\"  title=\"Garden\" ><\/div><\/div><figcaption class='av-inner-masonry-content site-background'><div class='av-inner-masonry-content-pos'><div class='av-inner-masonry-content-pos-content'><div class='avia-arrow'><\/div><h3 class='av-masonry-entry-title entry-title '  itemprop=\"headline\" >Garden<\/h3><\/div><\/div><\/figcaption><\/figure><\/a><!--end av-masonry entry--><a href=\"https:\/\/floortjevanloon.nl\/wp-content\/uploads\/2023\/09\/house-ai.png\" data-srcset=\"https:\/\/floortjevanloon.nl\/wp-content\/uploads\/2023\/09\/house-ai.png 500w, https:\/\/floortjevanloon.nl\/wp-content\/uploads\/2023\/09\/house-ai-300x300.png 300w, https:\/\/floortjevanloon.nl\/wp-content\/uploads\/2023\/09\/house-ai-80x80.png 80w, https:\/\/floortjevanloon.nl\/wp-content\/uploads\/2023\/09\/house-ai-36x36.png 36w, https:\/\/floortjevanloon.nl\/wp-content\/uploads\/2023\/09\/house-ai-180x180.png 180w\" data-sizes=\"(max-width: 500px) 100vw, 500px\"  aria-label=\"image maison ai\"  id='av-masonry-1-item-20164' data-av-masonry-item='20164' class='av-masonry-entry isotope-item post-20164 attachment type-attachment status-inherit hentry  av-masonry-item-with-image' title=\"maison ai\" alt=\"\"    itemprop=\"thumbnailUrl\" ><div class='av-inner-masonry-sizer'><\/div><figure class='av-inner-masonry main_color'><div class=\"av-masonry-outerimage-container\"><div class='av-masonry-image-container' style=\"background-image: url(https:\/\/floortjevanloon.nl\/wp-content\/uploads\/2023\/09\/house-ai.png);\"  title=\"maison ai\" ><\/div><\/div><figcaption class='av-inner-masonry-content site-background'><div class='av-inner-masonry-content-pos'><div class='av-inner-masonry-content-pos-content'><div class='avia-arrow'><\/div><h3 class='av-masonry-entry-title entry-title '  itemprop=\"headline\" >maison ai<\/h3><\/div><\/div><\/figcaption><\/figure><\/a><!--end av-masonry entry--><a href=\"https:\/\/floortjevanloon.nl\/wp-content\/uploads\/2023\/10\/man-on.png\" data-srcset=\"https:\/\/floortjevanloon.nl\/wp-content\/uploads\/2023\/10\/man-on.png 500w, https:\/\/floortjevanloon.nl\/wp-content\/uploads\/2023\/10\/man-on-300x300.png 300w, https:\/\/floortjevanloon.nl\/wp-content\/uploads\/2023\/10\/man-on-80x80.png 80w, https:\/\/floortjevanloon.nl\/wp-content\/uploads\/2023\/10\/man-on-36x36.png 36w, https:\/\/floortjevanloon.nl\/wp-content\/uploads\/2023\/10\/man-on-180x180.png 180w\" data-sizes=\"(max-width: 500px) 100vw, 500px\"  aria-label=\"image man on\"  id='av-masonry-1-item-2152' data-av-masonry-item='2152' class='av-masonry-entry isotope-item post-2152 attachment type-attachment status-inherit hentry  av-masonry-item-with-image' title=\"man on\" alt=\"\"    itemprop=\"thumbnailUrl\" ><div class='av-inner-masonry-sizer'><\/div><figure class='av-inner-masonry main_color'><div class=\"av-masonry-outerimage-container\"><div class='av-masonry-image-container' style=\"background-image: url(https:\/\/floortjevanloon.nl\/wp-content\/uploads\/2023\/10\/man-on.png);\"  title=\"man on\" ><\/div><\/div><figcaption class='av-inner-masonry-content site-background'><div class='av-inner-masonry-content-pos'><div class='av-inner-masonry-content-pos-content'><div class='avia-arrow'><\/div><h3 class='av-masonry-entry-title entry-title '  itemprop=\"headline\" >man on<\/h3><\/div><\/div><\/figcaption><\/figure><\/a><!--end av-masonry entry--><a href=\"https:\/\/floortjevanloon.nl\/wp-content\/uploads\/2023\/12\/Darkside-png.png\" data-srcset=\"https:\/\/floortjevanloon.nl\/wp-content\/uploads\/2023\/12\/Darkside-png.png 500w, https:\/\/floortjevanloon.nl\/wp-content\/uploads\/2023\/12\/Darkside-png-300x300.png 300w, https:\/\/floortjevanloon.nl\/wp-content\/uploads\/2023\/12\/Darkside-png-80x80.png 80w, https:\/\/floortjevanloon.nl\/wp-content\/uploads\/2023\/12\/Darkside-png-36x36.png 36w, https:\/\/floortjevanloon.nl\/wp-content\/uploads\/2023\/12\/Darkside-png-180x180.png 180w\" data-sizes=\"(max-width: 500px) 100vw, 500px\"  aria-label=\"image c\u00f4t\u00e9 obscur\"  id='av-masonry-1-item-20014' data-av-masonry-item='20014' class='av-masonry-entry isotope-item post-20014 attachment type-attachment status-inherit hentry  av-masonry-item-with-image' title=\"c\u00f4t\u00e9 obscur\" alt=\"\"    itemprop=\"thumbnailUrl\" ><div class='av-inner-masonry-sizer'><\/div><figure class='av-inner-masonry main_color'><div class=\"av-masonry-outerimage-container\"><div class='av-masonry-image-container' style=\"background-image: url(https:\/\/floortjevanloon.nl\/wp-content\/uploads\/2023\/12\/Darkside-png.png);\"  title=\"c\u00f4t\u00e9 obscur\" ><\/div><\/div><figcaption class='av-inner-masonry-content site-background'><div class='av-inner-masonry-content-pos'><div class='av-inner-masonry-content-pos-content'><div class='avia-arrow'><\/div><h3 class='av-masonry-entry-title entry-title '  itemprop=\"headline\" >c\u00f4t\u00e9 obscur<\/h3><\/div><\/div><\/figcaption><\/figure><\/a><!--end av-masonry entry--><a href=\"https:\/\/floortjevanloon.nl\/wp-content\/uploads\/2024\/06\/on-fire.png\" data-srcset=\"https:\/\/floortjevanloon.nl\/wp-content\/uploads\/2024\/06\/on-fire.png 500w, https:\/\/floortjevanloon.nl\/wp-content\/uploads\/2024\/06\/on-fire-203x300.png 203w, https:\/\/floortjevanloon.nl\/wp-content\/uploads\/2024\/06\/on-fire-476x705.png 476w\" data-sizes=\"(max-width: 500px) 100vw, 500px\"  aria-label=\"image on-fire\"  id='av-masonry-1-item-5198' data-av-masonry-item='5198' class='av-masonry-entry isotope-item post-5198 attachment type-attachment status-inherit hentry  av-masonry-item-with-image' title=\"on-fire\" alt=\"\"    itemprop=\"thumbnailUrl\" ><div class='av-inner-masonry-sizer'><\/div><figure class='av-inner-masonry main_color'><div class=\"av-masonry-outerimage-container\"><div class='av-masonry-image-container' style=\"background-image: url(https:\/\/floortjevanloon.nl\/wp-content\/uploads\/2024\/06\/on-fire-476x705.png);\"  title=\"on-fire\" ><\/div><\/div><figcaption class='av-inner-masonry-content site-background'><div class='av-inner-masonry-content-pos'><div class='av-inner-masonry-content-pos-content'><div class='avia-arrow'><\/div><h3 class='av-masonry-entry-title entry-title '  itemprop=\"headline\" >on-fire<\/h3><\/div><\/div><\/figcaption><\/figure><\/a><!--end av-masonry entry--><a href=\"https:\/\/floortjevanloon.nl\/wp-content\/uploads\/2024\/06\/chaos.png\" data-srcset=\"https:\/\/floortjevanloon.nl\/wp-content\/uploads\/2024\/06\/chaos.png 500w, https:\/\/floortjevanloon.nl\/wp-content\/uploads\/2024\/06\/chaos-200x300.png 200w, https:\/\/floortjevanloon.nl\/wp-content\/uploads\/2024\/06\/chaos-470x705.png 470w\" data-sizes=\"(max-width: 500px) 100vw, 500px\"  aria-label=\"image chaos\"  id='av-masonry-1-item-5791' data-av-masonry-item='5791' class='av-masonry-entry isotope-item post-5791 attachment type-attachment status-inherit hentry  av-masonry-item-with-image' title=\"chaos\" alt=\"\"    itemprop=\"thumbnailUrl\" ><div class='av-inner-masonry-sizer'><\/div><figure class='av-inner-masonry main_color'><div class=\"av-masonry-outerimage-container\"><div class='av-masonry-image-container' style=\"background-image: url(https:\/\/floortjevanloon.nl\/wp-content\/uploads\/2024\/06\/chaos-470x705.png);\"  title=\"chaos\" ><\/div><\/div><figcaption class='av-inner-masonry-content site-background'><div class='av-inner-masonry-content-pos'><div class='av-inner-masonry-content-pos-content'><div class='avia-arrow'><\/div><h3 class='av-masonry-entry-title entry-title '  itemprop=\"headline\" >chaos<\/h3><\/div><\/div><\/figcaption><\/figure><\/a><!--end av-masonry entry--><a href=\"https:\/\/floortjevanloon.nl\/wp-content\/uploads\/2024\/06\/trees-abstrakt.png\" data-srcset=\"https:\/\/floortjevanloon.nl\/wp-content\/uploads\/2024\/06\/trees-abstrakt.png 500w, https:\/\/floortjevanloon.nl\/wp-content\/uploads\/2024\/06\/trees-abstrakt-235x300.png 235w\" data-sizes=\"(max-width: 500px) 100vw, 500px\"  aria-label=\"image Arbres\"  id='av-masonry-1-item-5807' data-av-masonry-item='5807' class='av-masonry-entry isotope-item post-5807 attachment type-attachment status-inherit hentry  av-masonry-item-with-image' title=\"Arbres\" alt=\"\"    itemprop=\"thumbnailUrl\" ><div class='av-inner-masonry-sizer'><\/div><figure class='av-inner-masonry main_color'><div class=\"av-masonry-outerimage-container\"><div class='av-masonry-image-container' style=\"background-image: url(https:\/\/floortjevanloon.nl\/wp-content\/uploads\/2024\/06\/trees-abstrakt.png);\"  title=\"Arbres\" ><\/div><\/div><figcaption class='av-inner-masonry-content site-background'><div class='av-inner-masonry-content-pos'><div class='av-inner-masonry-content-pos-content'><div class='avia-arrow'><\/div><h3 class='av-masonry-entry-title entry-title '  itemprop=\"headline\" >Arbres<\/h3><\/div><\/div><\/figcaption><\/figure><\/a><!--end av-masonry entry--><\/div><\/div><br \/>\n\n<style type=\"text\/css\" data-created_by=\"avia_inline_auto\" id=\"style-css-av-9ev558-7adda69fab7d3da6a76f458c68d858e6\">\n#top .hr.hr-invisible.av-9ev558-7adda69fab7d3da6a76f458c68d858e6{\nheight:10px;\n}\n<\/style>\n<div  class='hr av-9ev558-7adda69fab7d3da6a76f458c68d858e6 hr-invisible  avia-builder-el-7  el_after_av_masonry_gallery  avia-builder-el-no-sibling '><span class='hr-inner '><span class=\"hr-inner-style\"><\/span><\/span><\/div><\/p>\n<\/div><\/div>\n<style type=\"text\/css\" data-created_by=\"avia_inline_auto\" id=\"style-css-av-95dk2s-96f904726dafa39c44830adebea57647\">\n.flex_cell.av-95dk2s-96f904726dafa39c44830adebea57647{\nvertical-align:middle;\nbackground:url(https:\/\/floortjevanloon.nl\/wp-content\/uploads\/2023\/09\/forest-cr.png) 100% 0% no-repeat fixed ;\n}\n.responsive #top #wrap_all .flex_cell.av-95dk2s-96f904726dafa39c44830adebea57647{\npadding:100px 30px 30px 30px !important;\n}\n<\/style>\n<div class='flex_cell av-95dk2s-96f904726dafa39c44830adebea57647 av-gridrow-cell av_one_half no_margin av-hide-on-mobile  avia-builder-el-8  el_after_av_cell_one_half  avia-builder-el-last  content-align-middle avia-full-contain'  ><div class='flex_cell_inner'><\/div><\/div><\/div>\n","protected":false},"excerpt":{"rendered":"","protected":false},"author":1,"featured_media":0,"parent":0,"menu_order":0,"comment_status":"closed","ping_status":"closed","template":"","meta":{"footnotes":""},"class_list":["post-2138","page","type-page","status-publish","hentry"],"_links":{"self":[{"href":"https:\/\/floortjevanloon.nl\/fr\/wp-json\/wp\/v2\/pages\/2138","targetHints":{"allow":["GET"]}}],"collection":[{"href":"https:\/\/floortjevanloon.nl\/fr\/wp-json\/wp\/v2\/pages"}],"about":[{"href":"https:\/\/floortjevanloon.nl\/fr\/wp-json\/wp\/v2\/types\/page"}],"author":[{"embeddable":true,"href":"https:\/\/floortjevanloon.nl\/fr\/wp-json\/wp\/v2\/users\/1"}],"replies":[{"embeddable":true,"href":"https:\/\/floortjevanloon.nl\/fr\/wp-json\/wp\/v2\/comments?post=2138"}],"version-history":[{"count":0,"href":"https:\/\/floortjevanloon.nl\/fr\/wp-json\/wp\/v2\/pages\/2138\/revisions"}],"wp:attachment":[{"href":"https:\/\/floortjevanloon.nl\/fr\/wp-json\/wp\/v2\/media?parent=2138"}],"curies":[{"name":"wp","href":"https:\/\/api.w.org\/{rel}","templated":true}]}}