{"id":2135,"date":"2023-09-15T08:34:39","date_gmt":"2023-09-15T08:34:39","guid":{"rendered":"https:\/\/floortjevanloon.nl\/animaux\/"},"modified":"2025-02-06T11:45:28","modified_gmt":"2025-02-06T11:45:28","slug":"animaux","status":"publish","type":"page","link":"https:\/\/floortjevanloon.nl\/fr\/animaux\/","title":{"rendered":"Animaux"},"content":{"rendered":"<div id='recent'  class='av-layout-grid-container av-ahgaek-3ec57f06fc0db8e986033c7f4be3c801 entry-content-wrapper main_color av-flex-cells  avia-builder-el-0  avia-builder-el-no-sibling  av-cell-min-height av-cell-min-height-100  container_wrap sidebar_left'   data-av_minimum_height_pc='100'>\n\n<style type=\"text\/css\" data-created_by=\"avia_inline_auto\" id=\"style-css-av-ac9es4-0d329763c7349c53a7fbe8de828fa29e\">\n.flex_cell.av-ac9es4-0d329763c7349c53a7fbe8de828fa29e{\nvertical-align:middle;\nbackground-color:#fcb8e5;\n}\n.responsive #top #wrap_all .flex_cell.av-ac9es4-0d329763c7349c53a7fbe8de828fa29e{\npadding:100px 30px 30px 30px !important;\n}\n<\/style>\n<div class='flex_cell av-ac9es4-0d329763c7349c53a7fbe8de828fa29e av-gridrow-cell av_one_half no_margin  avia-builder-el-1  el_before_av_cell_one_half  avia-builder-el-first  content-align-middle avia-full-contain'  ><div class='flex_cell_inner'><p>\n<style type=\"text\/css\" data-created_by=\"avia_inline_auto\" id=\"style-css-av-a598uk-e56ab7709ffd294f6d08946239c77249\">\n#top .av-special-heading.av-a598uk-e56ab7709ffd294f6d08946239c77249{\npadding-bottom:0;\ncolor:#020202;\nfont-size:60px;\n}\nbody .av-special-heading.av-a598uk-e56ab7709ffd294f6d08946239c77249 .av-special-heading-tag .heading-char{\nfont-size:25px;\n}\n#top #wrap_all .av-special-heading.av-a598uk-e56ab7709ffd294f6d08946239c77249 .av-special-heading-tag{\nfont-size:60px;\n}\n.av-special-heading.av-a598uk-e56ab7709ffd294f6d08946239c77249 .special-heading-inner-border{\nborder-color:#020202;\n}\n.av-special-heading.av-a598uk-e56ab7709ffd294f6d08946239c77249 .av-subheading{\nfont-size:15px;\n}\n\n@media only screen and (min-width: 480px) and (max-width: 767px){ \n#top #wrap_all .av-special-heading.av-a598uk-e56ab7709ffd294f6d08946239c77249 .av-special-heading-tag{\nfont-size:0.8em;\n}\n}\n\n@media only screen and (max-width: 479px){ \n#top #wrap_all .av-special-heading.av-a598uk-e56ab7709ffd294f6d08946239c77249 .av-special-heading-tag{\nfont-size:0.8em;\n}\n}\n<\/style>\n<div  class='av-special-heading av-a598uk-e56ab7709ffd294f6d08946239c77249 av-special-heading-h1 custom-color-heading blockquote modern-quote modern-centered  avia-builder-el-2  el_before_av_hr  avia-builder-el-first  av-inherit-size'><h1 class='av-special-heading-tag '  itemprop=\"headline\"  >Animaux<\/h1><div class=\"special-heading-border\"><div class=\"special-heading-inner-border\"><\/div><\/div><\/div><br \/>\n\n<style type=\"text\/css\" data-created_by=\"avia_inline_auto\" id=\"style-css-av-a33w4k-d152f91e4444795fa792e6bbe106ce37\">\n#top .hr.av-a33w4k-d152f91e4444795fa792e6bbe106ce37{\nmargin-top:30px;\nmargin-bottom:30px;\n}\n.hr.av-a33w4k-d152f91e4444795fa792e6bbe106ce37 .hr-inner{\nwidth:50px;\nborder-color:#ffffff;\n}\n<\/style>\n<div  class='hr av-a33w4k-d152f91e4444795fa792e6bbe106ce37 hr-custom  avia-builder-el-3  el_after_av_heading  el_before_av_textblock  hr-center hr-icon-no'><span class='hr-inner inner-border-av-border-fat'><span class=\"hr-inner-style\"><\/span><\/span><\/div><br \/>\n\n<style type=\"text\/css\" data-created_by=\"avia_inline_auto\" id=\"style-css-av-9s8o0s-1b5dc935964ed64ad71013c07d6069df\">\n#top .av_textblock_section.av-9s8o0s-1b5dc935964ed64ad71013c07d6069df .avia_textblock{\nfont-size:16px;\ncolor:#000000;\n}\n<\/style>\n<section  class='av_textblock_section av-9s8o0s-1b5dc935964ed64ad71013c07d6069df '   itemscope=\"itemscope\" itemtype=\"https:\/\/schema.org\/CreativeWork\" ><div class='avia_textblock av_inherit_color'  itemprop=\"text\" ><p style=\"text-align: center;\">  Bienvenue dans ma collection de collages de photos d&rsquo;animaux, cr\u00e9\u00e9s avec amour et cr\u00e9ativit\u00e9 dans Adobe Photoshop. Chaque \u0153uvre d&rsquo;art de cette collection est une fusion unique d&rsquo;animaux et de milieux diff\u00e9rents, soigneusement s\u00e9lectionn\u00e9s pour cr\u00e9er une atmosph\u00e8re joyeuse, surr\u00e9aliste et parfois humoristique.<\/p>\n<\/div><\/section><br \/>\n\n<style type=\"text\/css\" data-created_by=\"avia_inline_auto\" id=\"style-css-av-9o6el8-925d065327607fe797988f1e484eb348\">\n#top .hr.hr-invisible.av-9o6el8-925d065327607fe797988f1e484eb348{\nheight:10px;\n}\n<\/style>\n<div  class='hr av-9o6el8-925d065327607fe797988f1e484eb348 hr-invisible  avia-builder-el-5  el_after_av_textblock  el_before_av_masonry_gallery  avia-builder-el-last '><span class='hr-inner '><span class=\"hr-inner-style\"><\/span><\/span><\/div><br \/>\n\n<style type=\"text\/css\" data-created_by=\"avia_inline_auto\" id=\"style-css-av-9io60k-d03a1924a981897d9fba9bb33dd3572c\">\n#top .av-masonry.av-9io60k-d03a1924a981897d9fba9bb33dd3572c{\nbackground-color:#d69cbf;\n}\n<\/style>\n<div id='av-masonry-1' class='av-masonry av-9io60k-d03a1924a981897d9fba9bb33dd3572c noHover av-fixed-size av-large-gap av-hover-overlay- av-masonry-animation-active av-masonry-col-2 av-caption-on-hover av-caption-style- av-masonry-gallery av-orientation-square ' data-post_id=\"2135\"><div class=\"av-masonry-container isotope av-js-disabled\"><div class='av-masonry-entry isotope-item av-masonry-item-no-image '><\/div><a href=\"https:\/\/floortjevanloon.nl\/wp-content\/uploads\/2024\/11\/Familie.png\" data-srcset=\"https:\/\/floortjevanloon.nl\/wp-content\/uploads\/2024\/11\/Familie.png 500w, https:\/\/floortjevanloon.nl\/wp-content\/uploads\/2024\/11\/Familie-300x300.png 300w, https:\/\/floortjevanloon.nl\/wp-content\/uploads\/2024\/11\/Familie-80x80.png 80w, https:\/\/floortjevanloon.nl\/wp-content\/uploads\/2024\/11\/Familie-36x36.png 36w, https:\/\/floortjevanloon.nl\/wp-content\/uploads\/2024\/11\/Familie-180x180.png 180w\" data-sizes=\"(max-width: 500px) 100vw, 500px\"  aria-label=\"image Familie\"  id='av-masonry-1-item-10793' data-av-masonry-item='10793' class='av-masonry-entry isotope-item post-10793 attachment type-attachment status-inherit hentry  av-masonry-item-with-image' title=\"Familie\" alt=\"famille\"    itemprop=\"thumbnailUrl\" ><div class='av-inner-masonry-sizer'><\/div><figure class='av-inner-masonry main_color'><div class=\"av-masonry-outerimage-container\"><div class='av-masonry-image-container' style=\"background-image: url(https:\/\/floortjevanloon.nl\/wp-content\/uploads\/2024\/11\/Familie.png);\"  title=\"Familie\" ><\/div><\/div><figcaption class='av-inner-masonry-content site-background'><div class='av-inner-masonry-content-pos'><div class='av-inner-masonry-content-pos-content'><div class='avia-arrow'><\/div><h3 class='av-masonry-entry-title entry-title '  itemprop=\"headline\" >Familie<\/h3><\/div><\/div><\/figcaption><\/figure><\/a><!--end av-masonry entry--><a href=\"https:\/\/floortjevanloon.nl\/wp-content\/uploads\/2024\/09\/dog.png\" data-srcset=\"https:\/\/floortjevanloon.nl\/wp-content\/uploads\/2024\/09\/dog.png 500w, https:\/\/floortjevanloon.nl\/wp-content\/uploads\/2024\/09\/dog-212x300.png 212w, https:\/\/floortjevanloon.nl\/wp-content\/uploads\/2024\/09\/dog-497x705.png 497w\" data-sizes=\"(max-width: 500px) 100vw, 500px\"  aria-label=\"image chien\"  id='av-masonry-1-item-8430' data-av-masonry-item='8430' class='av-masonry-entry isotope-item post-8430 attachment type-attachment status-inherit hentry  av-masonry-item-with-image' title=\"chien\" alt=\"\"    itemprop=\"thumbnailUrl\" ><div class='av-inner-masonry-sizer'><\/div><figure class='av-inner-masonry main_color'><div class=\"av-masonry-outerimage-container\"><div class='av-masonry-image-container' style=\"background-image: url(https:\/\/floortjevanloon.nl\/wp-content\/uploads\/2024\/09\/dog-497x705.png);\"  title=\"chien\" ><\/div><\/div><figcaption class='av-inner-masonry-content site-background'><div class='av-inner-masonry-content-pos'><div class='av-inner-masonry-content-pos-content'><div class='avia-arrow'><\/div><h3 class='av-masonry-entry-title entry-title '  itemprop=\"headline\" >chien<\/h3><\/div><\/div><\/figcaption><\/figure><\/a><!--end av-masonry entry--><a href=\"https:\/\/floortjevanloon.nl\/wp-content\/uploads\/2024\/01\/kittecat.png\" data-srcset=\"https:\/\/floortjevanloon.nl\/wp-content\/uploads\/2024\/01\/kittecat.png 633w, https:\/\/floortjevanloon.nl\/wp-content\/uploads\/2024\/01\/kittecat-300x237.png 300w\" data-sizes=\"(max-width: 633px) 100vw, 633px\"  aria-label=\"image Dieren\"  id='av-masonry-1-item-3687' data-av-masonry-item='3687' class='av-masonry-entry isotope-item post-3687 attachment type-attachment status-inherit hentry  av-masonry-item-with-image' title=\"Dieren\" alt=\"\"    itemprop=\"thumbnailUrl\" ><div class='av-inner-masonry-sizer'><\/div><figure class='av-inner-masonry main_color'><div class=\"av-masonry-outerimage-container\"><div class='av-masonry-image-container' style=\"background-image: url(https:\/\/floortjevanloon.nl\/wp-content\/uploads\/2024\/01\/kittecat.png);\"  title=\"Dieren\" ><\/div><\/div><figcaption class='av-inner-masonry-content site-background'><div class='av-inner-masonry-content-pos'><div class='av-inner-masonry-content-pos-content'><div class='avia-arrow'><\/div><h3 class='av-masonry-entry-title entry-title '  itemprop=\"headline\" >Dieren<\/h3><\/div><\/div><\/figcaption><\/figure><\/a><!--end av-masonry entry--><a href=\"https:\/\/floortjevanloon.nl\/wp-content\/uploads\/2023\/10\/the-queens-dog.png\" data-srcset=\"https:\/\/floortjevanloon.nl\/wp-content\/uploads\/2023\/10\/the-queens-dog.png 500w, https:\/\/floortjevanloon.nl\/wp-content\/uploads\/2023\/10\/the-queens-dog-200x300.png 200w, https:\/\/floortjevanloon.nl\/wp-content\/uploads\/2023\/10\/the-queens-dog-470x705.png 470w\" data-sizes=\"(max-width: 500px) 100vw, 500px\"  aria-label=\"image the queen&rsquo;s dog\"  id='av-masonry-1-item-2234' data-av-masonry-item='2234' class='av-masonry-entry isotope-item post-2234 attachment type-attachment status-inherit hentry  av-masonry-item-with-image' title=\"the queen&rsquo;s dog\" alt=\"\"    itemprop=\"thumbnailUrl\" ><div class='av-inner-masonry-sizer'><\/div><figure class='av-inner-masonry main_color'><div class=\"av-masonry-outerimage-container\"><div class='av-masonry-image-container' style=\"background-image: url(https:\/\/floortjevanloon.nl\/wp-content\/uploads\/2023\/10\/the-queens-dog-470x705.png);\"  title=\"the queen&rsquo;s dog\" ><\/div><\/div><figcaption class='av-inner-masonry-content site-background'><div class='av-inner-masonry-content-pos'><div class='av-inner-masonry-content-pos-content'><div class='avia-arrow'><\/div><h3 class='av-masonry-entry-title entry-title '  itemprop=\"headline\" >the queen&rsquo;s dog<\/h3><\/div><\/div><\/figcaption><\/figure><\/a><!--end av-masonry entry--><a href=\"https:\/\/floortjevanloon.nl\/wp-content\/uploads\/2023\/09\/almelo-citycat.png\" data-srcset=\"https:\/\/floortjevanloon.nl\/wp-content\/uploads\/2023\/09\/almelo-citycat.png 500w, https:\/\/floortjevanloon.nl\/wp-content\/uploads\/2023\/09\/almelo-citycat-300x300.png 300w, https:\/\/floortjevanloon.nl\/wp-content\/uploads\/2023\/09\/almelo-citycat-80x80.png 80w, https:\/\/floortjevanloon.nl\/wp-content\/uploads\/2023\/09\/almelo-citycat-36x36.png 36w, https:\/\/floortjevanloon.nl\/wp-content\/uploads\/2023\/09\/almelo-citycat-180x180.png 180w\" data-sizes=\"(max-width: 500px) 100vw, 500px\"  aria-label=\"image almelo citycat\"  id='av-masonry-1-item-10505' data-av-masonry-item='10505' class='av-masonry-entry isotope-item post-10505 attachment type-attachment status-inherit hentry  av-masonry-item-with-image' title=\"almelo citycat\" alt=\"\"    itemprop=\"thumbnailUrl\" ><div class='av-inner-masonry-sizer'><\/div><figure class='av-inner-masonry main_color'><div class=\"av-masonry-outerimage-container\"><div class='av-masonry-image-container' style=\"background-image: url(https:\/\/floortjevanloon.nl\/wp-content\/uploads\/2023\/09\/almelo-citycat.png);\"  title=\"almelo citycat\" ><\/div><\/div><figcaption class='av-inner-masonry-content site-background'><div class='av-inner-masonry-content-pos'><div class='av-inner-masonry-content-pos-content'><div class='avia-arrow'><\/div><h3 class='av-masonry-entry-title entry-title '  itemprop=\"headline\" >almelo citycat<\/h3><\/div><\/div><\/figcaption><\/figure><\/a><!--end av-masonry entry--><a href=\"https:\/\/floortjevanloon.nl\/wp-content\/uploads\/2023\/09\/cat-sitting-on-the-road.png\" data-srcset=\"https:\/\/floortjevanloon.nl\/wp-content\/uploads\/2023\/09\/cat-sitting-on-the-road.png 500w, https:\/\/floortjevanloon.nl\/wp-content\/uploads\/2023\/09\/cat-sitting-on-the-road-300x300.png 300w, https:\/\/floortjevanloon.nl\/wp-content\/uploads\/2023\/09\/cat-sitting-on-the-road-80x80.png 80w, https:\/\/floortjevanloon.nl\/wp-content\/uploads\/2023\/09\/cat-sitting-on-the-road-36x36.png 36w, https:\/\/floortjevanloon.nl\/wp-content\/uploads\/2023\/09\/cat-sitting-on-the-road-180x180.png 180w\" data-sizes=\"(max-width: 500px) 100vw, 500px\"  aria-label=\"image chat assis sur la route\"  id='av-masonry-1-item-20090' data-av-masonry-item='20090' class='av-masonry-entry isotope-item post-20090 attachment type-attachment status-inherit hentry  av-masonry-item-with-image' title=\"chat assis sur la route\" alt=\"\"    itemprop=\"thumbnailUrl\" ><div class='av-inner-masonry-sizer'><\/div><figure class='av-inner-masonry main_color'><div class=\"av-masonry-outerimage-container\"><div class='av-masonry-image-container' style=\"background-image: url(https:\/\/floortjevanloon.nl\/wp-content\/uploads\/2023\/09\/cat-sitting-on-the-road.png);\"  title=\"chat assis sur la route\" ><\/div><\/div><figcaption class='av-inner-masonry-content site-background'><div class='av-inner-masonry-content-pos'><div class='av-inner-masonry-content-pos-content'><div class='avia-arrow'><\/div><h3 class='av-masonry-entry-title entry-title '  itemprop=\"headline\" >chat assis sur la route<\/h3><\/div><\/div><\/figcaption><\/figure><\/a><!--end av-masonry entry--><a href=\"https:\/\/floortjevanloon.nl\/wp-content\/uploads\/2023\/09\/curious-cat.png\" data-srcset=\"https:\/\/floortjevanloon.nl\/wp-content\/uploads\/2023\/09\/curious-cat.png 375w, https:\/\/floortjevanloon.nl\/wp-content\/uploads\/2023\/09\/curious-cat-225x300.png 225w\" data-sizes=\"(max-width: 375px) 100vw, 375px\"  aria-label=\"image chat curieux\"  id='av-masonry-1-item-20165' data-av-masonry-item='20165' class='av-masonry-entry isotope-item post-20165 attachment type-attachment status-inherit hentry  av-masonry-item-with-image' title=\"chat curieux\" alt=\"\"    itemprop=\"thumbnailUrl\" ><div class='av-inner-masonry-sizer'><\/div><figure class='av-inner-masonry main_color'><div class=\"av-masonry-outerimage-container\"><div class='av-masonry-image-container' style=\"background-image: url(https:\/\/floortjevanloon.nl\/wp-content\/uploads\/2023\/09\/curious-cat.png);\"  title=\"chat curieux\" ><\/div><\/div><figcaption class='av-inner-masonry-content site-background'><div class='av-inner-masonry-content-pos'><div class='av-inner-masonry-content-pos-content'><div class='avia-arrow'><\/div><h3 class='av-masonry-entry-title entry-title '  itemprop=\"headline\" >chat curieux<\/h3><\/div><\/div><\/figcaption><\/figure><\/a><!--end av-masonry entry--><\/div><\/div><br \/>\n\n<style type=\"text\/css\" data-created_by=\"avia_inline_auto\" id=\"style-css-av-9ev558-7adda69fab7d3da6a76f458c68d858e6\">\n#top .hr.hr-invisible.av-9ev558-7adda69fab7d3da6a76f458c68d858e6{\nheight:10px;\n}\n<\/style>\n<div  class='hr av-9ev558-7adda69fab7d3da6a76f458c68d858e6 hr-invisible  avia-builder-el-7  el_after_av_masonry_gallery  avia-builder-el-no-sibling '><span class='hr-inner '><span class=\"hr-inner-style\"><\/span><\/span><\/div><\/p>\n<\/div><\/div>\n<style type=\"text\/css\" data-created_by=\"avia_inline_auto\" id=\"style-css-av-ltcvmu0x-bd3d302333e25bbb55704c78137a8e7b\">\n.flex_cell.av-ltcvmu0x-bd3d302333e25bbb55704c78137a8e7b{\nvertical-align:middle;\nbackground:url(https:\/\/floortjevanloon.nl\/wp-content\/uploads\/2023\/09\/Wild-animal.png) 100% 100% no-repeat fixed ;\n}\n.responsive #top #wrap_all .flex_cell.av-ltcvmu0x-bd3d302333e25bbb55704c78137a8e7b{\npadding:50px 50px 50px 50px !important;\n}\n<\/style>\n<div class='flex_cell av-ltcvmu0x-bd3d302333e25bbb55704c78137a8e7b av-gridrow-cell av_one_half no_margin av-hide-on-mobile  avia-builder-el-8  el_after_av_cell_one_half  avia-builder-el-last  content-align-middle avia-full-contain'  ><div class='flex_cell_inner'><\/div><\/div><\/div>\n","protected":false},"excerpt":{"rendered":"","protected":false},"author":1,"featured_media":0,"parent":0,"menu_order":0,"comment_status":"closed","ping_status":"closed","template":"","meta":{"footnotes":""},"class_list":["post-2135","page","type-page","status-publish","hentry"],"_links":{"self":[{"href":"https:\/\/floortjevanloon.nl\/fr\/wp-json\/wp\/v2\/pages\/2135","targetHints":{"allow":["GET"]}}],"collection":[{"href":"https:\/\/floortjevanloon.nl\/fr\/wp-json\/wp\/v2\/pages"}],"about":[{"href":"https:\/\/floortjevanloon.nl\/fr\/wp-json\/wp\/v2\/types\/page"}],"author":[{"embeddable":true,"href":"https:\/\/floortjevanloon.nl\/fr\/wp-json\/wp\/v2\/users\/1"}],"replies":[{"embeddable":true,"href":"https:\/\/floortjevanloon.nl\/fr\/wp-json\/wp\/v2\/comments?post=2135"}],"version-history":[{"count":0,"href":"https:\/\/floortjevanloon.nl\/fr\/wp-json\/wp\/v2\/pages\/2135\/revisions"}],"wp:attachment":[{"href":"https:\/\/floortjevanloon.nl\/fr\/wp-json\/wp\/v2\/media?parent=2135"}],"curies":[{"name":"wp","href":"https:\/\/api.w.org\/{rel}","templated":true}]}}