{"id":10171,"date":"2024-10-01T17:36:49","date_gmt":"2024-10-01T17:36:49","guid":{"rendered":"https:\/\/floortjevanloon.nl\/atelier-route-2024-3\/"},"modified":"2026-04-21T09:32:45","modified_gmt":"2026-04-21T09:32:45","slug":"atelier-route-2024-3","status":"publish","type":"page","link":"https:\/\/floortjevanloon.nl\/fr\/atelier-route-2024-3\/","title":{"rendered":"Atelier route Almelo 2024"},"content":{"rendered":"<div id='av_section_1'  class='avia-section av-m1qpxeb3-da31803d222d802d5ded28cfa067dc5a main_color avia-section-default avia-no-border-styling  avia-builder-el-0  el_before_av_section  avia-builder-el-first  avia-bg-style-scroll container_wrap sidebar_left'  ><div class='container av-section-cont-open' ><main  role=\"main\" itemprop=\"mainContentOfPage\"  class='template-page content  av-content-small units'><div class='post-entry post-entry-type-page post-entry-10171'><div class='entry-content-wrapper clearfix'>\n\n<style type=\"text\/css\" data-created_by=\"avia_inline_auto\" id=\"style-css-av-m1qq09k1-4d0fb54102c58a935711cb8dcbf53659\">\n#top .av_textblock_section.av-m1qq09k1-4d0fb54102c58a935711cb8dcbf53659 .avia_textblock{\nfont-size:16px;\n}\n<\/style>\n<section  class='av_textblock_section av-m1qq09k1-4d0fb54102c58a935711cb8dcbf53659 '   itemscope=\"itemscope\" itemtype=\"https:\/\/schema.org\/CreativeWork\" ><div class='avia_textblock'  itemprop=\"text\" ><p><img loading=\"lazy\" decoding=\"async\" class=\"alignnone wp-image-9723 aligncenter\" src=\"https:\/\/floortjevanloon.nl\/wp-content\/uploads\/2024\/10\/Dennis-Ineke-Floortje-300x300.png\" alt=\"studio route 2024\" width=\"582\" height=\"582\" srcset=\"https:\/\/floortjevanloon.nl\/wp-content\/uploads\/2024\/10\/Dennis-Ineke-Floortje-300x300.png 300w, https:\/\/floortjevanloon.nl\/wp-content\/uploads\/2024\/10\/Dennis-Ineke-Floortje-80x80.png 80w, https:\/\/floortjevanloon.nl\/wp-content\/uploads\/2024\/10\/Dennis-Ineke-Floortje-36x36.png 36w, https:\/\/floortjevanloon.nl\/wp-content\/uploads\/2024\/10\/Dennis-Ineke-Floortje-180x180.png 180w, https:\/\/floortjevanloon.nl\/wp-content\/uploads\/2024\/10\/Dennis-Ineke-Floortje.png 500w\" sizes=\"auto, (max-width: 582px) 100vw, 582px\" \/><img loading=\"lazy\" decoding=\"async\" class=\"aligncenter wp-image-10463 \" src=\"https:\/\/floortjevanloon.nl\/wp-content\/uploads\/2024\/10\/Hallo-Almelo.png\" alt=\"Bonjour almelo\" width=\"838\" height=\"455\" srcset=\"https:\/\/floortjevanloon.nl\/wp-content\/uploads\/2024\/10\/Hallo-Almelo.png 921w, https:\/\/floortjevanloon.nl\/wp-content\/uploads\/2024\/10\/Hallo-Almelo-300x163.png 300w, https:\/\/floortjevanloon.nl\/wp-content\/uploads\/2024\/10\/Hallo-Almelo-768x417.png 768w, https:\/\/floortjevanloon.nl\/wp-content\/uploads\/2024\/10\/Hallo-Almelo-705x383.png 705w\" sizes=\"auto, (max-width: 838px) 100vw, 838px\" \/><\/p>\n<p>Le week-end des 28 et 29 septembre a \u00e9t\u00e9 riche en \u00e9v\u00e9nements pour<a href=\"https:\/\/www.instagram.com\/inekes_art\/?hl=nl\"> Ineke Barkhof<\/a>, <a href=\"https:\/\/www.instagram.com\/dennis_zanoni\/?hl=nl\">Dennis Zanoni<\/a> et moi-m\u00eame lors de l&rsquo;atelier route Almelo 2024, o\u00f9 nous \u00e9tions invit\u00e9s \u00e0 la <a href=\"https:\/\/www.facebook.com\/cultuurpodiumthelittlechurch\">Littele Church<\/a>, la petite \u00e9glise blanche de l&rsquo;A, dans la Marktstraat 78.<\/p>\n<p>Ce fut un \u00e9v\u00e9nement convivial avec de nombreux visiteurs. Il y avait tellement de visiteurs que nous n&rsquo;avons pas pu parler \u00e0 tout le monde. Deux journ\u00e9es r\u00e9ussies, inspirantes, instructives, dr\u00f4les avec des rires et des larmes.  <\/p>\n<p>Nous tenons \u00e0 remercier tous ceux qui ont contribu\u00e9 \u00e0 la r\u00e9ussite de ce parcours d&rsquo;ateliers et nous vous donnons rendez-vous l&rsquo;ann\u00e9e prochaine, le dernier week-end de septembre. Merci de noter cette date dans votre agenda et de r\u00e9server l&rsquo;\u00e9v\u00e9nement \u00e0 l&rsquo;avance.<\/p>\n<\/div><\/section>\n<div  class='flex_column av-m1qqcbbc-5ad709d0debefb6908e3bcbe56684b2a av_one_full  avia-builder-el-2  el_after_av_textblock  avia-builder-el-last  first flex_column_div  column-top-margin'     ><p><div id='av-masonry-1' class='av-masonry av-m1qqgcky-5d263b37df129dccaf48b15aa3d91e7a noHover av-flex-size av-large-gap av-hover-overlay- av-masonry-animation-active av-masonry-col-flexible av-caption-always av-caption-style- av-masonry-gallery ' data-post_id=\"10171\"><div class=\"av-masonry-container isotope av-js-disabled\"><div class='av-masonry-entry isotope-item av-masonry-item-no-image '><\/div><a href=\"https:\/\/floortjevanloon.nl\/wp-content\/uploads\/2024\/09\/poppodium-muziek-the-little-church-marktstraat-almelo-680x380-1.jpg\" data-srcset=\"https:\/\/floortjevanloon.nl\/wp-content\/uploads\/2024\/09\/poppodium-muziek-the-little-church-marktstraat-almelo-680x380-1.jpg 680w, https:\/\/floortjevanloon.nl\/wp-content\/uploads\/2024\/09\/poppodium-muziek-the-little-church-marktstraat-almelo-680x380-1-300x168.jpg 300w\" data-sizes=\"(max-width: 680px) 100vw, 680px\"  aria-label=\"image poppodium-muziek-the-little-church-marktstraat-almelo-680&#215;380\"  id='av-masonry-1-item-9004' data-av-masonry-item='9004' class='av-masonry-entry isotope-item post-9004 attachment type-attachment status-inherit hentry  av-masonry-item-with-image' title=\"poppodium-muziek-the-little-church-marktstraat-almelo-680&#215;380\" alt=\"\"    itemprop=\"thumbnailUrl\" ><div class='av-inner-masonry-sizer'><\/div><figure class='av-inner-masonry main_color'><div class=\"av-masonry-outerimage-container\"><div class='av-masonry-image-container'  ><img decoding=\"async\" width=\"680\" height=\"380\" fetchpriority=\"high\" class=\"wp-image-9004 avia-img-lazy-loading-not-9004\"  src=\"https:\/\/floortjevanloon.nl\/wp-content\/uploads\/2024\/09\/poppodium-muziek-the-little-church-marktstraat-almelo-680x380-1.jpg\" title=\"poppodium-muziek-the-little-church-marktstraat-almelo-680&#215;380\" alt=\"\" srcset=\"https:\/\/floortjevanloon.nl\/wp-content\/uploads\/2024\/09\/poppodium-muziek-the-little-church-marktstraat-almelo-680x380-1.jpg 680w, https:\/\/floortjevanloon.nl\/wp-content\/uploads\/2024\/09\/poppodium-muziek-the-little-church-marktstraat-almelo-680x380-1-300x168.jpg 300w\" sizes=\"(max-width: 680px) 100vw, 680px\" \/><\/div><\/div><\/figure><\/a><!--end av-masonry entry--><a href=\"https:\/\/floortjevanloon.nl\/wp-content\/uploads\/2024\/10\/Dennis-en-Pieter.png\" data-srcset=\"https:\/\/floortjevanloon.nl\/wp-content\/uploads\/2024\/10\/Dennis-en-Pieter.png 500w, https:\/\/floortjevanloon.nl\/wp-content\/uploads\/2024\/10\/Dennis-en-Pieter-296x300.png 296w, https:\/\/floortjevanloon.nl\/wp-content\/uploads\/2024\/10\/Dennis-en-Pieter-80x80.png 80w, https:\/\/floortjevanloon.nl\/wp-content\/uploads\/2024\/10\/Dennis-en-Pieter-36x36.png 36w\" data-sizes=\"(max-width: 500px) 100vw, 500px\"  aria-label=\"image Dennis-en-Pieter\"  id='av-masonry-1-item-9737' data-av-masonry-item='9737' class='av-masonry-entry isotope-item post-9737 attachment type-attachment status-inherit hentry  av-masonry-item-with-image' title=\"Dennis-en-Pieter\" alt=\"\"    itemprop=\"thumbnailUrl\" ><div class='av-inner-masonry-sizer'><\/div><figure class='av-inner-masonry main_color'><div class=\"av-masonry-outerimage-container\"><div class='av-masonry-image-container'  ><img decoding=\"async\" width=\"500\" height=\"507\" fetchpriority=\"high\" class=\"wp-image-9737 avia-img-lazy-loading-not-9737\"  src=\"https:\/\/floortjevanloon.nl\/wp-content\/uploads\/2024\/10\/Dennis-en-Pieter.png\" title=\"Dennis-en-Pieter\" alt=\"\" srcset=\"https:\/\/floortjevanloon.nl\/wp-content\/uploads\/2024\/10\/Dennis-en-Pieter.png 500w, https:\/\/floortjevanloon.nl\/wp-content\/uploads\/2024\/10\/Dennis-en-Pieter-296x300.png 296w, https:\/\/floortjevanloon.nl\/wp-content\/uploads\/2024\/10\/Dennis-en-Pieter-80x80.png 80w, https:\/\/floortjevanloon.nl\/wp-content\/uploads\/2024\/10\/Dennis-en-Pieter-36x36.png 36w\" sizes=\"(max-width: 500px) 100vw, 500px\" \/><\/div><\/div><\/figure><\/a><!--end av-masonry entry--><a href=\"https:\/\/floortjevanloon.nl\/wp-content\/uploads\/2024\/10\/Dennis-buiten.png\" data-srcset=\"https:\/\/floortjevanloon.nl\/wp-content\/uploads\/2024\/10\/Dennis-buiten.png 750w, https:\/\/floortjevanloon.nl\/wp-content\/uploads\/2024\/10\/Dennis-buiten-300x200.png 300w, https:\/\/floortjevanloon.nl\/wp-content\/uploads\/2024\/10\/Dennis-buiten-705x470.png 705w\" data-sizes=\"(max-width: 750px) 100vw, 750px\"  aria-label=\"image Dennis &#8211; ext\u00e9rieur\"  id='av-masonry-1-item-9741' data-av-masonry-item='9741' class='av-masonry-entry isotope-item post-9741 attachment type-attachment status-inherit hentry  av-masonry-item-with-image' title=\"Dennis &#8211; ext\u00e9rieur\" alt=\"\"    itemprop=\"thumbnailUrl\" ><div class='av-inner-masonry-sizer'><\/div><figure class='av-inner-masonry main_color'><div class=\"av-masonry-outerimage-container\"><div class='av-masonry-image-container'  ><img decoding=\"async\" width=\"705\" height=\"470\" fetchpriority=\"high\" class=\"wp-image-9741 avia-img-lazy-loading-not-9741\"  src=\"https:\/\/floortjevanloon.nl\/wp-content\/uploads\/2024\/10\/Dennis-buiten-705x470.png\" title=\"Dennis &#8211; ext\u00e9rieur\" alt=\"\" srcset=\"https:\/\/floortjevanloon.nl\/wp-content\/uploads\/2024\/10\/Dennis-buiten-705x470.png 705w, https:\/\/floortjevanloon.nl\/wp-content\/uploads\/2024\/10\/Dennis-buiten-300x200.png 300w, https:\/\/floortjevanloon.nl\/wp-content\/uploads\/2024\/10\/Dennis-buiten.png 750w\" sizes=\"(max-width: 705px) 100vw, 705px\" \/><\/div><\/div><\/figure><\/a><!--end av-masonry entry--><a href=\"https:\/\/floortjevanloon.nl\/wp-content\/uploads\/2024\/10\/Atelierroute-Floortje.png\" data-srcset=\"https:\/\/floortjevanloon.nl\/wp-content\/uploads\/2024\/10\/Atelierroute-Floortje.png 667w, https:\/\/floortjevanloon.nl\/wp-content\/uploads\/2024\/10\/Atelierroute-Floortje-300x225.png 300w\" data-sizes=\"(max-width: 667px) 100vw, 667px\"  aria-label=\"image Atelier route-Floortje\"  id='av-masonry-1-item-9733' data-av-masonry-item='9733' class='av-masonry-entry isotope-item post-9733 attachment type-attachment status-inherit hentry  av-masonry-item-with-image' title=\"Atelier route-Floortje\" alt=\"\"    itemprop=\"thumbnailUrl\" ><div class='av-inner-masonry-sizer'><\/div><figure class='av-inner-masonry main_color'><div class=\"av-masonry-outerimage-container\"><div class='av-masonry-image-container'  ><img decoding=\"async\" width=\"667\" height=\"500\" fetchpriority=\"high\" class=\"wp-image-9733 avia-img-lazy-loading-not-9733\"  src=\"https:\/\/floortjevanloon.nl\/wp-content\/uploads\/2024\/10\/Atelierroute-Floortje.png\" title=\"Atelier route-Floortje\" alt=\"\" srcset=\"https:\/\/floortjevanloon.nl\/wp-content\/uploads\/2024\/10\/Atelierroute-Floortje.png 667w, https:\/\/floortjevanloon.nl\/wp-content\/uploads\/2024\/10\/Atelierroute-Floortje-300x225.png 300w\" sizes=\"(max-width: 667px) 100vw, 667px\" \/><\/div><\/div><\/figure><\/a><!--end av-masonry entry--><a href=\"https:\/\/floortjevanloon.nl\/wp-content\/uploads\/2024\/10\/InCollage_20240930_214319136-1030x1030.jpg\" data-srcset=\"https:\/\/floortjevanloon.nl\/wp-content\/uploads\/2024\/10\/InCollage_20240930_214319136-1030x1030.jpg 1030w, https:\/\/floortjevanloon.nl\/wp-content\/uploads\/2024\/10\/InCollage_20240930_214319136-300x300.jpg 300w, https:\/\/floortjevanloon.nl\/wp-content\/uploads\/2024\/10\/InCollage_20240930_214319136-80x80.jpg 80w, https:\/\/floortjevanloon.nl\/wp-content\/uploads\/2024\/10\/InCollage_20240930_214319136-768x768.jpg 768w, https:\/\/floortjevanloon.nl\/wp-content\/uploads\/2024\/10\/InCollage_20240930_214319136-1536x1536.jpg 1536w, https:\/\/floortjevanloon.nl\/wp-content\/uploads\/2024\/10\/InCollage_20240930_214319136-2048x2048.jpg 2048w, https:\/\/floortjevanloon.nl\/wp-content\/uploads\/2024\/10\/InCollage_20240930_214319136-36x36.jpg 36w, https:\/\/floortjevanloon.nl\/wp-content\/uploads\/2024\/10\/InCollage_20240930_214319136-180x180.jpg 180w, https:\/\/floortjevanloon.nl\/wp-content\/uploads\/2024\/10\/InCollage_20240930_214319136-1500x1500.jpg 1500w, https:\/\/floortjevanloon.nl\/wp-content\/uploads\/2024\/10\/InCollage_20240930_214319136-705x705.jpg 705w\" data-sizes=\"(max-width: 1030px) 100vw, 1030px\"  aria-label=\"image InCollage_20240930_214319136\"  id='av-masonry-1-item-9729' data-av-masonry-item='9729' class='av-masonry-entry isotope-item post-9729 attachment type-attachment status-inherit hentry  av-masonry-item-with-image' title=\"InCollage_20240930_214319136\" alt=\"\"    itemprop=\"thumbnailUrl\" ><div class='av-inner-masonry-sizer'><\/div><figure class='av-inner-masonry main_color'><div class=\"av-masonry-outerimage-container\"><div class='av-masonry-image-container'  ><img decoding=\"async\" width=\"705\" height=\"705\" fetchpriority=\"high\" class=\"wp-image-9729 avia-img-lazy-loading-not-9729\"  src=\"https:\/\/floortjevanloon.nl\/wp-content\/uploads\/2024\/10\/InCollage_20240930_214319136-705x705.jpg\" title=\"InCollage_20240930_214319136\" alt=\"\" srcset=\"https:\/\/floortjevanloon.nl\/wp-content\/uploads\/2024\/10\/InCollage_20240930_214319136-705x705.jpg 705w, https:\/\/floortjevanloon.nl\/wp-content\/uploads\/2024\/10\/InCollage_20240930_214319136-300x300.jpg 300w, https:\/\/floortjevanloon.nl\/wp-content\/uploads\/2024\/10\/InCollage_20240930_214319136-1030x1030.jpg 1030w, https:\/\/floortjevanloon.nl\/wp-content\/uploads\/2024\/10\/InCollage_20240930_214319136-80x80.jpg 80w, https:\/\/floortjevanloon.nl\/wp-content\/uploads\/2024\/10\/InCollage_20240930_214319136-768x768.jpg 768w, https:\/\/floortjevanloon.nl\/wp-content\/uploads\/2024\/10\/InCollage_20240930_214319136-1536x1536.jpg 1536w, https:\/\/floortjevanloon.nl\/wp-content\/uploads\/2024\/10\/InCollage_20240930_214319136-2048x2048.jpg 2048w, https:\/\/floortjevanloon.nl\/wp-content\/uploads\/2024\/10\/InCollage_20240930_214319136-36x36.jpg 36w, https:\/\/floortjevanloon.nl\/wp-content\/uploads\/2024\/10\/InCollage_20240930_214319136-180x180.jpg 180w, https:\/\/floortjevanloon.nl\/wp-content\/uploads\/2024\/10\/InCollage_20240930_214319136-1500x1500.jpg 1500w\" sizes=\"(max-width: 705px) 100vw, 705px\" \/><\/div><\/div><\/figure><\/a><!--end av-masonry entry--><\/div><\/div><br \/>\n<section  class='av_textblock_section av-m1qqudiw-6fb14907b6ad97fe2dc992c0f7b6bc2d '   itemscope=\"itemscope\" itemtype=\"https:\/\/schema.org\/CreativeWork\" ><div class='avia_textblock'  itemprop=\"text\" ><p>Rapport \u00e9tabli par Evert Brouwer.  <a href=\"https:\/\/www.facebook.com\/A1ALMELO\">A1Almelo<\/a><\/p>\n<\/div><\/section><br \/>\n<\/p><\/div><\/div><\/div><\/main><!-- close content main element --><\/div><\/div><div id='av_section_2'  class='avia-section av-novnx1-76ac0717ead278f0d6ba91ae916b7b31 main_color avia-section-default avia-no-border-styling  avia-builder-el-6  el_after_av_section  el_before_av_layout_row  avia-bg-style-scroll container_wrap sidebar_left'  ><div class='container av-section-cont-open' ><div class='template-page content  av-content-small units'><div class='post-entry post-entry-type-page post-entry-10171'><div class='entry-content-wrapper clearfix'>\n\n<\/p>\n<\/div><\/div><\/div><!-- close content main div --><\/div><\/div><div id='av-layout-grid-1'  class='av-layout-grid-container av-1mvf33p-8a4113fe81e215c342ecbc93147f7a43 entry-content-wrapper main_color av-flex-cells  avia-builder-el-8  el_after_av_section  el_before_av_section  grid-row-not-first  container_wrap sidebar_left'  >\n\n<style type=\"text\/css\" data-created_by=\"avia_inline_auto\" id=\"style-css-av-t5gzv9-6eeae4f0c1acbc987e711932e1da7f63\">\n.flex_cell.av-t5gzv9-6eeae4f0c1acbc987e711932e1da7f63{\nvertical-align:top;\n}\n<\/style>\n<div class='flex_cell av-t5gzv9-6eeae4f0c1acbc987e711932e1da7f63 av-gridrow-cell av_one_full no_margin  avia-builder-el-9  avia-builder-el-no-sibling  content-align-top'  ><div class='flex_cell_inner'>\n<style type=\"text\/css\" data-created_by=\"avia_inline_auto\" id=\"style-css-av-m6p0lj4c-ce6272ae3560e3433e185bed2d3349ba\">\n.avia-accordion.av-m6p0lj4c-ce6272ae3560e3433e185bed2d3349ba{\nmax-height:684px;\n}\n.avia-accordion.av-m6p0lj4c-ce6272ae3560e3433e185bed2d3349ba .aviaccordion-preview{\nwidth:25.1%;\n}\n.avia-accordion .aviaccordion-slide.av-m6p0lj4c-ce6272ae3560e3433e185bed2d3349ba__0{\nleft:0%;\n}\n.avia-accordion .aviaccordion-slide.av-m6p0lj4c-ce6272ae3560e3433e185bed2d3349ba__1{\nleft:25%;\n}\n.avia-accordion .aviaccordion-slide.av-m6p0lj4c-ce6272ae3560e3433e185bed2d3349ba__2{\nleft:50%;\n}\n.avia-accordion .aviaccordion-slide.av-m6p0lj4c-ce6272ae3560e3433e185bed2d3349ba__3{\nleft:75%;\n}\n<\/style>\n<div  id=\"accordion_slider_1\"  class='aviaccordion avia-accordion av-m6p0lj4c-ce6272ae3560e3433e185bed2d3349ba aviaccordion-title-active av-slideshow-manual av-loop-once ' data-slideshow-options=\"{&quot;interval&quot;:5,&quot;autoplay&quot;:false,&quot;loop_autoplay&quot;:&quot;once&quot;}\"  itemscope=\"itemscope\" itemtype=\"https:\/\/schema.org\/Blog\" ><ul class=\"aviaccordion-inner\"><li class='aviaccordion-slide av-m6p0lj4c-ce6272ae3560e3433e185bed2d3349ba__0 aviaccordion-slide-1' data-av-left='0'  itemscope=\"itemscope\" itemtype=\"https:\/\/schema.org\/CreativeWork\" ><a class='aviaccordion-slide-link noHover' href=\"https:\/\/floortjevanloon.nl\/wp-content\/uploads\/2024\/09\/bleu.png\" data-srcset=\"https:\/\/floortjevanloon.nl\/wp-content\/uploads\/2024\/09\/bleu.png 500w, https:\/\/floortjevanloon.nl\/wp-content\/uploads\/2024\/09\/bleu-203x300.png 203w, https:\/\/floortjevanloon.nl\/wp-content\/uploads\/2024\/09\/bleu-476x705.png 476w\" data-sizes=\"(max-width: 500px) 100vw, 500px\"  title=\"Bleu\" ><div class='aviaccordion-preview '><\/div><img loading=\"lazy\" decoding=\"async\" width=\"500\" height=\"684\" src=\"https:\/\/floortjevanloon.nl\/wp-content\/uploads\/2024\/09\/bleu-500x684.png\" class=\"aviaccordion-image\" alt=\"\" \/><\/a><\/li><li class='aviaccordion-slide av-m6p0lj4c-ce6272ae3560e3433e185bed2d3349ba__1 aviaccordion-slide-2' data-av-left='25'  itemscope=\"itemscope\" itemtype=\"https:\/\/schema.org\/CreativeWork\" ><a class='aviaccordion-slide-link noHover' href=\"https:\/\/floortjevanloon.nl\/wp-content\/uploads\/2024\/09\/dog.png\" data-srcset=\"https:\/\/floortjevanloon.nl\/wp-content\/uploads\/2024\/09\/dog.png 500w, https:\/\/floortjevanloon.nl\/wp-content\/uploads\/2024\/09\/dog-212x300.png 212w, https:\/\/floortjevanloon.nl\/wp-content\/uploads\/2024\/09\/dog-497x705.png 497w\" data-sizes=\"(max-width: 500px) 100vw, 500px\"  title=\"chien\" ><div class='aviaccordion-preview '><\/div><img loading=\"lazy\" decoding=\"async\" width=\"500\" height=\"684\" src=\"https:\/\/floortjevanloon.nl\/wp-content\/uploads\/2024\/09\/dog-500x684.png\" class=\"aviaccordion-image\" alt=\"\" \/><\/a><\/li><li class='aviaccordion-slide av-m6p0lj4c-ce6272ae3560e3433e185bed2d3349ba__2 aviaccordion-slide-3' data-av-left='50'  itemscope=\"itemscope\" itemtype=\"https:\/\/schema.org\/CreativeWork\" ><a class='aviaccordion-slide-link noHover' href=\"https:\/\/floortjevanloon.nl\/wp-content\/uploads\/2024\/09\/Screenshot_2024-09-07-10-53-43-32_a23b203fd3aafc6dcb84e438dda678b6-766x1030.jpg\" data-srcset=\"https:\/\/floortjevanloon.nl\/wp-content\/uploads\/2024\/09\/Screenshot_2024-09-07-10-53-43-32_a23b203fd3aafc6dcb84e438dda678b6-766x1030.jpg 766w, https:\/\/floortjevanloon.nl\/wp-content\/uploads\/2024\/09\/Screenshot_2024-09-07-10-53-43-32_a23b203fd3aafc6dcb84e438dda678b6-223x300.jpg 223w, https:\/\/floortjevanloon.nl\/wp-content\/uploads\/2024\/09\/Screenshot_2024-09-07-10-53-43-32_a23b203fd3aafc6dcb84e438dda678b6-768x1033.jpg 768w, https:\/\/floortjevanloon.nl\/wp-content\/uploads\/2024\/09\/Screenshot_2024-09-07-10-53-43-32_a23b203fd3aafc6dcb84e438dda678b6-524x705.jpg 524w, https:\/\/floortjevanloon.nl\/wp-content\/uploads\/2024\/09\/Screenshot_2024-09-07-10-53-43-32_a23b203fd3aafc6dcb84e438dda678b6.jpg 1080w\" data-sizes=\"(max-width: 766px) 100vw, 766px\"  title=\"Screenshot_2024-09-07-10-53-43-32_a23b203fd3aafc6dcb84e438dda678b6\" alt=\"\u00e9v\u00e9nement\" ><div class='aviaccordion-preview '><\/div><img loading=\"lazy\" decoding=\"async\" width=\"845\" height=\"684\" src=\"https:\/\/floortjevanloon.nl\/wp-content\/uploads\/2024\/09\/Screenshot_2024-09-07-10-53-43-32_a23b203fd3aafc6dcb84e438dda678b6-845x684.jpg\" class=\"aviaccordion-image\" alt=\"\u00e9v\u00e9nement\" srcset=\"https:\/\/floortjevanloon.nl\/wp-content\/uploads\/2024\/09\/Screenshot_2024-09-07-10-53-43-32_a23b203fd3aafc6dcb84e438dda678b6-845x684.jpg 845w, https:\/\/floortjevanloon.nl\/wp-content\/uploads\/2024\/09\/Screenshot_2024-09-07-10-53-43-32_a23b203fd3aafc6dcb84e438dda678b6-495x400.jpg 495w\" sizes=\"auto, (max-width: 845px) 100vw, 845px\" \/><\/a><\/li><li class='aviaccordion-slide av-m6p0lj4c-ce6272ae3560e3433e185bed2d3349ba__3 aviaccordion-slide-4' data-av-left='75'  itemscope=\"itemscope\" itemtype=\"https:\/\/schema.org\/CreativeWork\" ><a class='aviaccordion-slide-link noHover' href=\"https:\/\/floortjevanloon.nl\/wp-content\/uploads\/2023\/11\/loly-mollerwerf.png\" data-srcset=\"https:\/\/floortjevanloon.nl\/wp-content\/uploads\/2023\/11\/loly-mollerwerf.png 500w, https:\/\/floortjevanloon.nl\/wp-content\/uploads\/2023\/11\/loly-mollerwerf-231x300.png 231w\" data-sizes=\"(max-width: 500px) 100vw, 500px\"  title=\"loly mollerwerf\" ><div class='aviaccordion-preview '><\/div><img loading=\"lazy\" decoding=\"async\" width=\"500\" height=\"648\" src=\"https:\/\/floortjevanloon.nl\/wp-content\/uploads\/2023\/11\/loly-mollerwerf.png\" class=\"aviaccordion-image\" alt=\"\" srcset=\"https:\/\/floortjevanloon.nl\/wp-content\/uploads\/2023\/11\/loly-mollerwerf.png 500w, https:\/\/floortjevanloon.nl\/wp-content\/uploads\/2023\/11\/loly-mollerwerf-231x300.png 231w\" sizes=\"auto, (max-width: 500px) 100vw, 500px\" \/><\/a><\/li><\/ul><div class='aviaccordion-spacer' style='padding-bottom:80.94674556213%'><\/div><\/div>\n<\/div><\/div><\/div>\n<style type=\"text\/css\" data-created_by=\"avia_inline_auto\" id=\"style-css-av-m1rldei2-cc25272eaa2716fdc84e96e693160c99\">\n.avia-section.av-m1rldei2-cc25272eaa2716fdc84e96e693160c99{\nbackground-repeat:no-repeat;\nbackground-image:url(https:\/\/floortjevanloon.nl\/wp-content\/uploads\/2024\/10\/Dennis-buiten.png);\nbackground-position:50% 100%;\nbackground-attachment:scroll;\n}\n.avia-section.av-m1rldei2-cc25272eaa2716fdc84e96e693160c99 .av-section-color-overlay{\nopacity:0.5;\n}\n<\/style>\n<div id='av_section_3'  class='avia-section av-m1rldei2-cc25272eaa2716fdc84e96e693160c99 main_color avia-section-default avia-no-border-styling  avia-builder-el-11  el_after_av_layout_row  avia-builder-el-last  avia-full-stretch avia-bg-style-scroll av-section-color-overlay-active av-minimum-height av-minimum-height-22vw av-height-percent_width  container_wrap sidebar_left'  data-section-bg-repeat='stretch' data-av_minimum_height_pc='22' data-av_min_height_opt='percent_width'><div class=\"av-section-color-overlay-wrap\"><div class=\"av-section-color-overlay\"><\/div><div class='container av-section-cont-open' ><div class='template-page content  av-content-small units'><div class='post-entry post-entry-type-page post-entry-10171'><div class='entry-content-wrapper clearfix'><\/div><\/div><\/div><!-- close content main div --><\/div><\/div><\/div><div id='after_section_3'  class='main_color av_default_container_wrap container_wrap sidebar_left'  ><div class='container av-section-cont-open' ><div class='template-page content  av-content-small units'><div class='post-entry post-entry-type-page post-entry-10171'><div class='entry-content-wrapper clearfix'><\/p>\n","protected":false},"excerpt":{"rendered":"","protected":false},"author":1,"featured_media":9004,"parent":0,"menu_order":0,"comment_status":"closed","ping_status":"closed","template":"","meta":{"footnotes":""},"class_list":["post-10171","page","type-page","status-publish","has-post-thumbnail","hentry"],"_links":{"self":[{"href":"https:\/\/floortjevanloon.nl\/fr\/wp-json\/wp\/v2\/pages\/10171","targetHints":{"allow":["GET"]}}],"collection":[{"href":"https:\/\/floortjevanloon.nl\/fr\/wp-json\/wp\/v2\/pages"}],"about":[{"href":"https:\/\/floortjevanloon.nl\/fr\/wp-json\/wp\/v2\/types\/page"}],"author":[{"embeddable":true,"href":"https:\/\/floortjevanloon.nl\/fr\/wp-json\/wp\/v2\/users\/1"}],"replies":[{"embeddable":true,"href":"https:\/\/floortjevanloon.nl\/fr\/wp-json\/wp\/v2\/comments?post=10171"}],"version-history":[{"count":0,"href":"https:\/\/floortjevanloon.nl\/fr\/wp-json\/wp\/v2\/pages\/10171\/revisions"}],"wp:featuredmedia":[{"embeddable":true,"href":"https:\/\/floortjevanloon.nl\/fr\/wp-json\/wp\/v2\/media\/9004"}],"wp:attachment":[{"href":"https:\/\/floortjevanloon.nl\/fr\/wp-json\/wp\/v2\/media?parent=10171"}],"curies":[{"name":"wp","href":"https:\/\/api.w.org\/{rel}","templated":true}]}}