{"id":2305,"date":"2023-12-21T11:09:55","date_gmt":"2023-12-21T11:09:55","guid":{"rendered":"https:\/\/floortjevanloon.nl\/spiel-haengend\/"},"modified":"2026-04-21T09:38:06","modified_gmt":"2026-04-21T09:38:06","slug":"spiel-haengend","status":"publish","type":"page","link":"https:\/\/floortjevanloon.nl\/de\/spiel-haengend\/","title":{"rendered":"Wildh\u00e4ngendes Hengelo"},"content":{"rendered":"<div id='recent'  class='av-layout-grid-container av-ahgaek-3ec57f06fc0db8e986033c7f4be3c801 entry-content-wrapper main_color av-flex-cells  avia-builder-el-0  avia-builder-el-no-sibling  av-cell-min-height av-cell-min-height-100  container_wrap sidebar_left'   data-av_minimum_height_pc='100'>\n\n<style type=\"text\/css\" data-created_by=\"avia_inline_auto\" id=\"style-css-av-ac9es4-7336c980fc177dd6850a867b58ee7008\">\n.flex_cell.av-ac9es4-7336c980fc177dd6850a867b58ee7008{\nvertical-align:middle;\n}\n.responsive #top #wrap_all .flex_cell.av-ac9es4-7336c980fc177dd6850a867b58ee7008{\npadding:100px 30px 30px 30px !important;\n}\n<\/style>\n<div class='flex_cell av-ac9es4-7336c980fc177dd6850a867b58ee7008 av-gridrow-cell av_one_half no_margin  avia-builder-el-1  el_before_av_cell_one_half  avia-builder-el-first  content-align-middle avia-full-contain'  ><div class='flex_cell_inner'><p>\n<style type=\"text\/css\" data-created_by=\"avia_inline_auto\" id=\"style-css-av-a598uk-6cfb055d587e76cdd71d37626e47e66a\">\n#top .av-special-heading.av-a598uk-6cfb055d587e76cdd71d37626e47e66a{\npadding-bottom:0;\ncolor:#020202;\nfont-size:60px;\n}\nbody .av-special-heading.av-a598uk-6cfb055d587e76cdd71d37626e47e66a .av-special-heading-tag .heading-char{\nfont-size:25px;\n}\n#top #wrap_all .av-special-heading.av-a598uk-6cfb055d587e76cdd71d37626e47e66a .av-special-heading-tag{\nfont-size:60px;\n}\n.av-special-heading.av-a598uk-6cfb055d587e76cdd71d37626e47e66a .special-heading-inner-border{\nborder-color:#020202;\n}\n.av-special-heading.av-a598uk-6cfb055d587e76cdd71d37626e47e66a .av-subheading{\nfont-size:15px;\n}\n\n@media only screen and (min-width: 480px) and (max-width: 767px){ \n#top #wrap_all .av-special-heading.av-a598uk-6cfb055d587e76cdd71d37626e47e66a .av-special-heading-tag{\nfont-size:0.8em;\n}\n}\n\n@media only screen and (max-width: 479px){ \n#top #wrap_all .av-special-heading.av-a598uk-6cfb055d587e76cdd71d37626e47e66a .av-special-heading-tag{\nfont-size:0.8em;\n}\n}\n<\/style>\n<div  class='av-special-heading av-a598uk-6cfb055d587e76cdd71d37626e47e66a av-special-heading-h1 custom-color-heading blockquote modern-quote modern-centered  avia-builder-el-2  el_before_av_hr  avia-builder-el-first  av-inherit-size'><h1 class='av-special-heading-tag '  itemprop=\"headline\"  >Ode an den Hafen von Hengelo<\/h1><div class=\"special-heading-border\"><div class=\"special-heading-inner-border\"><\/div><\/div><\/div><br \/>\n\n<style type=\"text\/css\" data-created_by=\"avia_inline_auto\" id=\"style-css-av-a33w4k-d152f91e4444795fa792e6bbe106ce37\">\n#top .hr.av-a33w4k-d152f91e4444795fa792e6bbe106ce37{\nmargin-top:30px;\nmargin-bottom:30px;\n}\n.hr.av-a33w4k-d152f91e4444795fa792e6bbe106ce37 .hr-inner{\nwidth:50px;\nborder-color:#ffffff;\n}\n<\/style>\n<div  class='hr av-a33w4k-d152f91e4444795fa792e6bbe106ce37 hr-custom  avia-builder-el-3  el_after_av_heading  el_before_av_textblock  hr-center hr-icon-no'><span class='hr-inner inner-border-av-border-fat'><span class=\"hr-inner-style\"><\/span><\/span><\/div><br \/>\n\n<style type=\"text\/css\" data-created_by=\"avia_inline_auto\" id=\"style-css-av-9s8o0s-1b5dc935964ed64ad71013c07d6069df\">\n#top .av_textblock_section.av-9s8o0s-1b5dc935964ed64ad71013c07d6069df .avia_textblock{\nfont-size:16px;\ncolor:#000000;\n}\n<\/style>\n<section  class='av_textblock_section av-9s8o0s-1b5dc935964ed64ad71013c07d6069df '   itemscope=\"itemscope\" itemtype=\"https:\/\/schema.org\/CreativeWork\" ><div class='avia_textblock av_inherit_color'  itemprop=\"text\" ><p>Der Er\u00f6ffnungsabend war ein Riesenerfolg<\/p>\n<p>Die Ode an den Hafen kann vom 10. Dezember 2023 bis zum 7. Januar 2024 besucht werden.<\/p>\n<p>Unter dem Titel &#8220;Ode an den Hafen&#8220; hat <a href=\"http:\/\/nachtvandehaven.nl\">nachtvandehaven.nl<\/a> in Zusammenarbeit mit der M\u00f6llerwerf Hengelo die Ausstellung Wildhanging 2023 organisiert.<\/p>\n<p>Am 9. Dezember wurde die Ausstellung von der Hengeloer Kulturstadtr\u00e4tin Marie Jose Luttikholt er\u00f6ffnet.<\/p>\n<p>144 K\u00fcnstler aus der Region beteiligen sich an der Ode an den Hafen.<\/p>\n<p>Am Freitag, den 8. Dezember, wurden die Werke aller teilnehmenden K\u00fcnstler in geselliger Runde aufgeh\u00e4ngt. Einige arbeiteten allein, andere halfen sich gegenseitig. Mit Ihrer Teilnahme verpflichten Sie sich, Ihre eigenen Arbeiten aufzuh\u00e4ngen. Die grauen Bl\u00f6cke zum Aufh\u00e4ngen Ihrer Arbeiten sind fertig. Es gab f\u00fcnf Sockel, und die Au\u00dfenw\u00e4nde waren auch zum Aufh\u00e4ngen von Arbeiten geeignet. Die Atmosph\u00e4re war locker. Beide Tage waren ein Erfolg.<\/p>\n<p>Vor der Er\u00f6ffnung gab die Vorsitzende Irma Bruggeman bekannt, dass ST047PK eine betr\u00e4chtliche Summe an Zusch\u00fcssen erhalten hat, die f\u00fcr viele gro\u00dfartige Dinge verwendet werden k\u00f6nnen, darunter auch f\u00fcr Bildungsprogramme f\u00fcr junge Menschen.<\/p>\n<p>Nach der Er\u00f6ffnung wurde im Laufe des Abends die Sendung &#8220;Stars on the Canvas&#8220; ausgestrahlt. Die G\u00e4ste versammelten sich vor der Projektionsskulptur und folgten Renske Schild, einem mit der M\u00f6llerwerf verbundenen Teilnehmer, der mit zwei anderen K\u00fcnstlern um den ersten Platz in der Fernsehsendung k\u00e4mpfte. Alles in einem ruhigen und kontrollierten Tempo. Renske ging als Siegerin hervor, ihr Werk wurde von Johanna ter Stege ausgew\u00e4hlt, die f\u00fcr ein Portr\u00e4t Modell gestanden hatte und dem Interviewer \u00d6zcan Akyol einige Dinge aus ihrem pers\u00f6nlichen Leben erz\u00e4hlte.<\/p>\n<p>Ge\u00f6ffnet: samstags und sonntags von 12:30 bis 18:30 Uhr. An Feiertagen geschlossen.<\/p>\n<\/div><\/section><br \/>\n\n<style type=\"text\/css\" data-created_by=\"avia_inline_auto\" id=\"style-css-av-9o6el8-9275d918e953ba0a73fa933b5469ba09\">\n#top .hr.hr-invisible.av-9o6el8-9275d918e953ba0a73fa933b5469ba09{\nheight:15px;\n}\n<\/style>\n<div  class='hr av-9o6el8-9275d918e953ba0a73fa933b5469ba09 hr-invisible  avia-builder-el-5  el_after_av_textblock  el_before_av_masonry_gallery  avia-builder-el-last '><span class='hr-inner '><span class=\"hr-inner-style\"><\/span><\/span><\/div><br \/>\n<br \/>\n\n<style type=\"text\/css\" data-created_by=\"avia_inline_auto\" id=\"style-css-av-9ev558-7adda69fab7d3da6a76f458c68d858e6\">\n#top .hr.hr-invisible.av-9ev558-7adda69fab7d3da6a76f458c68d858e6{\nheight:10px;\n}\n<\/style>\n<div  class='hr av-9ev558-7adda69fab7d3da6a76f458c68d858e6 hr-invisible  avia-builder-el-7  el_after_av_masonry_gallery  avia-builder-el-no-sibling '><span class='hr-inner '><span class=\"hr-inner-style\"><\/span><\/span><\/div><\/p>\n<\/div><\/div>\n<style type=\"text\/css\" data-created_by=\"avia_inline_auto\" id=\"style-css-av-95dk2s-1b40e96b0102796dedf4e1073b789960\">\n.flex_cell.av-95dk2s-1b40e96b0102796dedf4e1073b789960{\nvertical-align:middle;\nbackground:url(https:\/\/floortjevanloon.nl\/wp-content\/uploads\/2023\/12\/408816172_1762604840922853_2134942334452848665_n-300x225.png) 100% 50% no-repeat fixed ;\n}\n.responsive #top #wrap_all .flex_cell.av-95dk2s-1b40e96b0102796dedf4e1073b789960{\npadding:100px 100px 100px 100px !important;\n}\n<\/style>\n<div class='flex_cell av-95dk2s-1b40e96b0102796dedf4e1073b789960 av-gridrow-cell av_one_half no_margin av-hide-on-mobile  avia-builder-el-8  el_after_av_cell_one_half  avia-builder-el-last  content-align-middle avia-full-contain'  ><div class='flex_cell_inner'><\/div><\/div><\/div>\n","protected":false},"excerpt":{"rendered":"","protected":false},"author":1,"featured_media":0,"parent":0,"menu_order":0,"comment_status":"closed","ping_status":"closed","template":"","meta":{"footnotes":""},"class_list":["post-2305","page","type-page","status-publish","hentry"],"_links":{"self":[{"href":"https:\/\/floortjevanloon.nl\/de\/wp-json\/wp\/v2\/pages\/2305","targetHints":{"allow":["GET"]}}],"collection":[{"href":"https:\/\/floortjevanloon.nl\/de\/wp-json\/wp\/v2\/pages"}],"about":[{"href":"https:\/\/floortjevanloon.nl\/de\/wp-json\/wp\/v2\/types\/page"}],"author":[{"embeddable":true,"href":"https:\/\/floortjevanloon.nl\/de\/wp-json\/wp\/v2\/users\/1"}],"replies":[{"embeddable":true,"href":"https:\/\/floortjevanloon.nl\/de\/wp-json\/wp\/v2\/comments?post=2305"}],"version-history":[{"count":13,"href":"https:\/\/floortjevanloon.nl\/de\/wp-json\/wp\/v2\/pages\/2305\/revisions"}],"predecessor-version":[{"id":21167,"href":"https:\/\/floortjevanloon.nl\/de\/wp-json\/wp\/v2\/pages\/2305\/revisions\/21167"}],"wp:attachment":[{"href":"https:\/\/floortjevanloon.nl\/de\/wp-json\/wp\/v2\/media?parent=2305"}],"curies":[{"name":"wp","href":"https:\/\/api.w.org\/{rel}","templated":true}]}}