{"id":2276,"date":"2023-09-27T08:20:04","date_gmt":"2023-09-27T08:20:04","guid":{"rendered":"https:\/\/floortjevanloon.nl\/rueckblickend\/"},"modified":"2026-04-13T11:59:29","modified_gmt":"2026-04-13T11:59:29","slug":"rueckblickend","status":"publish","type":"page","link":"https:\/\/floortjevanloon.nl\/de\/rueckblickend\/","title":{"rendered":"Atelier Route 2023"},"content":{"rendered":"<div id='recent'  class='av-layout-grid-container av-ahgaek-3ec57f06fc0db8e986033c7f4be3c801 entry-content-wrapper main_color av-flex-cells  avia-builder-el-0  avia-builder-el-no-sibling  av-cell-min-height av-cell-min-height-100  container_wrap sidebar_left'   data-av_minimum_height_pc='100'>\n\n<style type=\"text\/css\" data-created_by=\"avia_inline_auto\" id=\"style-css-av-ac9es4-7336c980fc177dd6850a867b58ee7008\">\n.flex_cell.av-ac9es4-7336c980fc177dd6850a867b58ee7008{\nvertical-align:middle;\n}\n.responsive #top #wrap_all .flex_cell.av-ac9es4-7336c980fc177dd6850a867b58ee7008{\npadding:100px 30px 30px 30px !important;\n}\n<\/style>\n<div class='flex_cell av-ac9es4-7336c980fc177dd6850a867b58ee7008 av-gridrow-cell av_one_full no_margin  avia-builder-el-1  avia-builder-el-no-sibling  content-align-middle avia-full-contain'  ><div class='flex_cell_inner'><p>\n<style type=\"text\/css\" data-created_by=\"avia_inline_auto\" id=\"style-css-av-a33w4k-d152f91e4444795fa792e6bbe106ce37\">\n#top .hr.av-a33w4k-d152f91e4444795fa792e6bbe106ce37{\nmargin-top:30px;\nmargin-bottom:30px;\n}\n.hr.av-a33w4k-d152f91e4444795fa792e6bbe106ce37 .hr-inner{\nwidth:50px;\nborder-color:#ffffff;\n}\n<\/style>\n<div  class='hr av-a33w4k-d152f91e4444795fa792e6bbe106ce37 hr-custom  avia-builder-el-2  el_before_av_horizontal_gallery  avia-builder-el-no-sibling  hr-center hr-icon-no'><span class='hr-inner inner-border-av-border-fat'><span class=\"hr-inner-style\"><\/span><\/span><\/div><br \/>\n\n<style type=\"text\/css\" data-created_by=\"avia_inline_auto\" id=\"style-css-av-ln1psfip-401067fdb49f31383d2a44bbc25e9c12\">\n.av-horizontal-gallery.av-ln1psfip-401067fdb49f31383d2a44bbc25e9c12{\npadding:3.75% 0px;;\n}\n.av-horizontal-gallery.av-ln1psfip-401067fdb49f31383d2a44bbc25e9c12 .av-horizontal-gallery-inner{\npadding-bottom:25%;\n}\n<\/style>\n<div  class='av-horizontal-gallery av-ln1psfip-401067fdb49f31383d2a44bbc25e9c12 av-horizontal-gallery-large-gap av-horizontal-gallery-enlarge-effect  avia-builder-el-3  el_after_av_hr  el_before_av_textblock  av-slideshow-ui av-control-default av-slideshow-manual av-loop-once av-loop-manual-once av-horizontal-gallery-1' data-slideshow-data=\"{&quot;enlarge&quot;:1.3,&quot;animation&quot;:&quot;slide&quot;,&quot;autoplay&quot;:false,&quot;loop_autoplay&quot;:&quot;once&quot;,&quot;interval&quot;:5,&quot;loop_manual&quot;:&quot;manual-once&quot;,&quot;autoplay_stopper&quot;:false,&quot;noNavigation&quot;:false,&quot;bg_slider&quot;:false,&quot;keep_padding&quot;:&quot;&quot;,&quot;hoverpause&quot;:false,&quot;show_slide_delay&quot;:0}\"  itemprop=\"image\" itemscope=\"itemscope\" itemtype=\"https:\/\/schema.org\/ImageObject\" ><div class='avia-slideshow-arrows avia-slideshow-controls' ><a href='#prev' class='prev-slide av-horizontal-gallery-prev avia-svg-icon avia-font-svg_entypo-fontello' data-av_svg_icon='left-open-big' data-av_iconset='svg_entypo-fontello' tabindex='-1' title=\"Zur\u00fcck\"><svg version=\"1.1\" xmlns=\"http:\/\/www.w3.org\/2000\/svg\" width=\"15\" height=\"32\" viewBox=\"0 0 15 32\" preserveAspectRatio=\"xMidYMid meet\" aria-labelledby='av-svg-title-1' aria-describedby='av-svg-desc-1' role=\"graphics-symbol\" aria-hidden=\"true\">\n<title id='av-svg-title-1'>Zur\u00fcck<\/title>\n<desc id='av-svg-desc-1'>Zur\u00fcck<\/desc>\n<path d=\"M14.464 27.84q0.832 0.832 0 1.536-0.832 0.832-1.536 0l-12.544-12.608q-0.768-0.768 0-1.6l12.544-12.608q0.704-0.832 1.536 0 0.832 0.704 0 1.536l-11.456 11.904z\"><\/path>\n<\/svg><span class='avia_hidden_link_text'>Zur\u00fcck<\/span><\/a><a href='#next' class='next-slide av-horizontal-gallery-next avia-svg-icon avia-font-svg_entypo-fontello' data-av_svg_icon='right-open-big' data-av_iconset='svg_entypo-fontello' tabindex='-1' title=\"Weiter\"><svg version=\"1.1\" xmlns=\"http:\/\/www.w3.org\/2000\/svg\" width=\"15\" height=\"32\" viewBox=\"0 0 15 32\" preserveAspectRatio=\"xMidYMid meet\" aria-labelledby='av-svg-title-2' aria-describedby='av-svg-desc-2' role=\"graphics-symbol\" aria-hidden=\"true\">\n<title id='av-svg-title-2'>Weiter<\/title>\n<desc id='av-svg-desc-2'>Weiter<\/desc>\n<path d=\"M0.416 27.84l11.456-11.84-11.456-11.904q-0.832-0.832 0-1.536 0.832-0.832 1.536 0l12.544 12.608q0.768 0.832 0 1.6l-12.544 12.608q-0.704 0.832-1.536 0-0.832-0.704 0-1.536z\"><\/path>\n<\/svg><span class='avia_hidden_link_text'>Weiter<\/span><\/a><\/div><div class='avia-slideshow-dots avia-slideshow-controls av-horizontal-gallery-dots fade-in'><a href='#1' class='goto-slide active' >1<\/a><a href='#2' class='goto-slide ' >2<\/a><a href='#3' class='goto-slide ' >3<\/a><a href='#4' class='goto-slide ' >4<\/a><\/div><div class='av-horizontal-gallery-inner' data-av-height='25'><div class=\"av-horizontal-gallery-slider\"><div class=\"av-horizontal-gallery-wrap noHover\"><img decoding=\"async\" fetchpriority=\"high\" class='wp-image-20440 avia-img-lazy-loading-not-20440 av-horizontal-gallery-img' width=\"300\" height=\"225\" src=\"https:\/\/floortjevanloon.nl\/wp-content\/uploads\/2023\/09\/Open-atelierroute-2023-4-300x225.png\" title='Open-atelierroute-2023-4' alt='' srcset=\"https:\/\/floortjevanloon.nl\/wp-content\/uploads\/2023\/09\/Open-atelierroute-2023-4-300x225.png 300w, https:\/\/floortjevanloon.nl\/wp-content\/uploads\/2023\/09\/Open-atelierroute-2023-4.png 500w\" sizes=\"(max-width: 300px) 100vw, 300px\" \/><a href=\"https:\/\/floortjevanloon.nl\/wp-content\/uploads\/2023\/09\/Open-atelierroute-2023-4.png\" data-srcset=\"https:\/\/floortjevanloon.nl\/wp-content\/uploads\/2023\/09\/Open-atelierroute-2023-4.png 500w, https:\/\/floortjevanloon.nl\/wp-content\/uploads\/2023\/09\/Open-atelierroute-2023-4-300x225.png 300w\" data-sizes=\"(max-width: 500px) 100vw, 500px\" class='av-horizontal-gallery-link avia-svg-icon avia-font-svg_entypo-fontello' data-av_svg_icon='resize-full' data-av_iconset='svg_entypo-fontello' title='Open-atelierroute-2023-4' alt='' aria-label='Open image in lightbox: Open-atelierroute-2023-4'><svg version=\"1.1\" xmlns=\"http:\/\/www.w3.org\/2000\/svg\" width=\"25\" height=\"32\" viewBox=\"0 0 25 32\" preserveAspectRatio=\"xMidYMid meet\" aria-labelledby='av-svg-title-3' aria-describedby='av-svg-desc-3' role=\"graphics-symbol\" aria-hidden=\"true\">\n<title id='av-svg-title-3'>Open image in lightbox: Open-atelierroute-2023-4<\/title>\n<desc id='av-svg-desc-3'>Open image in lightbox: Open-atelierroute-2023-4<\/desc>\n<path d=\"M15.232 3.328h10.112v10.112l-3.2-3.968-4.672 4.864-3.2-3.2 4.864-4.672zM7.872 17.536l3.2 3.2-4.864 4.672 3.904 3.2h-10.112v-10.112l3.2 3.904z\"><\/path>\n<\/svg><\/a><\/div><div class=\"av-horizontal-gallery-wrap noHover\"><img decoding=\"async\" fetchpriority=\"high\" class='wp-image-20441 avia-img-lazy-loading-not-20441 av-horizontal-gallery-img' width=\"300\" height=\"225\" src=\"https:\/\/floortjevanloon.nl\/wp-content\/uploads\/2023\/09\/Open-atelierroute-2023-2-300x225.png\" title='Open-atelierroute-2023-2' alt='' srcset=\"https:\/\/floortjevanloon.nl\/wp-content\/uploads\/2023\/09\/Open-atelierroute-2023-2-300x225.png 300w, https:\/\/floortjevanloon.nl\/wp-content\/uploads\/2023\/09\/Open-atelierroute-2023-2.png 500w\" sizes=\"(max-width: 300px) 100vw, 300px\" \/><a href=\"https:\/\/floortjevanloon.nl\/wp-content\/uploads\/2023\/09\/Open-atelierroute-2023-2.png\" data-srcset=\"https:\/\/floortjevanloon.nl\/wp-content\/uploads\/2023\/09\/Open-atelierroute-2023-2.png 500w, https:\/\/floortjevanloon.nl\/wp-content\/uploads\/2023\/09\/Open-atelierroute-2023-2-300x225.png 300w\" data-sizes=\"(max-width: 500px) 100vw, 500px\" class='av-horizontal-gallery-link avia-svg-icon avia-font-svg_entypo-fontello' data-av_svg_icon='resize-full' data-av_iconset='svg_entypo-fontello' title='Open-atelierroute-2023-2' alt='' aria-label='Open image in lightbox: Open-atelierroute-2023-2'><svg version=\"1.1\" xmlns=\"http:\/\/www.w3.org\/2000\/svg\" width=\"25\" height=\"32\" viewBox=\"0 0 25 32\" preserveAspectRatio=\"xMidYMid meet\" aria-labelledby='av-svg-title-4' aria-describedby='av-svg-desc-4' role=\"graphics-symbol\" aria-hidden=\"true\">\n<title id='av-svg-title-4'>Open image in lightbox: Open-atelierroute-2023-2<\/title>\n<desc id='av-svg-desc-4'>Open image in lightbox: Open-atelierroute-2023-2<\/desc>\n<path d=\"M15.232 3.328h10.112v10.112l-3.2-3.968-4.672 4.864-3.2-3.2 4.864-4.672zM7.872 17.536l3.2 3.2-4.864 4.672 3.904 3.2h-10.112v-10.112l3.2 3.904z\"><\/path>\n<\/svg><\/a><\/div><div class=\"av-horizontal-gallery-wrap noHover\"><img decoding=\"async\" fetchpriority=\"high\" class='wp-image-20442 avia-img-lazy-loading-not-20442 av-horizontal-gallery-img' width=\"300\" height=\"225\" src=\"https:\/\/floortjevanloon.nl\/wp-content\/uploads\/2023\/09\/Open-atelierroute-2023-3-300x225.png\" title='Open-atelierroute-2023-3' alt='' srcset=\"https:\/\/floortjevanloon.nl\/wp-content\/uploads\/2023\/09\/Open-atelierroute-2023-3-300x225.png 300w, https:\/\/floortjevanloon.nl\/wp-content\/uploads\/2023\/09\/Open-atelierroute-2023-3.png 500w\" sizes=\"(max-width: 300px) 100vw, 300px\" \/><a href=\"https:\/\/floortjevanloon.nl\/wp-content\/uploads\/2023\/09\/Open-atelierroute-2023-3.png\" data-srcset=\"https:\/\/floortjevanloon.nl\/wp-content\/uploads\/2023\/09\/Open-atelierroute-2023-3.png 500w, https:\/\/floortjevanloon.nl\/wp-content\/uploads\/2023\/09\/Open-atelierroute-2023-3-300x225.png 300w\" data-sizes=\"(max-width: 500px) 100vw, 500px\" class='av-horizontal-gallery-link avia-svg-icon avia-font-svg_entypo-fontello' data-av_svg_icon='resize-full' data-av_iconset='svg_entypo-fontello' title='Open-atelierroute-2023-3' alt='' aria-label='Open image in lightbox: Open-atelierroute-2023-3'><svg version=\"1.1\" xmlns=\"http:\/\/www.w3.org\/2000\/svg\" width=\"25\" height=\"32\" viewBox=\"0 0 25 32\" preserveAspectRatio=\"xMidYMid meet\" aria-labelledby='av-svg-title-5' aria-describedby='av-svg-desc-5' role=\"graphics-symbol\" aria-hidden=\"true\">\n<title id='av-svg-title-5'>Open image in lightbox: Open-atelierroute-2023-3<\/title>\n<desc id='av-svg-desc-5'>Open image in lightbox: Open-atelierroute-2023-3<\/desc>\n<path d=\"M15.232 3.328h10.112v10.112l-3.2-3.968-4.672 4.864-3.2-3.2 4.864-4.672zM7.872 17.536l3.2 3.2-4.864 4.672 3.904 3.2h-10.112v-10.112l3.2 3.904z\"><\/path>\n<\/svg><\/a><\/div><div class=\"av-horizontal-gallery-wrap noHover\"><img decoding=\"async\" fetchpriority=\"high\" class='wp-image-20443 avia-img-lazy-loading-not-20443 av-horizontal-gallery-img' width=\"300\" height=\"225\" src=\"https:\/\/floortjevanloon.nl\/wp-content\/uploads\/2023\/09\/Open-atelierroute-2023-1-300x225.png\" title='Open-atelierroute-2023-1' alt='' srcset=\"https:\/\/floortjevanloon.nl\/wp-content\/uploads\/2023\/09\/Open-atelierroute-2023-1-300x225.png 300w, https:\/\/floortjevanloon.nl\/wp-content\/uploads\/2023\/09\/Open-atelierroute-2023-1.png 500w\" sizes=\"(max-width: 300px) 100vw, 300px\" \/><a href=\"https:\/\/floortjevanloon.nl\/wp-content\/uploads\/2023\/09\/Open-atelierroute-2023-1.png\" data-srcset=\"https:\/\/floortjevanloon.nl\/wp-content\/uploads\/2023\/09\/Open-atelierroute-2023-1.png 500w, https:\/\/floortjevanloon.nl\/wp-content\/uploads\/2023\/09\/Open-atelierroute-2023-1-300x225.png 300w\" data-sizes=\"(max-width: 500px) 100vw, 500px\" class='av-horizontal-gallery-link avia-svg-icon avia-font-svg_entypo-fontello' data-av_svg_icon='resize-full' data-av_iconset='svg_entypo-fontello' title='Open-atelierroute-2023-1' alt='' aria-label='Open image in lightbox: Open-atelierroute-2023-1'><svg version=\"1.1\" xmlns=\"http:\/\/www.w3.org\/2000\/svg\" width=\"25\" height=\"32\" viewBox=\"0 0 25 32\" preserveAspectRatio=\"xMidYMid meet\" aria-labelledby='av-svg-title-6' aria-describedby='av-svg-desc-6' role=\"graphics-symbol\" aria-hidden=\"true\">\n<title id='av-svg-title-6'>Open image in lightbox: Open-atelierroute-2023-1<\/title>\n<desc id='av-svg-desc-6'>Open image in lightbox: Open-atelierroute-2023-1<\/desc>\n<path d=\"M15.232 3.328h10.112v10.112l-3.2-3.968-4.672 4.864-3.2-3.2 4.864-4.672zM7.872 17.536l3.2 3.2-4.864 4.672 3.904 3.2h-10.112v-10.112l3.2 3.904z\"><\/path>\n<\/svg><\/a><\/div><\/div><\/div><\/div><br \/>\n\n<style type=\"text\/css\" data-created_by=\"avia_inline_auto\" id=\"style-css-av-lmjactiu-d5607ea62ddff3435a1858af95c01092\">\n#top .av_textblock_section.av-lmjactiu-d5607ea62ddff3435a1858af95c01092 .avia_textblock{\nfont-size:16px;\ncolor:#000000;\n}\n<\/style>\n<section  class='av_textblock_section av-lmjactiu-d5607ea62ddff3435a1858af95c01092 '   itemscope=\"itemscope\" itemtype=\"https:\/\/schema.org\/CreativeWork\" ><div class='avia_textblock av_inherit_color'  itemprop=\"text\" ><p>Die Offene Atelierroute Almelo wurde traditionell in der letzten Septemberwoche organisiert. Dieses Jahr 2023 war die 31. Ausgabe und fand am 23. und 24. September statt.<\/p>\n<p>F\u00fcr mich war es das erste Mal, dass ich an der Atelierroute teilgenommen habe, und f\u00fcr mich war es ein Riesenerfolg<\/p>\n<p>Dennis und ich hatten die Gelegenheit, unsere Arbeit in der Kleinen Kirche in der Market Street 78 zu beginnen.<\/p>\n<p>Unser Haus befindet sich etwas au\u00dferhalb des Stadtzentrums. Das f\u00fchrt zu einer viel geringeren Besucherzahl.<\/p>\n<p>Nun, da wir im Zentrum standen, konnten wir uns auf mehr als 150 Interessierte freuen, die am zweiten Tag den H\u00f6hepunkt erreichten. Am Sonntag war das Wetter sehr sch\u00f6n und das Publikum war begeistert, die K\u00fcnstler aus Almelo in ihren Ateliers oder provisorischen Unterk\u00fcnften zu besuchen und \u00fcber ihre Arbeitsmethoden und Ideen zu sprechen und Pl\u00e4ne zu schmieden.<\/p>\n<p>Zu meiner gro\u00dfen \u00dcberraschung stattete uns die Kulturstadtr\u00e4tin Margreet Overmeen-Bakhuis mit ihrem Gefolge und ihren Reiseleitern einen unerwarteten Besuch ab. Ich k\u00f6nnte sofort Hunderte von Geschichten \u00fcber mich und meine Arbeit erz\u00e4hlen. Ich war v\u00f6llig verbl\u00fcfft. Die Worte \u00fcberschlugen sich gegenseitig. Das h\u00e4tte ich mir wirklich nicht zu tr\u00e4umen gewagt.<\/p>\n<p>F\u00fcr den Monat Mai 2023 hatte ich eine Reihe von Katzen f\u00fcr eine Pr\u00e4sentation w\u00e4hrend der Pop-up Awareness geschaffen, die ich zusammen mit Dennis Zanoni in der Grotestraat Almelo organisierte. Das oberste St\u00fcck war die Stadtkatze von Almelo. Eine digitale Collage von Sehensw\u00fcrdigkeiten in Almelo und meiner Katze, ausgeschnitten aus einem Archivfoto. Ich habe dieses Werk nun der Stadtverwaltung angeboten, damit es vor\u00fcbergehend im Rathaus aufgeh\u00e4ngt werden kann. Wie lustig ist das denn!?<\/p>\n<p>In der Kleinen Kirche kamen auch viele Interessierte, um die alte kleine Kirche zu besichtigen, die jetzt ein kultureller Treffpunkt ist. Die Menschen beobachteten ihre Augen&#8230;<\/p>\n<p>In naher Zukunft werden in der Kleinen Kirche regelm\u00e4\u00dfig Musikabende und Veranstaltungen organisiert. Behalten Sie das Programm im Auge.<\/p>\n<p>Link:Die kleine Kirche<\/p>\n<p><a href=\"https:\/\/www.facebook.com\/cultuurpodiumthelittlechurch\">https:\/\/www.facebook.com\/cultuurpodiumthelittlechurch<\/a><\/p>\n<p><a href=\"https:\/\/floortjevanloon.nl\/de\/\">https:\/\/floortjevanloon.nl\/<\/a><\/p>\n<\/div><\/section><br \/>\n<br \/>\n\n<style type=\"text\/css\" data-created_by=\"avia_inline_auto\" id=\"style-css-av-m6qg20r9-7a0874cf0b48edf07fca00896b1a9903\">\n#top .hr.hr-invisible.av-m6qg20r9-7a0874cf0b48edf07fca00896b1a9903{\nheight:75px;\n}\n<\/style>\n<div  class='hr av-m6qg20r9-7a0874cf0b48edf07fca00896b1a9903 hr-invisible  avia-builder-el-6  el_after_av_codeblock  el_before_av_image '><span class='hr-inner '><span class=\"hr-inner-style\"><\/span><\/span><\/div><br \/>\n\n<style type=\"text\/css\" data-created_by=\"avia_inline_auto\" id=\"style-css-av-ln1q1ek0-0597b8f0fe65b4c66f955cc58503968e\">\n@keyframes av_boxShadowEffect_av-ln1q1ek0-0597b8f0fe65b4c66f955cc58503968e {\n0%   { box-shadow:  0 0 0 0 #ffffff; opacity: 1; }\n100% { box-shadow:  0 0 10px 0 #ffffff; opacity: 1; }\n}\n.avia-image-container.av-ln1q1ek0-0597b8f0fe65b4c66f955cc58503968e img.avia_image{\nbox-shadow: 0 0 10px 0 #ffffff;\n}\n.avia-image-container.av-ln1q1ek0-0597b8f0fe65b4c66f955cc58503968e .av-caption-image-overlay-bg{\nopacity:0.4;\nbackground-color:#000000;\n}\n.avia-image-container.av-ln1q1ek0-0597b8f0fe65b4c66f955cc58503968e .av-image-caption-overlay-center{\ncolor:#ffffff;\n}\n<\/style>\n<div  class='avia-image-container av-ln1q1ek0-0597b8f0fe65b4c66f955cc58503968e av-styling- avia-align-center  avia-builder-el-7  el_after_av_hr  el_before_av_hr  noHover av-overlay-hover-deactivate av-img-box-shadow av-box-shadow-not-animated'   itemprop=\"image\" itemscope=\"itemscope\" itemtype=\"https:\/\/schema.org\/ImageObject\" ><div class=\"avia-image-container-inner\"><div class=\"avia-image-overlay-wrap\"><div class=\"av-image-caption-overlay\"><div class=\"av-caption-image-overlay-bg\"><\/div><div class=\"av-image-caption-overlay-position\"><div class=\"av-image-caption-overlay-center\"><\/div><\/div><\/div><img decoding=\"async\" fetchpriority=\"high\" class='wp-image-2284 avia-img-lazy-loading-not-2284 avia_image shadow-not-animated' src=\"https:\/\/floortjevanloon.nl\/wp-content\/uploads\/2023\/09\/kerk.png\" alt='' title='Kirche'  height=\"375\" width=\"500\"  itemprop=\"thumbnailUrl\" srcset=\"https:\/\/floortjevanloon.nl\/wp-content\/uploads\/2023\/09\/kerk.png 500w, https:\/\/floortjevanloon.nl\/wp-content\/uploads\/2023\/09\/kerk-300x225.png 300w\" sizes=\"(max-width: 500px) 100vw, 500px\" \/><\/div><\/div><\/div><br \/>\n\n<style type=\"text\/css\" data-created_by=\"avia_inline_auto\" id=\"style-css-av-9o6el8-925d065327607fe797988f1e484eb348\">\n#top .hr.hr-invisible.av-9o6el8-925d065327607fe797988f1e484eb348{\nheight:10px;\n}\n<\/style>\n<div  class='hr av-9o6el8-925d065327607fe797988f1e484eb348 hr-invisible  avia-builder-el-8  el_after_av_image  el_before_av_hr '><span class='hr-inner '><span class=\"hr-inner-style\"><\/span><\/span><\/div><br \/>\n\n<style type=\"text\/css\" data-created_by=\"avia_inline_auto\" id=\"style-css-av-9ev558-7adda69fab7d3da6a76f458c68d858e6\">\n#top .hr.hr-invisible.av-9ev558-7adda69fab7d3da6a76f458c68d858e6{\nheight:10px;\n}\n<\/style>\n<div  class='hr av-9ev558-7adda69fab7d3da6a76f458c68d858e6 hr-invisible  avia-builder-el-9  el_after_av_hr  avia-builder-el-last '><span class='hr-inner '><span class=\"hr-inner-style\"><\/span><\/span><\/div><\/p>\n<\/div><\/div><\/div>\n","protected":false},"excerpt":{"rendered":"","protected":false},"author":1,"featured_media":0,"parent":0,"menu_order":0,"comment_status":"closed","ping_status":"closed","template":"","meta":{"footnotes":""},"class_list":["post-2276","page","type-page","status-publish","hentry"],"_links":{"self":[{"href":"https:\/\/floortjevanloon.nl\/de\/wp-json\/wp\/v2\/pages\/2276","targetHints":{"allow":["GET"]}}],"collection":[{"href":"https:\/\/floortjevanloon.nl\/de\/wp-json\/wp\/v2\/pages"}],"about":[{"href":"https:\/\/floortjevanloon.nl\/de\/wp-json\/wp\/v2\/types\/page"}],"author":[{"embeddable":true,"href":"https:\/\/floortjevanloon.nl\/de\/wp-json\/wp\/v2\/users\/1"}],"replies":[{"embeddable":true,"href":"https:\/\/floortjevanloon.nl\/de\/wp-json\/wp\/v2\/comments?post=2276"}],"version-history":[{"count":0,"href":"https:\/\/floortjevanloon.nl\/de\/wp-json\/wp\/v2\/pages\/2276\/revisions"}],"wp:attachment":[{"href":"https:\/\/floortjevanloon.nl\/de\/wp-json\/wp\/v2\/media?parent=2276"}],"curies":[{"name":"wp","href":"https:\/\/api.w.org\/{rel}","templated":true}]}}