{"id":2250,"date":"2023-11-14T11:13:31","date_gmt":"2023-11-14T11:13:31","guid":{"rendered":"https:\/\/floortjevanloon.nl\/zuiderhagen\/"},"modified":"2026-04-19T11:28:11","modified_gmt":"2026-04-19T11:28:11","slug":"zuiderhagen","status":"publish","type":"page","link":"https:\/\/floortjevanloon.nl\/de\/zuiderhagen\/","title":{"rendered":"Zuiderhagen"},"content":{"rendered":"<div id='recent'  class='av-layout-grid-container av-ahgaek-3ec57f06fc0db8e986033c7f4be3c801 entry-content-wrapper main_color av-flex-cells  avia-builder-el-0  avia-builder-el-no-sibling  av-cell-min-height av-cell-min-height-100  container_wrap sidebar_left'   data-av_minimum_height_pc='100'>\n\n<style type=\"text\/css\" data-created_by=\"avia_inline_auto\" id=\"style-css-av-ac9es4-7336c980fc177dd6850a867b58ee7008\">\n.flex_cell.av-ac9es4-7336c980fc177dd6850a867b58ee7008{\nvertical-align:middle;\n}\n.responsive #top #wrap_all .flex_cell.av-ac9es4-7336c980fc177dd6850a867b58ee7008{\npadding:100px 30px 30px 30px !important;\n}\n<\/style>\n<div class='flex_cell av-ac9es4-7336c980fc177dd6850a867b58ee7008 av-gridrow-cell av_one_half no_margin  avia-builder-el-1  el_before_av_cell_one_half  avia-builder-el-first  content-align-middle avia-full-contain'  ><div class='flex_cell_inner'><p>\n<style type=\"text\/css\" data-created_by=\"avia_inline_auto\" id=\"style-css-av-a598uk-fd6d44048d1b5ab41b46466b18910f49\">\n#top .av-special-heading.av-a598uk-fd6d44048d1b5ab41b46466b18910f49{\npadding-bottom:0;\ncolor:#020202;\nfont-size:60px;\n}\nbody .av-special-heading.av-a598uk-fd6d44048d1b5ab41b46466b18910f49 .av-special-heading-tag .heading-char{\nfont-size:25px;\n}\n#top #wrap_all .av-special-heading.av-a598uk-fd6d44048d1b5ab41b46466b18910f49 .av-special-heading-tag{\nfont-size:60px;\n}\n.av-special-heading.av-a598uk-fd6d44048d1b5ab41b46466b18910f49 .special-heading-inner-border{\nborder-color:#020202;\n}\n.av-special-heading.av-a598uk-fd6d44048d1b5ab41b46466b18910f49 .av-subheading{\nfont-size:15px;\n}\n\n@media only screen and (min-width: 480px) and (max-width: 767px){ \n#top #wrap_all .av-special-heading.av-a598uk-fd6d44048d1b5ab41b46466b18910f49 .av-special-heading-tag{\nfont-size:0.8em;\n}\n}\n\n@media only screen and (max-width: 479px){ \n#top #wrap_all .av-special-heading.av-a598uk-fd6d44048d1b5ab41b46466b18910f49 .av-special-heading-tag{\nfont-size:0.8em;\n}\n}\n<\/style>\n<div  class='av-special-heading av-a598uk-fd6d44048d1b5ab41b46466b18910f49 av-special-heading-h1 custom-color-heading blockquote modern-quote modern-centered  avia-builder-el-2  el_before_av_hr  avia-builder-el-first  av-inherit-size'><h1 class='av-special-heading-tag '  itemprop=\"headline\"  >Freilichtgalerie Zuiderhagen  <\/h1><div class=\"special-heading-border\"><div class=\"special-heading-inner-border\"><\/div><\/div><\/div><br \/>\n\n<style type=\"text\/css\" data-created_by=\"avia_inline_auto\" id=\"style-css-av-a33w4k-d152f91e4444795fa792e6bbe106ce37\">\n#top .hr.av-a33w4k-d152f91e4444795fa792e6bbe106ce37{\nmargin-top:30px;\nmargin-bottom:30px;\n}\n.hr.av-a33w4k-d152f91e4444795fa792e6bbe106ce37 .hr-inner{\nwidth:50px;\nborder-color:#ffffff;\n}\n<\/style>\n<div  class='hr av-a33w4k-d152f91e4444795fa792e6bbe106ce37 hr-custom  avia-builder-el-3  el_after_av_heading  el_before_av_textblock  hr-center hr-icon-no'><span class='hr-inner inner-border-av-border-fat'><span class=\"hr-inner-style\"><\/span><\/span><\/div><br \/>\n\n<style type=\"text\/css\" data-created_by=\"avia_inline_auto\" id=\"style-css-av-9s8o0s-69c8edc22282843abdcfa5d69e9bbbc0\">\n#top .av_textblock_section.av-9s8o0s-69c8edc22282843abdcfa5d69e9bbbc0 .avia_textblock{\nfont-size:16px;\ncolor:#000000;\n}\n<\/style>\n<section  class='av_textblock_section av-9s8o0s-69c8edc22282843abdcfa5d69e9bbbc0 '   itemscope=\"itemscope\" itemtype=\"https:\/\/schema.org\/CreativeWork\" ><div class='avia_textblock av_inherit_color'  itemprop=\"text\" ><p style=\"margin: 5pt 0cm 0.0001pt 36pt; text-align: center;\">\n<p>Freilichtgalerie Zuiderhagen<\/p>\n<p>Meine Kunst im \u00f6ffentlichen Raum.<\/p>\n<p>Am 10. November fuhren wir, Dennis und ich, zum Bahnhof von Almelo, um den Zug nach Enschede zu nehmen.<br \/>\nWir waren auf dem Weg, meine gro\u00dfen Werke, die im Zuiderhagen in Enschede h\u00e4ngen, zu enth\u00fcllen und einen Toast auszubringen. Pl\u00f6tzlich ruft Dennis: Floortje, der Aufzug zum Bahnsteig ist kaputt.<br \/>\nIch dachte: Da habe ich es, ich bin auf dem Rollator. Dennis hatte sofort die Eingebung: Schnell, wir fahren zum Bahnhof Almelo de Riet und steigen dort in den Zug ein.  Es begann zu regnen.<br \/>\nZum Gl\u00fcck war der Bahnhof in der N\u00e4he. In einem wunderbar beheizten BlueNet-Zug kamen wir in Enschede an und fanden Rein Kroes, der bereits auf uns wartete. Er ist der Organisator der Veranstaltung &#8220;Open-Air-Galerie&#8220;, die seit 2016 das KPN-Geb\u00e4ude mit gro\u00dfen, vergr\u00f6\u00dferten Werken von K\u00fcnstlern, die das Medium Fotografie nutzen, erhellt. Er wartete allein gegen\u00fcber der Buchhandlung Broekhuis. Inzwischen hatten wir bereits das gr\u00f6\u00dfte Portr\u00e4t, das &#8220;M\u00e4dchen hinter dem Fenster&#8220;, gesehen.<\/p>\n<p>Wir sind zu dritt in den Zuiderhagen gegangen und haben das sch\u00f6ne und gute Ergebnis bestaunt und bewundert. Das habe ich von Anfang an angestrebt, als ich anfing, digitale Collagen zu machen und im Gro\u00dfformat zu arbeiten. Wir diskutierten, wie gut die Sch\u00e4rfe ist, machten ein paar schnelle Schnappsch\u00fcsse und h\u00f6rten einige Kommentare von Passanten und Radfahrern.<\/p>\n<p>Nach dieser Beurteilung und dem Vergn\u00fcgen gingen wir zum Caf\u00e9 The Bulwark und stie\u00dfen auf meine Arbeit und die gute und schnelle Zusammenarbeit an. Es war ein Riesenspa\u00df.<\/p>\n<p>Ich will sagen: Alle nach Enschede, um die Sch\u00f6nheit und die gro\u00dfe Kunst von mir im \u00f6ffentlichen Raum zu sehen.<\/p>\n<p>Der Veranstaltungsort ist vom Bahnhof aus bequem zu Fu\u00df zu erreichen. Meine Arbeit h\u00e4ngt dort bis Ende Mai 2024. Und wenn Sie dort sind, haben Sie viel Spa\u00df beim Anschauen.<\/p>\n<\/div><\/section><br \/>\n\n<style type=\"text\/css\" data-created_by=\"avia_inline_auto\" id=\"style-css-av-9o6el8-17915858e733939e6f90a4b15557b518\">\n#top .hr.hr-invisible.av-9o6el8-17915858e733939e6f90a4b15557b518{\nheight:10px;\n}\n<\/style>\n<div  class='hr av-9o6el8-17915858e733939e6f90a4b15557b518 hr-invisible  avia-builder-el-5  el_after_av_textblock  el_before_av_masonry_gallery  avia-builder-el-last '><span class='hr-inner '><span class=\"hr-inner-style\"><\/span><\/span><\/div><br \/>\n<div id='av-masonry-1' class='av-masonry av-9io60k-3b40a5281e9a5b912792d368b0909731 noHover av-fixed-size av-large-gap av-hover-overlay- av-masonry-animation-active av-masonry-col-3 av-caption-always av-caption-style-overlay av-masonry-gallery av-orientation-square ' data-post_id=\"2250\"><div class=\"av-masonry-container isotope av-js-disabled\"><div class='av-masonry-entry isotope-item av-masonry-item-no-image '><\/div><a href=\"https:\/\/floortjevanloon.nl\/wp-content\/uploads\/2023\/11\/09766_n.png\" data-srcset=\"https:\/\/floortjevanloon.nl\/wp-content\/uploads\/2023\/11\/09766_n.png 889w, https:\/\/floortjevanloon.nl\/wp-content\/uploads\/2023\/11\/09766_n-300x169.png 300w, https:\/\/floortjevanloon.nl\/wp-content\/uploads\/2023\/11\/09766_n-768x432.png 768w, https:\/\/floortjevanloon.nl\/wp-content\/uploads\/2023\/11\/09766_n-705x397.png 705w\" data-sizes=\"(max-width: 889px) 100vw, 889px\"  aria-label=\"Bild Bild ohne Titel\"  id='av-masonry-1-item-2255' data-av-masonry-item='2255' class='av-masonry-entry isotope-item post-2255 attachment type-attachment status-inherit hentry  av-masonry-item-with-image' title=\"\" alt=\"\"    itemprop=\"thumbnailUrl\" ><div class='av-inner-masonry-sizer'><\/div><figure class='av-inner-masonry main_color'><div class=\"av-masonry-outerimage-container\"><div class='av-masonry-image-container' style=\"background-image: url(https:\/\/floortjevanloon.nl\/wp-content\/uploads\/2023\/11\/09766_n-705x397.png);\" ><\/div><\/div><figcaption class='av-inner-masonry-content site-background'><div class='av-inner-masonry-content-pos'><div class='av-inner-masonry-content-pos-content'><div class='avia-arrow'><\/div><h3 class='av-masonry-entry-title entry-title '  itemprop=\"headline\" ><\/h3><\/div><\/div><\/figcaption><\/figure><\/a><!--end av-masonry entry--><a href=\"https:\/\/floortjevanloon.nl\/wp-content\/uploads\/2023\/11\/FB_IMG_1699695962340.png\" data-srcset=\"https:\/\/floortjevanloon.nl\/wp-content\/uploads\/2023\/11\/FB_IMG_1699695962340.png 757w, https:\/\/floortjevanloon.nl\/wp-content\/uploads\/2023\/11\/FB_IMG_1699695962340-300x198.png 300w, https:\/\/floortjevanloon.nl\/wp-content\/uploads\/2023\/11\/FB_IMG_1699695962340-705x466.png 705w\" data-sizes=\"(max-width: 757px) 100vw, 757px\"  aria-label=\"Bild Bild ohne Titel\"  id='av-masonry-1-item-2258' data-av-masonry-item='2258' class='av-masonry-entry isotope-item post-2258 attachment type-attachment status-inherit hentry  av-masonry-item-with-image' title=\"\" alt=\"\"    itemprop=\"thumbnailUrl\" ><div class='av-inner-masonry-sizer'><\/div><figure class='av-inner-masonry main_color'><div class=\"av-masonry-outerimage-container\"><div class='av-masonry-image-container' style=\"background-image: url(https:\/\/floortjevanloon.nl\/wp-content\/uploads\/2023\/11\/FB_IMG_1699695962340-705x466.png);\" ><\/div><\/div><figcaption class='av-inner-masonry-content site-background'><div class='av-inner-masonry-content-pos'><div class='av-inner-masonry-content-pos-content'><div class='avia-arrow'><\/div><h3 class='av-masonry-entry-title entry-title '  itemprop=\"headline\" ><\/h3><\/div><\/div><\/figcaption><\/figure><\/a><!--end av-masonry entry--><a href=\"https:\/\/floortjevanloon.nl\/wp-content\/uploads\/2023\/11\/IMG_20231110_160639.png\" data-srcset=\"https:\/\/floortjevanloon.nl\/wp-content\/uploads\/2023\/11\/IMG_20231110_160639.png 1000w, https:\/\/floortjevanloon.nl\/wp-content\/uploads\/2023\/11\/IMG_20231110_160639-300x150.png 300w, https:\/\/floortjevanloon.nl\/wp-content\/uploads\/2023\/11\/IMG_20231110_160639-768x384.png 768w, https:\/\/floortjevanloon.nl\/wp-content\/uploads\/2023\/11\/IMG_20231110_160639-705x353.png 705w\" data-sizes=\"(max-width: 1000px) 100vw, 1000px\"  aria-label=\"Bild Bild ohne Titel\"  id='av-masonry-1-item-2260' data-av-masonry-item='2260' class='av-masonry-entry isotope-item post-2260 attachment type-attachment status-inherit hentry  av-masonry-item-with-image' title=\"\" alt=\"\"    itemprop=\"thumbnailUrl\" ><div class='av-inner-masonry-sizer'><\/div><figure class='av-inner-masonry main_color'><div class=\"av-masonry-outerimage-container\"><div class='av-masonry-image-container' style=\"background-image: url(https:\/\/floortjevanloon.nl\/wp-content\/uploads\/2023\/11\/IMG_20231110_160639-705x353.png);\" ><\/div><\/div><figcaption class='av-inner-masonry-content site-background'><div class='av-inner-masonry-content-pos'><div class='av-inner-masonry-content-pos-content'><div class='avia-arrow'><\/div><h3 class='av-masonry-entry-title entry-title '  itemprop=\"headline\" ><\/h3><\/div><\/div><\/figcaption><\/figure><\/a><!--end av-masonry entry--><a href=\"https:\/\/floortjevanloon.nl\/wp-content\/uploads\/2023\/11\/IMG_20231110_160940.png\" data-srcset=\"https:\/\/floortjevanloon.nl\/wp-content\/uploads\/2023\/11\/IMG_20231110_160940.png 1000w, https:\/\/floortjevanloon.nl\/wp-content\/uploads\/2023\/11\/IMG_20231110_160940-300x150.png 300w, https:\/\/floortjevanloon.nl\/wp-content\/uploads\/2023\/11\/IMG_20231110_160940-768x384.png 768w, https:\/\/floortjevanloon.nl\/wp-content\/uploads\/2023\/11\/IMG_20231110_160940-705x353.png 705w\" data-sizes=\"(max-width: 1000px) 100vw, 1000px\"  aria-label=\"Bild Bild ohne Titel\"  id='av-masonry-1-item-2262' data-av-masonry-item='2262' class='av-masonry-entry isotope-item post-2262 attachment type-attachment status-inherit hentry  av-masonry-item-with-image' title=\"\" alt=\"\"    itemprop=\"thumbnailUrl\" ><div class='av-inner-masonry-sizer'><\/div><figure class='av-inner-masonry main_color'><div class=\"av-masonry-outerimage-container\"><div class='av-masonry-image-container' style=\"background-image: url(https:\/\/floortjevanloon.nl\/wp-content\/uploads\/2023\/11\/IMG_20231110_160940-705x353.png);\" ><\/div><\/div><figcaption class='av-inner-masonry-content site-background'><div class='av-inner-masonry-content-pos'><div class='av-inner-masonry-content-pos-content'><div class='avia-arrow'><\/div><h3 class='av-masonry-entry-title entry-title '  itemprop=\"headline\" ><\/h3><\/div><\/div><\/figcaption><\/figure><\/a><!--end av-masonry entry--><a href=\"https:\/\/floortjevanloon.nl\/wp-content\/uploads\/2023\/11\/IMG20231110160616.png\" data-srcset=\"https:\/\/floortjevanloon.nl\/wp-content\/uploads\/2023\/11\/IMG20231110160616.png 500w, https:\/\/floortjevanloon.nl\/wp-content\/uploads\/2023\/11\/IMG20231110160616-225x300.png 225w\" data-sizes=\"(max-width: 500px) 100vw, 500px\"  aria-label=\"Bild Bild ohne Titel\"  id='av-masonry-1-item-2265' data-av-masonry-item='2265' class='av-masonry-entry isotope-item post-2265 attachment type-attachment status-inherit hentry  av-masonry-item-with-image' title=\"\" alt=\"\"    itemprop=\"thumbnailUrl\" ><div class='av-inner-masonry-sizer'><\/div><figure class='av-inner-masonry main_color'><div class=\"av-masonry-outerimage-container\"><div class='av-masonry-image-container' style=\"background-image: url(https:\/\/floortjevanloon.nl\/wp-content\/uploads\/2023\/11\/IMG20231110160616.png);\" ><\/div><\/div><figcaption class='av-inner-masonry-content site-background'><div class='av-inner-masonry-content-pos'><div class='av-inner-masonry-content-pos-content'><div class='avia-arrow'><\/div><h3 class='av-masonry-entry-title entry-title '  itemprop=\"headline\" ><\/h3><\/div><\/div><\/figcaption><\/figure><\/a><!--end av-masonry entry--><a href=\"https:\/\/floortjevanloon.nl\/wp-content\/uploads\/2023\/11\/IMG20231110160715.png\" data-srcset=\"https:\/\/floortjevanloon.nl\/wp-content\/uploads\/2023\/11\/IMG20231110160715.png 667w, https:\/\/floortjevanloon.nl\/wp-content\/uploads\/2023\/11\/IMG20231110160715-300x225.png 300w\" data-sizes=\"(max-width: 667px) 100vw, 667px\"  aria-label=\"Bild Bild ohne Titel\"  id='av-masonry-1-item-2267' data-av-masonry-item='2267' class='av-masonry-entry isotope-item post-2267 attachment type-attachment status-inherit hentry  av-masonry-item-with-image' title=\"\" alt=\"\"    itemprop=\"thumbnailUrl\" ><div class='av-inner-masonry-sizer'><\/div><figure class='av-inner-masonry main_color'><div class=\"av-masonry-outerimage-container\"><div class='av-masonry-image-container' style=\"background-image: url(https:\/\/floortjevanloon.nl\/wp-content\/uploads\/2023\/11\/IMG20231110160715.png);\" ><\/div><\/div><figcaption class='av-inner-masonry-content site-background'><div class='av-inner-masonry-content-pos'><div class='av-inner-masonry-content-pos-content'><div class='avia-arrow'><\/div><h3 class='av-masonry-entry-title entry-title '  itemprop=\"headline\" ><\/h3><\/div><\/div><\/figcaption><\/figure><\/a><!--end av-masonry entry--><a href=\"https:\/\/floortjevanloon.nl\/wp-content\/uploads\/2023\/11\/IMG20231110160719.png\" data-srcset=\"https:\/\/floortjevanloon.nl\/wp-content\/uploads\/2023\/11\/IMG20231110160719.png 667w, https:\/\/floortjevanloon.nl\/wp-content\/uploads\/2023\/11\/IMG20231110160719-300x225.png 300w\" data-sizes=\"(max-width: 667px) 100vw, 667px\"  aria-label=\"Bild Bild ohne Titel\"  id='av-masonry-1-item-2268' data-av-masonry-item='2268' class='av-masonry-entry isotope-item post-2268 attachment type-attachment status-inherit hentry  av-masonry-item-with-image' title=\"\" alt=\"\"    itemprop=\"thumbnailUrl\" ><div class='av-inner-masonry-sizer'><\/div><figure class='av-inner-masonry main_color'><div class=\"av-masonry-outerimage-container\"><div class='av-masonry-image-container' style=\"background-image: url(https:\/\/floortjevanloon.nl\/wp-content\/uploads\/2023\/11\/IMG20231110160719.png);\" ><\/div><\/div><figcaption class='av-inner-masonry-content site-background'><div class='av-inner-masonry-content-pos'><div class='av-inner-masonry-content-pos-content'><div class='avia-arrow'><\/div><h3 class='av-masonry-entry-title entry-title '  itemprop=\"headline\" ><\/h3><\/div><\/div><\/figcaption><\/figure><\/a><!--end av-masonry entry--><a href=\"https:\/\/floortjevanloon.nl\/wp-content\/uploads\/2023\/11\/IMG20231110160754.png\" data-srcset=\"https:\/\/floortjevanloon.nl\/wp-content\/uploads\/2023\/11\/IMG20231110160754.png 667w, https:\/\/floortjevanloon.nl\/wp-content\/uploads\/2023\/11\/IMG20231110160754-300x225.png 300w\" data-sizes=\"(max-width: 667px) 100vw, 667px\"  aria-label=\"Bild Bild ohne Titel\"  id='av-masonry-1-item-2269' data-av-masonry-item='2269' class='av-masonry-entry isotope-item post-2269 attachment type-attachment status-inherit hentry  av-masonry-item-with-image' title=\"\" alt=\"\"    itemprop=\"thumbnailUrl\" ><div class='av-inner-masonry-sizer'><\/div><figure class='av-inner-masonry main_color'><div class=\"av-masonry-outerimage-container\"><div class='av-masonry-image-container' style=\"background-image: url(https:\/\/floortjevanloon.nl\/wp-content\/uploads\/2023\/11\/IMG20231110160754.png);\" ><\/div><\/div><figcaption class='av-inner-masonry-content site-background'><div class='av-inner-masonry-content-pos'><div class='av-inner-masonry-content-pos-content'><div class='avia-arrow'><\/div><h3 class='av-masonry-entry-title entry-title '  itemprop=\"headline\" ><\/h3><\/div><\/div><\/figcaption><\/figure><\/a><!--end av-masonry entry--><a href=\"https:\/\/floortjevanloon.nl\/wp-content\/uploads\/2023\/11\/IMG20231110160924.png\" data-srcset=\"https:\/\/floortjevanloon.nl\/wp-content\/uploads\/2023\/11\/IMG20231110160924.png 520w, https:\/\/floortjevanloon.nl\/wp-content\/uploads\/2023\/11\/IMG20231110160924-300x288.png 300w, https:\/\/floortjevanloon.nl\/wp-content\/uploads\/2023\/11\/IMG20231110160924-36x36.png 36w\" data-sizes=\"(max-width: 520px) 100vw, 520px\"  aria-label=\"Bild Bild ohne Titel\"  id='av-masonry-1-item-2271' data-av-masonry-item='2271' class='av-masonry-entry isotope-item post-2271 attachment type-attachment status-inherit hentry  av-masonry-item-with-image' title=\"\" alt=\"\"    itemprop=\"thumbnailUrl\" ><div class='av-inner-masonry-sizer'><\/div><figure class='av-inner-masonry main_color'><div class=\"av-masonry-outerimage-container\"><div class='av-masonry-image-container' style=\"background-image: url(https:\/\/floortjevanloon.nl\/wp-content\/uploads\/2023\/11\/IMG20231110160924.png);\" ><\/div><\/div><figcaption class='av-inner-masonry-content site-background'><div class='av-inner-masonry-content-pos'><div class='av-inner-masonry-content-pos-content'><div class='avia-arrow'><\/div><h3 class='av-masonry-entry-title entry-title '  itemprop=\"headline\" ><\/h3><\/div><\/div><\/figcaption><\/figure><\/a><!--end av-masonry entry--><a href=\"https:\/\/floortjevanloon.nl\/wp-content\/uploads\/2023\/11\/IMG20231110161144.png\" data-srcset=\"https:\/\/floortjevanloon.nl\/wp-content\/uploads\/2023\/11\/IMG20231110161144.png 667w, https:\/\/floortjevanloon.nl\/wp-content\/uploads\/2023\/11\/IMG20231110161144-300x225.png 300w\" data-sizes=\"(max-width: 667px) 100vw, 667px\"  aria-label=\"Bild Bild ohne Titel\"  id='av-masonry-1-item-2272' data-av-masonry-item='2272' class='av-masonry-entry isotope-item post-2272 attachment type-attachment status-inherit hentry  av-masonry-item-with-image' title=\"\" alt=\"\"    itemprop=\"thumbnailUrl\" ><div class='av-inner-masonry-sizer'><\/div><figure class='av-inner-masonry main_color'><div class=\"av-masonry-outerimage-container\"><div class='av-masonry-image-container' style=\"background-image: url(https:\/\/floortjevanloon.nl\/wp-content\/uploads\/2023\/11\/IMG20231110161144.png);\" ><\/div><\/div><figcaption class='av-inner-masonry-content site-background'><div class='av-inner-masonry-content-pos'><div class='av-inner-masonry-content-pos-content'><div class='avia-arrow'><\/div><h3 class='av-masonry-entry-title entry-title '  itemprop=\"headline\" ><\/h3><\/div><\/div><\/figcaption><\/figure><\/a><!--end av-masonry entry--><a href=\"https:\/\/floortjevanloon.nl\/wp-content\/uploads\/2023\/11\/IMG20231110162658.png\" data-srcset=\"https:\/\/floortjevanloon.nl\/wp-content\/uploads\/2023\/11\/IMG20231110162658.png 500w, https:\/\/floortjevanloon.nl\/wp-content\/uploads\/2023\/11\/IMG20231110162658-225x300.png 225w\" data-sizes=\"(max-width: 500px) 100vw, 500px\"  aria-label=\"Bild Bild ohne Titel\"  id='av-masonry-1-item-2273' data-av-masonry-item='2273' class='av-masonry-entry isotope-item post-2273 attachment type-attachment status-inherit hentry  av-masonry-item-with-image' title=\"\" alt=\"\"    itemprop=\"thumbnailUrl\" ><div class='av-inner-masonry-sizer'><\/div><figure class='av-inner-masonry main_color'><div class=\"av-masonry-outerimage-container\"><div class='av-masonry-image-container' style=\"background-image: url(https:\/\/floortjevanloon.nl\/wp-content\/uploads\/2023\/11\/IMG20231110162658.png);\" ><\/div><\/div><figcaption class='av-inner-masonry-content site-background'><div class='av-inner-masonry-content-pos'><div class='av-inner-masonry-content-pos-content'><div class='avia-arrow'><\/div><h3 class='av-masonry-entry-title entry-title '  itemprop=\"headline\" ><\/h3><\/div><\/div><\/figcaption><\/figure><\/a><!--end av-masonry entry--><a href=\"https:\/\/floortjevanloon.nl\/wp-content\/uploads\/2023\/11\/Art-brut-Dennis.png\" data-srcset=\"https:\/\/floortjevanloon.nl\/wp-content\/uploads\/2023\/11\/Art-brut-Dennis.png 667w, https:\/\/floortjevanloon.nl\/wp-content\/uploads\/2023\/11\/Art-brut-Dennis-300x225.png 300w\" data-sizes=\"(max-width: 667px) 100vw, 667px\"  aria-label=\"Bild Bild ohne Titel\"  id='av-masonry-1-item-2194' data-av-masonry-item='2194' class='av-masonry-entry isotope-item post-2194 attachment type-attachment status-inherit hentry  av-masonry-item-with-image' title=\"\" alt=\"\"    itemprop=\"thumbnailUrl\" ><div class='av-inner-masonry-sizer'><\/div><figure class='av-inner-masonry main_color'><div class=\"av-masonry-outerimage-container\"><div class='av-masonry-image-container' style=\"background-image: url(https:\/\/floortjevanloon.nl\/wp-content\/uploads\/2023\/11\/Art-brut-Dennis.png);\" ><\/div><\/div><figcaption class='av-inner-masonry-content site-background'><div class='av-inner-masonry-content-pos'><div class='av-inner-masonry-content-pos-content'><div class='avia-arrow'><\/div><h3 class='av-masonry-entry-title entry-title '  itemprop=\"headline\" ><\/h3><\/div><\/div><\/figcaption><\/figure><\/a><!--end av-masonry entry--><\/div><\/div><br \/>\n\n<style type=\"text\/css\" data-created_by=\"avia_inline_auto\" id=\"style-css-av-9ev558-7adda69fab7d3da6a76f458c68d858e6\">\n#top .hr.hr-invisible.av-9ev558-7adda69fab7d3da6a76f458c68d858e6{\nheight:10px;\n}\n<\/style>\n<div  class='hr av-9ev558-7adda69fab7d3da6a76f458c68d858e6 hr-invisible  avia-builder-el-7  el_after_av_masonry_gallery  avia-builder-el-no-sibling '><span class='hr-inner '><span class=\"hr-inner-style\"><\/span><\/span><\/div><\/p>\n<\/div><\/div>\n<style type=\"text\/css\" data-created_by=\"avia_inline_auto\" id=\"style-css-av-95dk2s-50843f1ae191926ed4447825fa6965ad\">\n.flex_cell.av-95dk2s-50843f1ae191926ed4447825fa6965ad{\nvertical-align:middle;\nbackground:url(https:\/\/floortjevanloon.nl\/wp-content\/uploads\/2023\/11\/IMG20231110160715.png) 100% 50% no-repeat fixed ;\n}\n.responsive #top #wrap_all .flex_cell.av-95dk2s-50843f1ae191926ed4447825fa6965ad{\npadding:100px 100px 100px 100px !important;\n}\n<\/style>\n<div class='flex_cell av-95dk2s-50843f1ae191926ed4447825fa6965ad av-gridrow-cell av_one_half no_margin av-hide-on-mobile  avia-builder-el-8  el_after_av_cell_one_half  avia-builder-el-last  content-align-middle avia-full-contain'  ><div class='flex_cell_inner'><\/div><\/div><\/div>\n","protected":false},"excerpt":{"rendered":"","protected":false},"author":1,"featured_media":0,"parent":0,"menu_order":0,"comment_status":"closed","ping_status":"closed","template":"","meta":{"footnotes":""},"class_list":["post-2250","page","type-page","status-publish","hentry"],"_links":{"self":[{"href":"https:\/\/floortjevanloon.nl\/de\/wp-json\/wp\/v2\/pages\/2250","targetHints":{"allow":["GET"]}}],"collection":[{"href":"https:\/\/floortjevanloon.nl\/de\/wp-json\/wp\/v2\/pages"}],"about":[{"href":"https:\/\/floortjevanloon.nl\/de\/wp-json\/wp\/v2\/types\/page"}],"author":[{"embeddable":true,"href":"https:\/\/floortjevanloon.nl\/de\/wp-json\/wp\/v2\/users\/1"}],"replies":[{"embeddable":true,"href":"https:\/\/floortjevanloon.nl\/de\/wp-json\/wp\/v2\/comments?post=2250"}],"version-history":[{"count":15,"href":"https:\/\/floortjevanloon.nl\/de\/wp-json\/wp\/v2\/pages\/2250\/revisions"}],"predecessor-version":[{"id":20748,"href":"https:\/\/floortjevanloon.nl\/de\/wp-json\/wp\/v2\/pages\/2250\/revisions\/20748"}],"wp:attachment":[{"href":"https:\/\/floortjevanloon.nl\/de\/wp-json\/wp\/v2\/media?parent=2250"}],"curies":[{"name":"wp","href":"https:\/\/api.w.org\/{rel}","templated":true}]}}