{"id":2217,"date":"2023-09-16T09:26:38","date_gmt":"2023-09-16T09:26:38","guid":{"rendered":"https:\/\/floortjevanloon.nl\/jahreszeiten\/"},"modified":"2025-08-27T12:53:24","modified_gmt":"2025-08-27T12:53:24","slug":"jahreszeiten","status":"publish","type":"page","link":"https:\/\/floortjevanloon.nl\/de\/jahreszeiten\/","title":{"rendered":"Jahreszeiten"},"content":{"rendered":"<div id='recent'  class='av-layout-grid-container av-ahgaek-3ec57f06fc0db8e986033c7f4be3c801 entry-content-wrapper main_color av-flex-cells  avia-builder-el-0  avia-builder-el-no-sibling  av-cell-min-height av-cell-min-height-100  container_wrap sidebar_left'   data-av_minimum_height_pc='100'>\n\n<style type=\"text\/css\" data-created_by=\"avia_inline_auto\" id=\"style-css-av-ac9es4-0d329763c7349c53a7fbe8de828fa29e\">\n.flex_cell.av-ac9es4-0d329763c7349c53a7fbe8de828fa29e{\nvertical-align:middle;\nbackground-color:#fcb8e5;\n}\n.responsive #top #wrap_all .flex_cell.av-ac9es4-0d329763c7349c53a7fbe8de828fa29e{\npadding:100px 30px 30px 30px !important;\n}\n<\/style>\n<div class='flex_cell av-ac9es4-0d329763c7349c53a7fbe8de828fa29e av-gridrow-cell av_one_half no_margin  avia-builder-el-1  el_before_av_cell_one_half  avia-builder-el-first  content-align-middle avia-full-contain'  ><div class='flex_cell_inner'><p>\n<style type=\"text\/css\" data-created_by=\"avia_inline_auto\" id=\"style-css-av-a598uk-5be62232224514b995693ec732577df5\">\n#top .av-special-heading.av-a598uk-5be62232224514b995693ec732577df5{\npadding-bottom:0;\ncolor:#020202;\nfont-size:60px;\n}\nbody .av-special-heading.av-a598uk-5be62232224514b995693ec732577df5 .av-special-heading-tag .heading-char{\nfont-size:25px;\n}\n#top #wrap_all .av-special-heading.av-a598uk-5be62232224514b995693ec732577df5 .av-special-heading-tag{\nfont-size:60px;\n}\n.av-special-heading.av-a598uk-5be62232224514b995693ec732577df5 .special-heading-inner-border{\nborder-color:#020202;\n}\n.av-special-heading.av-a598uk-5be62232224514b995693ec732577df5 .av-subheading{\nfont-size:15px;\n}\n\n@media only screen and (min-width: 480px) and (max-width: 767px){ \n#top #wrap_all .av-special-heading.av-a598uk-5be62232224514b995693ec732577df5 .av-special-heading-tag{\nfont-size:0.8em;\n}\n}\n\n@media only screen and (max-width: 479px){ \n#top #wrap_all .av-special-heading.av-a598uk-5be62232224514b995693ec732577df5 .av-special-heading-tag{\nfont-size:0.8em;\n}\n}\n<\/style>\n<div  class='av-special-heading av-a598uk-5be62232224514b995693ec732577df5 av-special-heading-h1 custom-color-heading blockquote modern-quote modern-centered  avia-builder-el-2  el_before_av_hr  avia-builder-el-first  av-inherit-size'><h1 class='av-special-heading-tag '  itemprop=\"headline\"  >Jahreszeiten<\/h1><div class=\"special-heading-border\"><div class=\"special-heading-inner-border\"><\/div><\/div><\/div><br \/>\n\n<style type=\"text\/css\" data-created_by=\"avia_inline_auto\" id=\"style-css-av-a33w4k-d152f91e4444795fa792e6bbe106ce37\">\n#top .hr.av-a33w4k-d152f91e4444795fa792e6bbe106ce37{\nmargin-top:30px;\nmargin-bottom:30px;\n}\n.hr.av-a33w4k-d152f91e4444795fa792e6bbe106ce37 .hr-inner{\nwidth:50px;\nborder-color:#ffffff;\n}\n<\/style>\n<div  class='hr av-a33w4k-d152f91e4444795fa792e6bbe106ce37 hr-custom  avia-builder-el-3  el_after_av_heading  el_before_av_textblock  hr-center hr-icon-no'><span class='hr-inner inner-border-av-border-fat'><span class=\"hr-inner-style\"><\/span><\/span><\/div><br \/>\n\n<style type=\"text\/css\" data-created_by=\"avia_inline_auto\" id=\"style-css-av-9s8o0s-fa37c1570a6ced0226992523dc10338c\">\n#top .av_textblock_section.av-9s8o0s-fa37c1570a6ced0226992523dc10338c .avia_textblock{\nfont-size:16px;\ncolor:#000000;\ntext-align:left;\n}\n<\/style>\n<section  class='av_textblock_section av-9s8o0s-fa37c1570a6ced0226992523dc10338c '   itemscope=\"itemscope\" itemtype=\"https:\/\/schema.org\/CreativeWork\" ><div class='avia_textblock av_inherit_color'  itemprop=\"text\" ><p style=\"text-align: center;\">  Die Erstellung von jahreszeitlichen Collagen in Photoshop bietet viele M\u00f6glichkeiten, Ihre Kreativit\u00e4t auszudr\u00fccken und die Stimmung der jeweiligen Jahreszeit einzufangen. Von Fr\u00fchlingsblumen \u00fcber sommerliche Strandszenen bis hin zu Herbstbl\u00e4ttern und Winterlandschaften &#8211; jede Jahreszeit hat ihre eigenen unverwechselbaren Elemente, die Sie in Ihr Design einbauen k\u00f6nnen.<\/p>\n<p style=\"text-align: center;\">Wenn Sie sich auf die n\u00e4chste Saison vorbereiten, k\u00f6nnen Sie sich auf das Kommende freuen und Ver\u00e4nderungen in der Natur und im Wetter vorhersehen. Haben Sie bereits einen bestimmten Stil f\u00fcr Ihre Collagen im Sinn, z. B. minimalistisch, realistisch oder vielleicht sogar surrealistisch?<\/p>\n<\/div><\/section><br \/>\n\n<style type=\"text\/css\" data-created_by=\"avia_inline_auto\" id=\"style-css-av-9o6el8-925d065327607fe797988f1e484eb348\">\n#top .hr.hr-invisible.av-9o6el8-925d065327607fe797988f1e484eb348{\nheight:10px;\n}\n<\/style>\n<div  class='hr av-9o6el8-925d065327607fe797988f1e484eb348 hr-invisible  avia-builder-el-5  el_after_av_textblock  el_before_av_masonry_gallery  avia-builder-el-last '><span class='hr-inner '><span class=\"hr-inner-style\"><\/span><\/span><\/div><br \/>\n\n<style type=\"text\/css\" data-created_by=\"avia_inline_auto\" id=\"style-css-av-9io60k-a4cc570980a22d476f39b3774e6241ff\">\n#top .av-masonry.av-9io60k-a4cc570980a22d476f39b3774e6241ff{\nbackground-color:#d69cbf;\n}\n<\/style>\n<div id='av-masonry-1' class='av-masonry av-9io60k-a4cc570980a22d476f39b3774e6241ff noHover av-fixed-size av-large-gap av-hover-overlay- av-masonry-animation-active av-masonry-col-2 av-caption-on-hover av-caption-style- av-masonry-gallery av-orientation-square ' data-post_id=\"2217\"><div class=\"av-masonry-container isotope av-js-disabled\"><div class='av-masonry-entry isotope-item av-masonry-item-no-image '><\/div><a href=\"https:\/\/floortjevanloon.nl\/wp-content\/uploads\/2025\/02\/Canvas.png\" data-srcset=\"https:\/\/floortjevanloon.nl\/wp-content\/uploads\/2025\/02\/Canvas.png 500w, https:\/\/floortjevanloon.nl\/wp-content\/uploads\/2025\/02\/Canvas-300x300.png 300w, https:\/\/floortjevanloon.nl\/wp-content\/uploads\/2025\/02\/Canvas-80x80.png 80w, https:\/\/floortjevanloon.nl\/wp-content\/uploads\/2025\/02\/Canvas-36x36.png 36w, https:\/\/floortjevanloon.nl\/wp-content\/uploads\/2025\/02\/Canvas-180x180.png 180w, https:\/\/floortjevanloon.nl\/wp-content\/uploads\/2025\/02\/Canvas-200x200.png 200w\" data-sizes=\"(max-width: 500px) 100vw, 500px\"  aria-label=\"Bild Segeltuch\"  id='av-masonry-1-item-12932' data-av-masonry-item='12932' class='av-masonry-entry isotope-item post-12932 attachment type-attachment status-inherit hentry  av-masonry-item-with-image' title=\"Segeltuch\" alt=\"\"    itemprop=\"thumbnailUrl\" ><div class='av-inner-masonry-sizer'><\/div><figure class='av-inner-masonry main_color'><div class=\"av-masonry-outerimage-container\"><div class='av-masonry-image-container' style=\"background-image: url(https:\/\/floortjevanloon.nl\/wp-content\/uploads\/2025\/02\/Canvas.png);\"  title=\"Segeltuch\" ><\/div><\/div><figcaption class='av-inner-masonry-content site-background'><div class='av-inner-masonry-content-pos'><div class='av-inner-masonry-content-pos-content'><div class='avia-arrow'><\/div><h3 class='av-masonry-entry-title entry-title '  itemprop=\"headline\" >Segeltuch<\/h3><\/div><\/div><\/figcaption><\/figure><\/a><!--end av-masonry entry--><a href=\"https:\/\/floortjevanloon.nl\/wp-content\/uploads\/2025\/01\/Bloemenveld.png\" data-srcset=\"https:\/\/floortjevanloon.nl\/wp-content\/uploads\/2025\/01\/Bloemenveld.png 500w, https:\/\/floortjevanloon.nl\/wp-content\/uploads\/2025\/01\/Bloemenveld-214x300.png 214w\" data-sizes=\"(max-width: 500px) 100vw, 500px\"  aria-label=\"Bild Bloemenveld\"  id='av-masonry-1-item-12319' data-av-masonry-item='12319' class='av-masonry-entry isotope-item post-12319 attachment type-attachment status-inherit hentry  av-masonry-item-with-image' title=\"Bloemenveld\" alt=\"\"    itemprop=\"thumbnailUrl\" ><div class='av-inner-masonry-sizer'><\/div><figure class='av-inner-masonry main_color'><div class=\"av-masonry-outerimage-container\"><div class='av-masonry-image-container' style=\"background-image: url(https:\/\/floortjevanloon.nl\/wp-content\/uploads\/2025\/01\/Bloemenveld.png);\"  title=\"Bloemenveld\" ><\/div><\/div><figcaption class='av-inner-masonry-content site-background'><div class='av-inner-masonry-content-pos'><div class='av-inner-masonry-content-pos-content'><div class='avia-arrow'><\/div><h3 class='av-masonry-entry-title entry-title '  itemprop=\"headline\" >Bloemenveld<\/h3><\/div><\/div><\/figcaption><\/figure><\/a><!--end av-masonry entry--><a href=\"https:\/\/floortjevanloon.nl\/wp-content\/uploads\/2025\/02\/canvas-1.png\" data-srcset=\"https:\/\/floortjevanloon.nl\/wp-content\/uploads\/2025\/02\/canvas-1.png 500w, https:\/\/floortjevanloon.nl\/wp-content\/uploads\/2025\/02\/canvas-1-300x300.png 300w, https:\/\/floortjevanloon.nl\/wp-content\/uploads\/2025\/02\/canvas-1-80x80.png 80w, https:\/\/floortjevanloon.nl\/wp-content\/uploads\/2025\/02\/canvas-1-36x36.png 36w, https:\/\/floortjevanloon.nl\/wp-content\/uploads\/2025\/02\/canvas-1-180x180.png 180w, https:\/\/floortjevanloon.nl\/wp-content\/uploads\/2025\/02\/canvas-1-200x200.png 200w\" data-sizes=\"(max-width: 500px) 100vw, 500px\"  aria-label=\"Bild canvas-1\"  id='av-masonry-1-item-12936' data-av-masonry-item='12936' class='av-masonry-entry isotope-item post-12936 attachment type-attachment status-inherit hentry  av-masonry-item-with-image' title=\"canvas-1\" alt=\"\"    itemprop=\"thumbnailUrl\" ><div class='av-inner-masonry-sizer'><\/div><figure class='av-inner-masonry main_color'><div class=\"av-masonry-outerimage-container\"><div class='av-masonry-image-container' style=\"background-image: url(https:\/\/floortjevanloon.nl\/wp-content\/uploads\/2025\/02\/canvas-1.png);\"  title=\"canvas-1\" ><\/div><\/div><figcaption class='av-inner-masonry-content site-background'><div class='av-inner-masonry-content-pos'><div class='av-inner-masonry-content-pos-content'><div class='avia-arrow'><\/div><h3 class='av-masonry-entry-title entry-title '  itemprop=\"headline\" >canvas-1<\/h3><\/div><\/div><\/figcaption><\/figure><\/a><!--end av-masonry entry--><a href=\"https:\/\/floortjevanloon.nl\/wp-content\/uploads\/2024\/12\/landschap-fall.png\" data-srcset=\"https:\/\/floortjevanloon.nl\/wp-content\/uploads\/2024\/12\/landschap-fall.png 700w, https:\/\/floortjevanloon.nl\/wp-content\/uploads\/2024\/12\/landschap-fall-300x214.png 300w, https:\/\/floortjevanloon.nl\/wp-content\/uploads\/2024\/12\/landschap-fall-260x185.png 260w\" data-sizes=\"(max-width: 700px) 100vw, 700px\"  aria-label=\"Bild landschap-fall\"  id='av-masonry-1-item-11690' data-av-masonry-item='11690' class='av-masonry-entry isotope-item post-11690 attachment type-attachment status-inherit hentry  av-masonry-item-with-image' title=\"landschap-fall\" alt=\"\"    itemprop=\"thumbnailUrl\" ><div class='av-inner-masonry-sizer'><\/div><figure class='av-inner-masonry main_color'><div class=\"av-masonry-outerimage-container\"><div class='av-masonry-image-container' style=\"background-image: url(https:\/\/floortjevanloon.nl\/wp-content\/uploads\/2024\/12\/landschap-fall.png);\"  title=\"landschap-fall\" ><\/div><\/div><figcaption class='av-inner-masonry-content site-background'><div class='av-inner-masonry-content-pos'><div class='av-inner-masonry-content-pos-content'><div class='avia-arrow'><\/div><h3 class='av-masonry-entry-title entry-title '  itemprop=\"headline\" >landschap-fall<\/h3><\/div><\/div><\/figcaption><\/figure><\/a><!--end av-masonry entry--><a href=\"https:\/\/floortjevanloon.nl\/wp-content\/uploads\/2024\/12\/Bos.png\" data-srcset=\"https:\/\/floortjevanloon.nl\/wp-content\/uploads\/2024\/12\/Bos.png 500w, https:\/\/floortjevanloon.nl\/wp-content\/uploads\/2024\/12\/Bos-220x300.png 220w\" data-sizes=\"(max-width: 500px) 100vw, 500px\"  aria-label=\"Bild Bos\"  id='av-masonry-1-item-11678' data-av-masonry-item='11678' class='av-masonry-entry isotope-item post-11678 attachment type-attachment status-inherit hentry  av-masonry-item-with-image' title=\"Bos\" alt=\"\"    itemprop=\"thumbnailUrl\" ><div class='av-inner-masonry-sizer'><\/div><figure class='av-inner-masonry main_color'><div class=\"av-masonry-outerimage-container\"><div class='av-masonry-image-container' style=\"background-image: url(https:\/\/floortjevanloon.nl\/wp-content\/uploads\/2024\/12\/Bos.png);\"  title=\"Bos\" ><\/div><\/div><figcaption class='av-inner-masonry-content site-background'><div class='av-inner-masonry-content-pos'><div class='av-inner-masonry-content-pos-content'><div class='avia-arrow'><\/div><h3 class='av-masonry-entry-title entry-title '  itemprop=\"headline\" >Bos<\/h3><\/div><\/div><\/figcaption><\/figure><\/a><!--end av-masonry entry--><a href=\"https:\/\/floortjevanloon.nl\/wp-content\/uploads\/2024\/12\/drama.png\" data-srcset=\"https:\/\/floortjevanloon.nl\/wp-content\/uploads\/2024\/12\/drama.png 500w, https:\/\/floortjevanloon.nl\/wp-content\/uploads\/2024\/12\/drama-300x300.png 300w, https:\/\/floortjevanloon.nl\/wp-content\/uploads\/2024\/12\/drama-80x80.png 80w, https:\/\/floortjevanloon.nl\/wp-content\/uploads\/2024\/12\/drama-36x36.png 36w, https:\/\/floortjevanloon.nl\/wp-content\/uploads\/2024\/12\/drama-180x180.png 180w\" data-sizes=\"(max-width: 500px) 100vw, 500px\"  aria-label=\"Bild Drama\"  id='av-masonry-1-item-11682' data-av-masonry-item='11682' class='av-masonry-entry isotope-item post-11682 attachment type-attachment status-inherit hentry  av-masonry-item-with-image' title=\"Drama\" alt=\"\"    itemprop=\"thumbnailUrl\" ><div class='av-inner-masonry-sizer'><\/div><figure class='av-inner-masonry main_color'><div class=\"av-masonry-outerimage-container\"><div class='av-masonry-image-container' style=\"background-image: url(https:\/\/floortjevanloon.nl\/wp-content\/uploads\/2024\/12\/drama.png);\"  title=\"Drama\" ><\/div><\/div><figcaption class='av-inner-masonry-content site-background'><div class='av-inner-masonry-content-pos'><div class='av-inner-masonry-content-pos-content'><div class='avia-arrow'><\/div><h3 class='av-masonry-entry-title entry-title '  itemprop=\"headline\" >Drama<\/h3><\/div><\/div><\/figcaption><\/figure><\/a><!--end av-masonry entry--><a href=\"https:\/\/floortjevanloon.nl\/wp-content\/uploads\/2024\/11\/461967154_1960176437832358_8441437690877002458_n.png\" data-srcset=\"https:\/\/floortjevanloon.nl\/wp-content\/uploads\/2024\/11\/461967154_1960176437832358_8441437690877002458_n.png 500w, https:\/\/floortjevanloon.nl\/wp-content\/uploads\/2024\/11\/461967154_1960176437832358_8441437690877002458_n-225x300.png 225w\" data-sizes=\"(max-width: 500px) 100vw, 500px\"  aria-label=\"Bild Bunte Blumen\"  id='av-masonry-1-item-10778' data-av-masonry-item='10778' class='av-masonry-entry isotope-item post-10778 attachment type-attachment status-inherit hentry  av-masonry-item-with-image' title=\"Bunte Blumen\" alt=\"\"    itemprop=\"thumbnailUrl\" ><div class='av-inner-masonry-sizer'><\/div><figure class='av-inner-masonry main_color'><div class=\"av-masonry-outerimage-container\"><div class='av-masonry-image-container' style=\"background-image: url(https:\/\/floortjevanloon.nl\/wp-content\/uploads\/2024\/11\/461967154_1960176437832358_8441437690877002458_n.png);\"  title=\"Bunte Blumen\" ><\/div><\/div><figcaption class='av-inner-masonry-content site-background'><div class='av-inner-masonry-content-pos'><div class='av-inner-masonry-content-pos-content'><div class='avia-arrow'><\/div><h3 class='av-masonry-entry-title entry-title '  itemprop=\"headline\" >Bunte Blumen<\/h3><\/div><\/div><\/figcaption><\/figure><\/a><!--end av-masonry entry--><a href=\"https:\/\/floortjevanloon.nl\/wp-content\/uploads\/2024\/08\/flowers-4.png\" data-srcset=\"https:\/\/floortjevanloon.nl\/wp-content\/uploads\/2024\/08\/flowers-4.png 500w, https:\/\/floortjevanloon.nl\/wp-content\/uploads\/2024\/08\/flowers-4-203x300.png 203w, https:\/\/floortjevanloon.nl\/wp-content\/uploads\/2024\/08\/flowers-4-476x705.png 476w\" data-sizes=\"(max-width: 500px) 100vw, 500px\"  aria-label=\"Bild flowers-4\"  id='av-masonry-1-item-8125' data-av-masonry-item='8125' class='av-masonry-entry isotope-item post-8125 attachment type-attachment status-inherit hentry  av-masonry-item-with-image' title=\"flowers-4\" alt=\"\"    itemprop=\"thumbnailUrl\" ><div class='av-inner-masonry-sizer'><\/div><figure class='av-inner-masonry main_color'><div class=\"av-masonry-outerimage-container\"><div class='av-masonry-image-container' style=\"background-image: url(https:\/\/floortjevanloon.nl\/wp-content\/uploads\/2024\/08\/flowers-4-476x705.png);\"  title=\"flowers-4\" ><\/div><\/div><figcaption class='av-inner-masonry-content site-background'><div class='av-inner-masonry-content-pos'><div class='av-inner-masonry-content-pos-content'><div class='avia-arrow'><\/div><h3 class='av-masonry-entry-title entry-title '  itemprop=\"headline\" >flowers-4<\/h3><\/div><\/div><\/figcaption><\/figure><\/a><!--end av-masonry entry--><a href=\"https:\/\/floortjevanloon.nl\/wp-content\/uploads\/2024\/08\/wall-12.png\" data-srcset=\"https:\/\/floortjevanloon.nl\/wp-content\/uploads\/2024\/08\/wall-12.png 500w, https:\/\/floortjevanloon.nl\/wp-content\/uploads\/2024\/08\/wall-12-300x300.png 300w, https:\/\/floortjevanloon.nl\/wp-content\/uploads\/2024\/08\/wall-12-80x80.png 80w, https:\/\/floortjevanloon.nl\/wp-content\/uploads\/2024\/08\/wall-12-36x36.png 36w, https:\/\/floortjevanloon.nl\/wp-content\/uploads\/2024\/08\/wall-12-180x180.png 180w\" data-sizes=\"(max-width: 500px) 100vw, 500px\"  aria-label=\"Bild wall-12\"  id='av-masonry-1-item-7729' data-av-masonry-item='7729' class='av-masonry-entry isotope-item post-7729 attachment type-attachment status-inherit hentry  av-masonry-item-with-image' title=\"wall-12\" alt=\"\"    itemprop=\"thumbnailUrl\" ><div class='av-inner-masonry-sizer'><\/div><figure class='av-inner-masonry main_color'><div class=\"av-masonry-outerimage-container\"><div class='av-masonry-image-container' style=\"background-image: url(https:\/\/floortjevanloon.nl\/wp-content\/uploads\/2024\/08\/wall-12.png);\"  title=\"wall-12\" ><\/div><\/div><figcaption class='av-inner-masonry-content site-background'><div class='av-inner-masonry-content-pos'><div class='av-inner-masonry-content-pos-content'><div class='avia-arrow'><\/div><h3 class='av-masonry-entry-title entry-title '  itemprop=\"headline\" >wall-12<\/h3><\/div><\/div><\/figcaption><\/figure><\/a><!--end av-masonry entry--><a href=\"https:\/\/floortjevanloon.nl\/wp-content\/uploads\/2024\/05\/A-still-klein-773x1030.jpg\" data-srcset=\"https:\/\/floortjevanloon.nl\/wp-content\/uploads\/2024\/05\/A-still-klein-773x1030.jpg 773w, https:\/\/floortjevanloon.nl\/wp-content\/uploads\/2024\/05\/A-still-klein-225x300.jpg 225w, https:\/\/floortjevanloon.nl\/wp-content\/uploads\/2024\/05\/A-still-klein-768x1024.jpg 768w, https:\/\/floortjevanloon.nl\/wp-content\/uploads\/2024\/05\/A-still-klein-529x705.jpg 529w, https:\/\/floortjevanloon.nl\/wp-content\/uploads\/2024\/05\/A-still-klein.jpg 864w\" data-sizes=\"(max-width: 773px) 100vw, 773px\"  aria-label=\"Bild Jahreszeiten\"  id='av-masonry-1-item-3641' data-av-masonry-item='3641' class='av-masonry-entry isotope-item post-3641 attachment type-attachment status-inherit hentry  av-masonry-item-with-image' title=\"Jahreszeiten\" alt=\"\"    itemprop=\"thumbnailUrl\" ><div class='av-inner-masonry-sizer'><\/div><figure class='av-inner-masonry main_color'><div class=\"av-masonry-outerimage-container\"><div class='av-masonry-image-container' style=\"background-image: url(https:\/\/floortjevanloon.nl\/wp-content\/uploads\/2024\/05\/A-still-klein-529x705.jpg);\"  title=\"Jahreszeiten\" ><\/div><\/div><figcaption class='av-inner-masonry-content site-background'><div class='av-inner-masonry-content-pos'><div class='av-inner-masonry-content-pos-content'><div class='avia-arrow'><\/div><h3 class='av-masonry-entry-title entry-title '  itemprop=\"headline\" >Jahreszeiten<\/h3><\/div><\/div><\/figcaption><\/figure><\/a><!--end av-masonry entry--><\/div><\/div><br \/>\n\n<style type=\"text\/css\" data-created_by=\"avia_inline_auto\" id=\"style-css-av-9ev558-7adda69fab7d3da6a76f458c68d858e6\">\n#top .hr.hr-invisible.av-9ev558-7adda69fab7d3da6a76f458c68d858e6{\nheight:10px;\n}\n<\/style>\n<div  class='hr av-9ev558-7adda69fab7d3da6a76f458c68d858e6 hr-invisible  avia-builder-el-7  el_after_av_masonry_gallery  avia-builder-el-no-sibling '><span class='hr-inner '><span class=\"hr-inner-style\"><\/span><\/span><\/div><\/p>\n<\/div><\/div>\n<style type=\"text\/css\" data-created_by=\"avia_inline_auto\" id=\"style-css-av-95dk2s-7b1f372106710331febd7ef685363c8c\">\n.flex_cell.av-95dk2s-7b1f372106710331febd7ef685363c8c{\nvertical-align:middle;\nbackground:url(https:\/\/floortjevanloon.nl\/wp-content\/uploads\/2023\/09\/seizoenen.png) 100% 50% no-repeat fixed ;\n}\n.responsive #top #wrap_all .flex_cell.av-95dk2s-7b1f372106710331febd7ef685363c8c{\npadding:100px 0px 30px 100px !important;\n}\n<\/style>\n<div class='flex_cell av-95dk2s-7b1f372106710331febd7ef685363c8c av-gridrow-cell av_one_half no_margin av-hide-on-mobile  avia-builder-el-8  el_after_av_cell_one_half  avia-builder-el-last  content-align-middle avia-full-contain'  ><div class='flex_cell_inner'><\/div><\/div><\/div>\n","protected":false},"excerpt":{"rendered":"","protected":false},"author":1,"featured_media":0,"parent":0,"menu_order":0,"comment_status":"closed","ping_status":"closed","template":"","meta":{"footnotes":""},"class_list":["post-2217","page","type-page","status-publish","hentry"],"_links":{"self":[{"href":"https:\/\/floortjevanloon.nl\/de\/wp-json\/wp\/v2\/pages\/2217","targetHints":{"allow":["GET"]}}],"collection":[{"href":"https:\/\/floortjevanloon.nl\/de\/wp-json\/wp\/v2\/pages"}],"about":[{"href":"https:\/\/floortjevanloon.nl\/de\/wp-json\/wp\/v2\/types\/page"}],"author":[{"embeddable":true,"href":"https:\/\/floortjevanloon.nl\/de\/wp-json\/wp\/v2\/users\/1"}],"replies":[{"embeddable":true,"href":"https:\/\/floortjevanloon.nl\/de\/wp-json\/wp\/v2\/comments?post=2217"}],"version-history":[{"count":0,"href":"https:\/\/floortjevanloon.nl\/de\/wp-json\/wp\/v2\/pages\/2217\/revisions"}],"wp:attachment":[{"href":"https:\/\/floortjevanloon.nl\/de\/wp-json\/wp\/v2\/media?parent=2217"}],"curies":[{"name":"wp","href":"https:\/\/api.w.org\/{rel}","templated":true}]}}