{"id":2166,"date":"2023-10-27T12:10:09","date_gmt":"2023-10-27T12:10:09","guid":{"rendered":"https:\/\/floortjevanloon.nl\/stadtkatze\/"},"modified":"2025-02-05T10:44:41","modified_gmt":"2025-02-05T10:44:41","slug":"stadtkatze","status":"publish","type":"page","link":"https:\/\/floortjevanloon.nl\/de\/stadtkatze\/","title":{"rendered":"Stadtkatze"},"content":{"rendered":"<div id='recent'  class='av-layout-grid-container av-ahgaek-3ec57f06fc0db8e986033c7f4be3c801 entry-content-wrapper main_color av-flex-cells  avia-builder-el-0  avia-builder-el-no-sibling  av-cell-min-height av-cell-min-height-100  container_wrap sidebar_left'   data-av_minimum_height_pc='100'>\n\n<style type=\"text\/css\" data-created_by=\"avia_inline_auto\" id=\"style-css-av-ac9es4-ccdb56163aded27ece417471ea5797d1\">\n.flex_cell.av-ac9es4-ccdb56163aded27ece417471ea5797d1{\nvertical-align:middle;\nbackground-color:#1d7a8e;\n}\n.responsive #top #wrap_all .flex_cell.av-ac9es4-ccdb56163aded27ece417471ea5797d1{\npadding:100px 30px 30px 30px !important;\n}\n<\/style>\n<div class='flex_cell av-ac9es4-ccdb56163aded27ece417471ea5797d1 av-gridrow-cell av_one_half no_margin  avia-builder-el-1  el_before_av_cell_one_half  avia-builder-el-first  content-align-middle avia-full-contain'  ><div class='flex_cell_inner'><p>\n<style type=\"text\/css\" data-created_by=\"avia_inline_auto\" id=\"style-css-av-a598uk-7dd3db68f5f282e0038ff8620c3f9ab5\">\n#top .av-special-heading.av-a598uk-7dd3db68f5f282e0038ff8620c3f9ab5{\npadding-bottom:0;\ncolor:#020202;\nfont-size:60px;\n}\nbody .av-special-heading.av-a598uk-7dd3db68f5f282e0038ff8620c3f9ab5 .av-special-heading-tag .heading-char{\nfont-size:25px;\n}\n#top #wrap_all .av-special-heading.av-a598uk-7dd3db68f5f282e0038ff8620c3f9ab5 .av-special-heading-tag{\nfont-size:60px;\n}\n.av-special-heading.av-a598uk-7dd3db68f5f282e0038ff8620c3f9ab5 .special-heading-inner-border{\nborder-color:#020202;\n}\n.av-special-heading.av-a598uk-7dd3db68f5f282e0038ff8620c3f9ab5 .av-subheading{\nfont-size:15px;\n}\n\n@media only screen and (min-width: 480px) and (max-width: 767px){ \n#top #wrap_all .av-special-heading.av-a598uk-7dd3db68f5f282e0038ff8620c3f9ab5 .av-special-heading-tag{\nfont-size:0.8em;\n}\n}\n\n@media only screen and (max-width: 479px){ \n#top #wrap_all .av-special-heading.av-a598uk-7dd3db68f5f282e0038ff8620c3f9ab5 .av-special-heading-tag{\nfont-size:0.8em;\n}\n}\n<\/style>\n<div  class='av-special-heading av-a598uk-7dd3db68f5f282e0038ff8620c3f9ab5 av-special-heading-h1 custom-color-heading blockquote modern-quote modern-centered  avia-builder-el-2  el_before_av_video  avia-builder-el-first  av-inherit-size'><h1 class='av-special-heading-tag '  itemprop=\"headline\"  >Die Stadtkatze<\/h1><div class=\"special-heading-border\"><div class=\"special-heading-inner-border\"><\/div><\/div><\/div><br \/>\n<div  class='avia-video av-lo8pal38-e3790ceb03fc14b1bd6de918c9458348 avia-video-16-9 av-no-preview-image avia-video-load-always av-lazyload-immediate av-lazyload-video-embed'  itemprop=\"video\" itemtype=\"https:\/\/schema.org\/VideoObject\"  data-original_url='https:\/\/youtu.be\/KgoN4Y7Ak3M?si=IK7rXw1CeNr3M0J5'><script type='text\/html' class='av-video-tmpl'><div class='avia-iframe-wrap'><iframe loading=\"lazy\" title=\"Overhandiging Kunstwerk aan Wethouder\" width=\"1500\" height=\"844\" src=\"https:\/\/www.youtube.com\/embed\/KgoN4Y7Ak3M?feature=oembed&autoplay=0&loop=0&controls=1&mute=0\" frameborder=\"0\" allow=\"accelerometer; autoplay; clipboard-write; encrypted-media; gyroscope; picture-in-picture; web-share\" referrerpolicy=\"strict-origin-when-cross-origin\" allowfullscreen><\/iframe><\/div><\/script><div class='av-click-to-play-overlay'><div class=\"avia_playpause_icon\"><\/div><\/div><\/div><br \/>\n\n<style type=\"text\/css\" data-created_by=\"avia_inline_auto\" id=\"style-css-av-a33w4k-d152f91e4444795fa792e6bbe106ce37\">\n#top .hr.av-a33w4k-d152f91e4444795fa792e6bbe106ce37{\nmargin-top:30px;\nmargin-bottom:30px;\n}\n.hr.av-a33w4k-d152f91e4444795fa792e6bbe106ce37 .hr-inner{\nwidth:50px;\nborder-color:#ffffff;\n}\n<\/style>\n<div  class='hr av-a33w4k-d152f91e4444795fa792e6bbe106ce37 hr-custom  avia-builder-el-4  el_after_av_video  el_before_av_textblock  hr-center hr-icon-no'><span class='hr-inner inner-border-av-border-fat'><span class=\"hr-inner-style\"><\/span><\/span><\/div><br \/>\n\n<style type=\"text\/css\" data-created_by=\"avia_inline_auto\" id=\"style-css-av-9s8o0s-1b5dc935964ed64ad71013c07d6069df\">\n#top .av_textblock_section.av-9s8o0s-1b5dc935964ed64ad71013c07d6069df .avia_textblock{\nfont-size:16px;\ncolor:#000000;\n}\n<\/style>\n<section  class='av_textblock_section av-9s8o0s-1b5dc935964ed64ad71013c07d6069df '   itemscope=\"itemscope\" itemtype=\"https:\/\/schema.org\/CreativeWork\" ><div class='avia_textblock av_inherit_color'  itemprop=\"text\" ><p style=\"text-align: center;\">W\u00e4hrend der Atelierroute Almelo, am letzten Septemberwochenende 2023, wurden Dennis Zanoni und ich von der Stadtr\u00e4tin Margreet Overmeen-Bakhuis besucht, zu deren Ressort die Kultur in Almelo geh\u00f6rt. Wir haben unser offenes Atelier in der Kleinen Kirche in der Market Street 78 abgehalten. Ich habe ihr auch die von mir hergestellte Stadtkatze von Almelo gezeigt, und sie war sofort begeistert. Sie bewunderte meine Arbeit, mein k\u00fcnstlerisches Schaffen und mich als Person.<\/p>\n<p>Sofort kam ich auf die Idee, ihr die Stadtkatze anzubieten, damit sie sie vor\u00fcbergehend in ihrem B\u00fcro im Rathaus von Almelo aufh\u00e4ngt. Dies gelang. Am Mittwoch, dem 18. Oktober 2023, pr\u00e4sentierte ich das Werk gemeinsam mit Bertine Elzink von der Kleinen Kirche und Dennis Zanoni, meinem Mann und inspirierenden K\u00fcnstler.<\/p>\n<p>Aavisie, der Rundfunksender von Almelo, kam, um \u00fcber die Veranstaltung zu berichten. Es war ein lustiges, gesch\u00e4ftiges und entspanntes Zusammensein. Die Stadtkatze wurde vom Stadtrat und Dennis sofort an die Wand geh\u00e4ngt. Die Beleuchtung ist gut, so dass die Arbeit gut zur Geltung kommt.<\/p>\n<p>Der Stadtrat war sehr erfreut und ich gl\u00fccklich, begeistert und stolz, dass die Stadtkatze von Almelo ein vor\u00fcbergehendes Zuhause gefunden hat. Mit dem geheimen Wunsch, dass alle, die im Rathaus arbeiten, kommen und Margreets Stadtkatze von Almelo bewundern.<\/p>\n<\/div><\/section><br \/>\n\n<style type=\"text\/css\" data-created_by=\"avia_inline_auto\" id=\"style-css-av-9o6el8-925d065327607fe797988f1e484eb348\">\n#top .hr.hr-invisible.av-9o6el8-925d065327607fe797988f1e484eb348{\nheight:10px;\n}\n<\/style>\n<div  class='hr av-9o6el8-925d065327607fe797988f1e484eb348 hr-invisible  avia-builder-el-6  el_after_av_textblock  el_before_av_masonry_gallery  avia-builder-el-last '><span class='hr-inner '><span class=\"hr-inner-style\"><\/span><\/span><\/div><br \/>\n<br \/>\n\n<style type=\"text\/css\" data-created_by=\"avia_inline_auto\" id=\"style-css-av-9ev558-7adda69fab7d3da6a76f458c68d858e6\">\n#top .hr.hr-invisible.av-9ev558-7adda69fab7d3da6a76f458c68d858e6{\nheight:10px;\n}\n<\/style>\n<div  class='hr av-9ev558-7adda69fab7d3da6a76f458c68d858e6 hr-invisible  avia-builder-el-8  el_after_av_masonry_gallery  avia-builder-el-no-sibling '><span class='hr-inner '><span class=\"hr-inner-style\"><\/span><\/span><\/div><\/p>\n<\/div><\/div>\n<style type=\"text\/css\" data-created_by=\"avia_inline_auto\" id=\"style-css-av-95dk2s-43f0ac0c8c41980c1f5f591b5961c6fc\">\n.flex_cell.av-95dk2s-43f0ac0c8c41980c1f5f591b5961c6fc{\nvertical-align:middle;\nbackground:url(https:\/\/floortjevanloon.nl\/wp-content\/uploads\/2023\/10\/STADSKAT-ALMELO.png) 100% 50% no-repeat fixed ;\n}\n.responsive #top #wrap_all .flex_cell.av-95dk2s-43f0ac0c8c41980c1f5f591b5961c6fc{\npadding:100px 30px 30px 30px !important;\n}\n<\/style>\n<div class='flex_cell av-95dk2s-43f0ac0c8c41980c1f5f591b5961c6fc av-gridrow-cell av_one_half no_margin av-hide-on-mobile  avia-builder-el-9  el_after_av_cell_one_half  avia-builder-el-last  content-align-middle avia-full-contain'  ><div class='flex_cell_inner'><\/div><\/div><\/div>\n","protected":false},"excerpt":{"rendered":"","protected":false},"author":1,"featured_media":0,"parent":0,"menu_order":0,"comment_status":"closed","ping_status":"closed","template":"","meta":{"footnotes":""},"class_list":["post-2166","page","type-page","status-publish","hentry"],"_links":{"self":[{"href":"https:\/\/floortjevanloon.nl\/de\/wp-json\/wp\/v2\/pages\/2166","targetHints":{"allow":["GET"]}}],"collection":[{"href":"https:\/\/floortjevanloon.nl\/de\/wp-json\/wp\/v2\/pages"}],"about":[{"href":"https:\/\/floortjevanloon.nl\/de\/wp-json\/wp\/v2\/types\/page"}],"author":[{"embeddable":true,"href":"https:\/\/floortjevanloon.nl\/de\/wp-json\/wp\/v2\/users\/1"}],"replies":[{"embeddable":true,"href":"https:\/\/floortjevanloon.nl\/de\/wp-json\/wp\/v2\/comments?post=2166"}],"version-history":[{"count":0,"href":"https:\/\/floortjevanloon.nl\/de\/wp-json\/wp\/v2\/pages\/2166\/revisions"}],"wp:attachment":[{"href":"https:\/\/floortjevanloon.nl\/de\/wp-json\/wp\/v2\/media?parent=2166"}],"curies":[{"name":"wp","href":"https:\/\/api.w.org\/{rel}","templated":true}]}}