{"id":2137,"date":"2023-09-16T09:04:09","date_gmt":"2023-09-16T09:04:09","guid":{"rendered":"https:\/\/floortjevanloon.nl\/landschaften\/"},"modified":"2025-08-27T12:55:37","modified_gmt":"2025-08-27T12:55:37","slug":"landschaften","status":"publish","type":"page","link":"https:\/\/floortjevanloon.nl\/de\/landschaften\/","title":{"rendered":"Landschaften"},"content":{"rendered":"<div id='recent'  class='av-layout-grid-container av-ahgaek-3ec57f06fc0db8e986033c7f4be3c801 entry-content-wrapper main_color av-flex-cells  avia-builder-el-0  avia-builder-el-no-sibling  av-cell-min-height av-cell-min-height-100  container_wrap sidebar_left'   data-av_minimum_height_pc='100'>\n\n<style type=\"text\/css\" data-created_by=\"avia_inline_auto\" id=\"style-css-av-ac9es4-0d329763c7349c53a7fbe8de828fa29e\">\n.flex_cell.av-ac9es4-0d329763c7349c53a7fbe8de828fa29e{\nvertical-align:middle;\nbackground-color:#fcb8e5;\n}\n.responsive #top #wrap_all .flex_cell.av-ac9es4-0d329763c7349c53a7fbe8de828fa29e{\npadding:100px 30px 30px 30px !important;\n}\n<\/style>\n<div class='flex_cell av-ac9es4-0d329763c7349c53a7fbe8de828fa29e av-gridrow-cell av_one_half no_margin  avia-builder-el-1  el_before_av_cell_one_half  avia-builder-el-first  content-align-middle avia-full-contain'  ><div class='flex_cell_inner'><p>\n<style type=\"text\/css\" data-created_by=\"avia_inline_auto\" id=\"style-css-av-a598uk-b05d62af03dc7c29cf08c1779f9838ee\">\n#top .av-special-heading.av-a598uk-b05d62af03dc7c29cf08c1779f9838ee{\npadding-bottom:0;\ncolor:#020202;\nfont-size:60px;\n}\nbody .av-special-heading.av-a598uk-b05d62af03dc7c29cf08c1779f9838ee .av-special-heading-tag .heading-char{\nfont-size:25px;\n}\n#top #wrap_all .av-special-heading.av-a598uk-b05d62af03dc7c29cf08c1779f9838ee .av-special-heading-tag{\nfont-size:60px;\n}\n.av-special-heading.av-a598uk-b05d62af03dc7c29cf08c1779f9838ee .special-heading-inner-border{\nborder-color:#020202;\n}\n.av-special-heading.av-a598uk-b05d62af03dc7c29cf08c1779f9838ee .av-subheading{\nfont-size:15px;\n}\n\n@media only screen and (min-width: 480px) and (max-width: 767px){ \n#top #wrap_all .av-special-heading.av-a598uk-b05d62af03dc7c29cf08c1779f9838ee .av-special-heading-tag{\nfont-size:0.8em;\n}\n}\n\n@media only screen and (max-width: 479px){ \n#top #wrap_all .av-special-heading.av-a598uk-b05d62af03dc7c29cf08c1779f9838ee .av-special-heading-tag{\nfont-size:0.8em;\n}\n}\n<\/style>\n<div  class='av-special-heading av-a598uk-b05d62af03dc7c29cf08c1779f9838ee av-special-heading-h1 custom-color-heading blockquote modern-quote modern-centered  avia-builder-el-2  el_before_av_hr  avia-builder-el-first  av-inherit-size'><h1 class='av-special-heading-tag '  itemprop=\"headline\"  >Landschaften<\/h1><div class=\"special-heading-border\"><div class=\"special-heading-inner-border\"><\/div><\/div><\/div><br \/>\n\n<style type=\"text\/css\" data-created_by=\"avia_inline_auto\" id=\"style-css-av-a33w4k-d152f91e4444795fa792e6bbe106ce37\">\n#top .hr.av-a33w4k-d152f91e4444795fa792e6bbe106ce37{\nmargin-top:30px;\nmargin-bottom:30px;\n}\n.hr.av-a33w4k-d152f91e4444795fa792e6bbe106ce37 .hr-inner{\nwidth:50px;\nborder-color:#ffffff;\n}\n<\/style>\n<div  class='hr av-a33w4k-d152f91e4444795fa792e6bbe106ce37 hr-custom  avia-builder-el-3  el_after_av_heading  el_before_av_textblock  hr-center hr-icon-no'><span class='hr-inner inner-border-av-border-fat'><span class=\"hr-inner-style\"><\/span><\/span><\/div><br \/>\n\n<style type=\"text\/css\" data-created_by=\"avia_inline_auto\" id=\"style-css-av-9s8o0s-1b5dc935964ed64ad71013c07d6069df\">\n#top .av_textblock_section.av-9s8o0s-1b5dc935964ed64ad71013c07d6069df .avia_textblock{\nfont-size:16px;\ncolor:#000000;\n}\n<\/style>\n<section  class='av_textblock_section av-9s8o0s-1b5dc935964ed64ad71013c07d6069df '   itemscope=\"itemscope\" itemtype=\"https:\/\/schema.org\/CreativeWork\" ><div class='avia_textblock av_inherit_color'  itemprop=\"text\" ><p style=\"text-align: center;\">  Diese Sammlung von Fotocollagen, die mit Photoshop erstellt wurden, erforscht die vielf\u00e4ltige und oft widerspr\u00fcchliche Natur von Landschaften und Jahreszeiten. Durch sorgf\u00e4ltig komponierte Bilder wird das Thema &#8220;Es ist nicht immer das, was es zu sein scheint&#8220; auf eine visuell und emotional starke Weise ausgedr\u00fcckt.<\/p>\n<\/div><\/section><br \/>\n\n<style type=\"text\/css\" data-created_by=\"avia_inline_auto\" id=\"style-css-av-9o6el8-925d065327607fe797988f1e484eb348\">\n#top .hr.hr-invisible.av-9o6el8-925d065327607fe797988f1e484eb348{\nheight:10px;\n}\n<\/style>\n<div  class='hr av-9o6el8-925d065327607fe797988f1e484eb348 hr-invisible  avia-builder-el-5  el_after_av_textblock  el_before_av_masonry_gallery  avia-builder-el-last '><span class='hr-inner '><span class=\"hr-inner-style\"><\/span><\/span><\/div><br \/>\n\n<style type=\"text\/css\" data-created_by=\"avia_inline_auto\" id=\"style-css-av-9io60k-e6a2506962d6cde76adea9951ec44140\">\n#top .av-masonry.av-9io60k-e6a2506962d6cde76adea9951ec44140{\nbackground-color:#d69cbf;\n}\n<\/style>\n<div id='av-masonry-1' class='av-masonry av-9io60k-e6a2506962d6cde76adea9951ec44140 noHover av-fixed-size av-large-gap av-hover-overlay- av-masonry-animation-active av-masonry-col-2 av-caption-on-hover av-caption-style- av-masonry-gallery av-orientation-square ' data-post_id=\"2137\"><div class=\"av-masonry-container isotope av-js-disabled\"><div class='av-masonry-entry isotope-item av-masonry-item-no-image '><\/div><a href=\"https:\/\/floortjevanloon.nl\/wp-content\/uploads\/2024\/11\/hope.png\" data-srcset=\"https:\/\/floortjevanloon.nl\/wp-content\/uploads\/2024\/11\/hope.png 740w, https:\/\/floortjevanloon.nl\/wp-content\/uploads\/2024\/11\/hope-300x203.png 300w, https:\/\/floortjevanloon.nl\/wp-content\/uploads\/2024\/11\/hope-705x476.png 705w\" data-sizes=\"(max-width: 740px) 100vw, 740px\"  aria-label=\"Bild Hoffnung\"  id='av-masonry-1-item-10802' data-av-masonry-item='10802' class='av-masonry-entry isotope-item post-10802 attachment type-attachment status-inherit hentry  av-masonry-item-with-image' title=\"Hoffnung\" alt=\"\"    itemprop=\"thumbnailUrl\" ><div class='av-inner-masonry-sizer'><\/div><figure class='av-inner-masonry main_color'><div class=\"av-masonry-outerimage-container\"><div class='av-masonry-image-container' style=\"background-image: url(https:\/\/floortjevanloon.nl\/wp-content\/uploads\/2024\/11\/hope-705x476.png);\"  title=\"Hoffnung\" ><\/div><\/div><figcaption class='av-inner-masonry-content site-background'><div class='av-inner-masonry-content-pos'><div class='av-inner-masonry-content-pos-content'><div class='avia-arrow'><\/div><h3 class='av-masonry-entry-title entry-title '  itemprop=\"headline\" >Hoffnung<\/h3><\/div><\/div><\/figcaption><\/figure><\/a><!--end av-masonry entry--><a href=\"https:\/\/floortjevanloon.nl\/wp-content\/uploads\/2024\/08\/wall-12.png\" data-srcset=\"https:\/\/floortjevanloon.nl\/wp-content\/uploads\/2024\/08\/wall-12.png 500w, https:\/\/floortjevanloon.nl\/wp-content\/uploads\/2024\/08\/wall-12-300x300.png 300w, https:\/\/floortjevanloon.nl\/wp-content\/uploads\/2024\/08\/wall-12-80x80.png 80w, https:\/\/floortjevanloon.nl\/wp-content\/uploads\/2024\/08\/wall-12-36x36.png 36w, https:\/\/floortjevanloon.nl\/wp-content\/uploads\/2024\/08\/wall-12-180x180.png 180w\" data-sizes=\"(max-width: 500px) 100vw, 500px\"  aria-label=\"Bild wall-12\"  id='av-masonry-1-item-7729' data-av-masonry-item='7729' class='av-masonry-entry isotope-item post-7729 attachment type-attachment status-inherit hentry  av-masonry-item-with-image' title=\"wall-12\" alt=\"\"    itemprop=\"thumbnailUrl\" ><div class='av-inner-masonry-sizer'><\/div><figure class='av-inner-masonry main_color'><div class=\"av-masonry-outerimage-container\"><div class='av-masonry-image-container' style=\"background-image: url(https:\/\/floortjevanloon.nl\/wp-content\/uploads\/2024\/08\/wall-12.png);\"  title=\"wall-12\" ><\/div><\/div><figcaption class='av-inner-masonry-content site-background'><div class='av-inner-masonry-content-pos'><div class='av-inner-masonry-content-pos-content'><div class='avia-arrow'><\/div><h3 class='av-masonry-entry-title entry-title '  itemprop=\"headline\" >wall-12<\/h3><\/div><\/div><\/figcaption><\/figure><\/a><!--end av-masonry entry--><a href=\"https:\/\/floortjevanloon.nl\/wp-content\/uploads\/2024\/08\/451999667_1900047413845261_1002767911539640949_n.png\" data-srcset=\"https:\/\/floortjevanloon.nl\/wp-content\/uploads\/2024\/08\/451999667_1900047413845261_1002767911539640949_n.png 500w, https:\/\/floortjevanloon.nl\/wp-content\/uploads\/2024\/08\/451999667_1900047413845261_1002767911539640949_n-300x300.png 300w, https:\/\/floortjevanloon.nl\/wp-content\/uploads\/2024\/08\/451999667_1900047413845261_1002767911539640949_n-80x80.png 80w, https:\/\/floortjevanloon.nl\/wp-content\/uploads\/2024\/08\/451999667_1900047413845261_1002767911539640949_n-36x36.png 36w, https:\/\/floortjevanloon.nl\/wp-content\/uploads\/2024\/08\/451999667_1900047413845261_1002767911539640949_n-180x180.png 180w\" data-sizes=\"(max-width: 500px) 100vw, 500px\"  aria-label=\"Bild 451999667_1900047413845261_1002767911539640949_n\"  id='av-masonry-1-item-7685' data-av-masonry-item='7685' class='av-masonry-entry isotope-item post-7685 attachment type-attachment status-inherit hentry  av-masonry-item-with-image' title=\"451999667_1900047413845261_1002767911539640949_n\" alt=\"\"    itemprop=\"thumbnailUrl\" ><div class='av-inner-masonry-sizer'><\/div><figure class='av-inner-masonry main_color'><div class=\"av-masonry-outerimage-container\"><div class='av-masonry-image-container' style=\"background-image: url(https:\/\/floortjevanloon.nl\/wp-content\/uploads\/2024\/08\/451999667_1900047413845261_1002767911539640949_n.png);\"  title=\"451999667_1900047413845261_1002767911539640949_n\" ><\/div><\/div><figcaption class='av-inner-masonry-content site-background'><div class='av-inner-masonry-content-pos'><div class='av-inner-masonry-content-pos-content'><div class='avia-arrow'><\/div><h3 class='av-masonry-entry-title entry-title '  itemprop=\"headline\" >451999667_1900047413845261_1002767911539640949_n<\/h3><\/div><\/div><\/figcaption><\/figure><\/a><!--end av-masonry entry--><a href=\"https:\/\/floortjevanloon.nl\/wp-content\/uploads\/2024\/08\/lake.png\" data-srcset=\"https:\/\/floortjevanloon.nl\/wp-content\/uploads\/2024\/08\/lake.png 500w, https:\/\/floortjevanloon.nl\/wp-content\/uploads\/2024\/08\/lake-300x300.png 300w, https:\/\/floortjevanloon.nl\/wp-content\/uploads\/2024\/08\/lake-80x80.png 80w, https:\/\/floortjevanloon.nl\/wp-content\/uploads\/2024\/08\/lake-36x36.png 36w, https:\/\/floortjevanloon.nl\/wp-content\/uploads\/2024\/08\/lake-180x180.png 180w\" data-sizes=\"(max-width: 500px) 100vw, 500px\"  aria-label=\"Bild lake\"  id='av-masonry-1-item-7673' data-av-masonry-item='7673' class='av-masonry-entry isotope-item post-7673 attachment type-attachment status-inherit hentry  av-masonry-item-with-image' title=\"lake\" alt=\"\"    itemprop=\"thumbnailUrl\" ><div class='av-inner-masonry-sizer'><\/div><figure class='av-inner-masonry main_color'><div class=\"av-masonry-outerimage-container\"><div class='av-masonry-image-container' style=\"background-image: url(https:\/\/floortjevanloon.nl\/wp-content\/uploads\/2024\/08\/lake.png);\"  title=\"lake\" ><\/div><\/div><figcaption class='av-inner-masonry-content site-background'><div class='av-inner-masonry-content-pos'><div class='av-inner-masonry-content-pos-content'><div class='avia-arrow'><\/div><h3 class='av-masonry-entry-title entry-title '  itemprop=\"headline\" >lake<\/h3><\/div><\/div><\/figcaption><\/figure><\/a><!--end av-masonry entry--><a href=\"https:\/\/floortjevanloon.nl\/wp-content\/uploads\/2024\/08\/walking-couple.png\" data-srcset=\"https:\/\/floortjevanloon.nl\/wp-content\/uploads\/2024\/08\/walking-couple.png 544w, https:\/\/floortjevanloon.nl\/wp-content\/uploads\/2024\/08\/walking-couple-300x276.png 300w\" data-sizes=\"(max-width: 544px) 100vw, 544px\"  aria-label=\"Bild walking-couple\"  id='av-masonry-1-item-7681' data-av-masonry-item='7681' class='av-masonry-entry isotope-item post-7681 attachment type-attachment status-inherit hentry  av-masonry-item-with-image' title=\"walking-couple\" alt=\"\"    itemprop=\"thumbnailUrl\" ><div class='av-inner-masonry-sizer'><\/div><figure class='av-inner-masonry main_color'><div class=\"av-masonry-outerimage-container\"><div class='av-masonry-image-container' style=\"background-image: url(https:\/\/floortjevanloon.nl\/wp-content\/uploads\/2024\/08\/walking-couple.png);\"  title=\"walking-couple\" ><\/div><\/div><figcaption class='av-inner-masonry-content site-background'><div class='av-inner-masonry-content-pos'><div class='av-inner-masonry-content-pos-content'><div class='avia-arrow'><\/div><h3 class='av-masonry-entry-title entry-title '  itemprop=\"headline\" >walking-couple<\/h3><\/div><\/div><\/figcaption><\/figure><\/a><!--end av-masonry entry--><a href=\"https:\/\/floortjevanloon.nl\/wp-content\/uploads\/2023\/09\/city-garden.png\" data-srcset=\"https:\/\/floortjevanloon.nl\/wp-content\/uploads\/2023\/09\/city-garden.png 354w, https:\/\/floortjevanloon.nl\/wp-content\/uploads\/2023\/09\/city-garden-212x300.png 212w\" data-sizes=\"(max-width: 354px) 100vw, 354px\"  aria-label=\"Bild Stadtgarten\"  id='av-masonry-1-item-20152' data-av-masonry-item='20152' class='av-masonry-entry isotope-item post-20152 attachment type-attachment status-inherit hentry  av-masonry-item-with-image' title=\"Stadtgarten\" alt=\"\"    itemprop=\"thumbnailUrl\" ><div class='av-inner-masonry-sizer'><\/div><figure class='av-inner-masonry main_color'><div class=\"av-masonry-outerimage-container\"><div class='av-masonry-image-container' style=\"background-image: url(https:\/\/floortjevanloon.nl\/wp-content\/uploads\/2023\/09\/city-garden.png);\"  title=\"Stadtgarten\" ><\/div><\/div><figcaption class='av-inner-masonry-content site-background'><div class='av-inner-masonry-content-pos'><div class='av-inner-masonry-content-pos-content'><div class='avia-arrow'><\/div><h3 class='av-masonry-entry-title entry-title '  itemprop=\"headline\" >Stadtgarten<\/h3><\/div><\/div><\/figcaption><\/figure><\/a><!--end av-masonry entry--><a href=\"https:\/\/floortjevanloon.nl\/wp-content\/uploads\/2024\/08\/Garden.png\" data-srcset=\"https:\/\/floortjevanloon.nl\/wp-content\/uploads\/2024\/08\/Garden.png 500w, https:\/\/floortjevanloon.nl\/wp-content\/uploads\/2024\/08\/Garden-300x300.png 300w, https:\/\/floortjevanloon.nl\/wp-content\/uploads\/2024\/08\/Garden-80x80.png 80w, https:\/\/floortjevanloon.nl\/wp-content\/uploads\/2024\/08\/Garden-36x36.png 36w, https:\/\/floortjevanloon.nl\/wp-content\/uploads\/2024\/08\/Garden-180x180.png 180w\" data-sizes=\"(max-width: 500px) 100vw, 500px\"  aria-label=\"Bild Garden\"  id='av-masonry-1-item-7669' data-av-masonry-item='7669' class='av-masonry-entry isotope-item post-7669 attachment type-attachment status-inherit hentry  av-masonry-item-with-image' title=\"Garden\" alt=\"\"    itemprop=\"thumbnailUrl\" ><div class='av-inner-masonry-sizer'><\/div><figure class='av-inner-masonry main_color'><div class=\"av-masonry-outerimage-container\"><div class='av-masonry-image-container' style=\"background-image: url(https:\/\/floortjevanloon.nl\/wp-content\/uploads\/2024\/08\/Garden.png);\"  title=\"Garden\" ><\/div><\/div><figcaption class='av-inner-masonry-content site-background'><div class='av-inner-masonry-content-pos'><div class='av-inner-masonry-content-pos-content'><div class='avia-arrow'><\/div><h3 class='av-masonry-entry-title entry-title '  itemprop=\"headline\" >Garden<\/h3><\/div><\/div><\/figcaption><\/figure><\/a><!--end av-masonry entry--><a href=\"https:\/\/floortjevanloon.nl\/wp-content\/uploads\/2023\/09\/house-ai.png\" data-srcset=\"https:\/\/floortjevanloon.nl\/wp-content\/uploads\/2023\/09\/house-ai.png 500w, https:\/\/floortjevanloon.nl\/wp-content\/uploads\/2023\/09\/house-ai-300x300.png 300w, https:\/\/floortjevanloon.nl\/wp-content\/uploads\/2023\/09\/house-ai-80x80.png 80w, https:\/\/floortjevanloon.nl\/wp-content\/uploads\/2023\/09\/house-ai-36x36.png 36w, https:\/\/floortjevanloon.nl\/wp-content\/uploads\/2023\/09\/house-ai-180x180.png 180w\" data-sizes=\"(max-width: 500px) 100vw, 500px\"  aria-label=\"Bild Haus KI\"  id='av-masonry-1-item-20154' data-av-masonry-item='20154' class='av-masonry-entry isotope-item post-20154 attachment type-attachment status-inherit hentry  av-masonry-item-with-image' title=\"Haus KI\" alt=\"\"    itemprop=\"thumbnailUrl\" ><div class='av-inner-masonry-sizer'><\/div><figure class='av-inner-masonry main_color'><div class=\"av-masonry-outerimage-container\"><div class='av-masonry-image-container' style=\"background-image: url(https:\/\/floortjevanloon.nl\/wp-content\/uploads\/2023\/09\/house-ai.png);\"  title=\"Haus KI\" ><\/div><\/div><figcaption class='av-inner-masonry-content site-background'><div class='av-inner-masonry-content-pos'><div class='av-inner-masonry-content-pos-content'><div class='avia-arrow'><\/div><h3 class='av-masonry-entry-title entry-title '  itemprop=\"headline\" >Haus KI<\/h3><\/div><\/div><\/figcaption><\/figure><\/a><!--end av-masonry entry--><a href=\"https:\/\/floortjevanloon.nl\/wp-content\/uploads\/2023\/10\/man-on.png\" data-srcset=\"https:\/\/floortjevanloon.nl\/wp-content\/uploads\/2023\/10\/man-on.png 500w, https:\/\/floortjevanloon.nl\/wp-content\/uploads\/2023\/10\/man-on-300x300.png 300w, https:\/\/floortjevanloon.nl\/wp-content\/uploads\/2023\/10\/man-on-80x80.png 80w, https:\/\/floortjevanloon.nl\/wp-content\/uploads\/2023\/10\/man-on-36x36.png 36w, https:\/\/floortjevanloon.nl\/wp-content\/uploads\/2023\/10\/man-on-180x180.png 180w\" data-sizes=\"(max-width: 500px) 100vw, 500px\"  aria-label=\"Bild man on\"  id='av-masonry-1-item-2150' data-av-masonry-item='2150' class='av-masonry-entry isotope-item post-2150 attachment type-attachment status-inherit hentry  av-masonry-item-with-image' title=\"man on\" alt=\"\"    itemprop=\"thumbnailUrl\" ><div class='av-inner-masonry-sizer'><\/div><figure class='av-inner-masonry main_color'><div class=\"av-masonry-outerimage-container\"><div class='av-masonry-image-container' style=\"background-image: url(https:\/\/floortjevanloon.nl\/wp-content\/uploads\/2023\/10\/man-on.png);\"  title=\"man on\" ><\/div><\/div><figcaption class='av-inner-masonry-content site-background'><div class='av-inner-masonry-content-pos'><div class='av-inner-masonry-content-pos-content'><div class='avia-arrow'><\/div><h3 class='av-masonry-entry-title entry-title '  itemprop=\"headline\" >man on<\/h3><\/div><\/div><\/figcaption><\/figure><\/a><!--end av-masonry entry--><a href=\"https:\/\/floortjevanloon.nl\/wp-content\/uploads\/2023\/12\/Darkside-png.png\" data-srcset=\"https:\/\/floortjevanloon.nl\/wp-content\/uploads\/2023\/12\/Darkside-png.png 500w, https:\/\/floortjevanloon.nl\/wp-content\/uploads\/2023\/12\/Darkside-png-300x300.png 300w, https:\/\/floortjevanloon.nl\/wp-content\/uploads\/2023\/12\/Darkside-png-80x80.png 80w, https:\/\/floortjevanloon.nl\/wp-content\/uploads\/2023\/12\/Darkside-png-36x36.png 36w, https:\/\/floortjevanloon.nl\/wp-content\/uploads\/2023\/12\/Darkside-png-180x180.png 180w\" data-sizes=\"(max-width: 500px) 100vw, 500px\"  aria-label=\"Bild darkside\"  id='av-masonry-1-item-20004' data-av-masonry-item='20004' class='av-masonry-entry isotope-item post-20004 attachment type-attachment status-inherit hentry  av-masonry-item-with-image' title=\"darkside\" alt=\"\"    itemprop=\"thumbnailUrl\" ><div class='av-inner-masonry-sizer'><\/div><figure class='av-inner-masonry main_color'><div class=\"av-masonry-outerimage-container\"><div class='av-masonry-image-container' style=\"background-image: url(https:\/\/floortjevanloon.nl\/wp-content\/uploads\/2023\/12\/Darkside-png.png);\"  title=\"darkside\" ><\/div><\/div><figcaption class='av-inner-masonry-content site-background'><div class='av-inner-masonry-content-pos'><div class='av-inner-masonry-content-pos-content'><div class='avia-arrow'><\/div><h3 class='av-masonry-entry-title entry-title '  itemprop=\"headline\" >darkside<\/h3><\/div><\/div><\/figcaption><\/figure><\/a><!--end av-masonry entry--><a href=\"https:\/\/floortjevanloon.nl\/wp-content\/uploads\/2024\/06\/on-fire.png\" data-srcset=\"https:\/\/floortjevanloon.nl\/wp-content\/uploads\/2024\/06\/on-fire.png 500w, https:\/\/floortjevanloon.nl\/wp-content\/uploads\/2024\/06\/on-fire-203x300.png 203w, https:\/\/floortjevanloon.nl\/wp-content\/uploads\/2024\/06\/on-fire-476x705.png 476w\" data-sizes=\"(max-width: 500px) 100vw, 500px\"  aria-label=\"Bild on-fire\"  id='av-masonry-1-item-5199' data-av-masonry-item='5199' class='av-masonry-entry isotope-item post-5199 attachment type-attachment status-inherit hentry  av-masonry-item-with-image' title=\"on-fire\" alt=\"\"    itemprop=\"thumbnailUrl\" ><div class='av-inner-masonry-sizer'><\/div><figure class='av-inner-masonry main_color'><div class=\"av-masonry-outerimage-container\"><div class='av-masonry-image-container' style=\"background-image: url(https:\/\/floortjevanloon.nl\/wp-content\/uploads\/2024\/06\/on-fire-476x705.png);\"  title=\"on-fire\" ><\/div><\/div><figcaption class='av-inner-masonry-content site-background'><div class='av-inner-masonry-content-pos'><div class='av-inner-masonry-content-pos-content'><div class='avia-arrow'><\/div><h3 class='av-masonry-entry-title entry-title '  itemprop=\"headline\" >on-fire<\/h3><\/div><\/div><\/figcaption><\/figure><\/a><!--end av-masonry entry--><a href=\"https:\/\/floortjevanloon.nl\/wp-content\/uploads\/2024\/06\/chaos.png\" data-srcset=\"https:\/\/floortjevanloon.nl\/wp-content\/uploads\/2024\/06\/chaos.png 500w, https:\/\/floortjevanloon.nl\/wp-content\/uploads\/2024\/06\/chaos-200x300.png 200w, https:\/\/floortjevanloon.nl\/wp-content\/uploads\/2024\/06\/chaos-470x705.png 470w\" data-sizes=\"(max-width: 500px) 100vw, 500px\"  aria-label=\"Bild chaos\"  id='av-masonry-1-item-5792' data-av-masonry-item='5792' class='av-masonry-entry isotope-item post-5792 attachment type-attachment status-inherit hentry  av-masonry-item-with-image' title=\"chaos\" alt=\"\"    itemprop=\"thumbnailUrl\" ><div class='av-inner-masonry-sizer'><\/div><figure class='av-inner-masonry main_color'><div class=\"av-masonry-outerimage-container\"><div class='av-masonry-image-container' style=\"background-image: url(https:\/\/floortjevanloon.nl\/wp-content\/uploads\/2024\/06\/chaos-470x705.png);\"  title=\"chaos\" ><\/div><\/div><figcaption class='av-inner-masonry-content site-background'><div class='av-inner-masonry-content-pos'><div class='av-inner-masonry-content-pos-content'><div class='avia-arrow'><\/div><h3 class='av-masonry-entry-title entry-title '  itemprop=\"headline\" >chaos<\/h3><\/div><\/div><\/figcaption><\/figure><\/a><!--end av-masonry entry--><a href=\"https:\/\/floortjevanloon.nl\/wp-content\/uploads\/2024\/06\/trees-abstrakt.png\" data-srcset=\"https:\/\/floortjevanloon.nl\/wp-content\/uploads\/2024\/06\/trees-abstrakt.png 500w, https:\/\/floortjevanloon.nl\/wp-content\/uploads\/2024\/06\/trees-abstrakt-235x300.png 235w\" data-sizes=\"(max-width: 500px) 100vw, 500px\"  aria-label=\"Bild B\u00e4ume\"  id='av-masonry-1-item-5808' data-av-masonry-item='5808' class='av-masonry-entry isotope-item post-5808 attachment type-attachment status-inherit hentry  av-masonry-item-with-image' title=\"B\u00e4ume\" alt=\"\"    itemprop=\"thumbnailUrl\" ><div class='av-inner-masonry-sizer'><\/div><figure class='av-inner-masonry main_color'><div class=\"av-masonry-outerimage-container\"><div class='av-masonry-image-container' style=\"background-image: url(https:\/\/floortjevanloon.nl\/wp-content\/uploads\/2024\/06\/trees-abstrakt.png);\"  title=\"B\u00e4ume\" ><\/div><\/div><figcaption class='av-inner-masonry-content site-background'><div class='av-inner-masonry-content-pos'><div class='av-inner-masonry-content-pos-content'><div class='avia-arrow'><\/div><h3 class='av-masonry-entry-title entry-title '  itemprop=\"headline\" >B\u00e4ume<\/h3><\/div><\/div><\/figcaption><\/figure><\/a><!--end av-masonry entry--><\/div><\/div><br \/>\n\n<style type=\"text\/css\" data-created_by=\"avia_inline_auto\" id=\"style-css-av-9ev558-7adda69fab7d3da6a76f458c68d858e6\">\n#top .hr.hr-invisible.av-9ev558-7adda69fab7d3da6a76f458c68d858e6{\nheight:10px;\n}\n<\/style>\n<div  class='hr av-9ev558-7adda69fab7d3da6a76f458c68d858e6 hr-invisible  avia-builder-el-7  el_after_av_masonry_gallery  avia-builder-el-no-sibling '><span class='hr-inner '><span class=\"hr-inner-style\"><\/span><\/span><\/div><\/p>\n<\/div><\/div>\n<style type=\"text\/css\" data-created_by=\"avia_inline_auto\" id=\"style-css-av-95dk2s-96f904726dafa39c44830adebea57647\">\n.flex_cell.av-95dk2s-96f904726dafa39c44830adebea57647{\nvertical-align:middle;\nbackground:url(https:\/\/floortjevanloon.nl\/wp-content\/uploads\/2023\/09\/forest-cr.png) 100% 0% no-repeat fixed ;\n}\n.responsive #top #wrap_all .flex_cell.av-95dk2s-96f904726dafa39c44830adebea57647{\npadding:100px 30px 30px 30px !important;\n}\n<\/style>\n<div class='flex_cell av-95dk2s-96f904726dafa39c44830adebea57647 av-gridrow-cell av_one_half no_margin av-hide-on-mobile  avia-builder-el-8  el_after_av_cell_one_half  avia-builder-el-last  content-align-middle avia-full-contain'  ><div class='flex_cell_inner'><\/div><\/div><\/div>\n","protected":false},"excerpt":{"rendered":"","protected":false},"author":1,"featured_media":0,"parent":0,"menu_order":0,"comment_status":"closed","ping_status":"closed","template":"","meta":{"footnotes":""},"class_list":["post-2137","page","type-page","status-publish","hentry"],"_links":{"self":[{"href":"https:\/\/floortjevanloon.nl\/de\/wp-json\/wp\/v2\/pages\/2137","targetHints":{"allow":["GET"]}}],"collection":[{"href":"https:\/\/floortjevanloon.nl\/de\/wp-json\/wp\/v2\/pages"}],"about":[{"href":"https:\/\/floortjevanloon.nl\/de\/wp-json\/wp\/v2\/types\/page"}],"author":[{"embeddable":true,"href":"https:\/\/floortjevanloon.nl\/de\/wp-json\/wp\/v2\/users\/1"}],"replies":[{"embeddable":true,"href":"https:\/\/floortjevanloon.nl\/de\/wp-json\/wp\/v2\/comments?post=2137"}],"version-history":[{"count":0,"href":"https:\/\/floortjevanloon.nl\/de\/wp-json\/wp\/v2\/pages\/2137\/revisions"}],"wp:attachment":[{"href":"https:\/\/floortjevanloon.nl\/de\/wp-json\/wp\/v2\/media?parent=2137"}],"curies":[{"name":"wp","href":"https:\/\/api.w.org\/{rel}","templated":true}]}}